{"id":10287,"date":"2025-02-07T10:56:42","date_gmt":"2025-02-07T09:56:42","guid":{"rendered":"https:\/\/ffgleo.de\/wp\/?page_id=10287"},"modified":"2026-02-26T13:52:27","modified_gmt":"2026-02-26T12:52:27","slug":"faecherwahl-sekundarstufe-ii","status":"publish","type":"page","link":"https:\/\/ffgleo.de\/wp\/?page_id=10287","title":{"rendered":"F\u00e4cherwahl Sekundarstufe II"},"content":{"rendered":"\n<p>Du m\u00f6chtest im n\u00e4chsten Jahr die Oberstufe belegen? Dann bist du bei uns an der Felix-Fechenbach-Gesamtschule genau richtig. Hier erwartet dich eine Oberstufe mit etwa 100 Mitsch\u00fclerinnen und Mitsch\u00fclern, netten Lehrerinnen und Lehrern und einem breiten F\u00e4cherangebot. Da bei der F\u00e4cherwahl einige Dinge beachtet werden m\u00fcssen, haben wir dir hier alle wichtigen Informationen bereitgestellt.<\/p>\n\n\n\n<p>Das <strong>L<\/strong>aufbahnberatungs- <strong>u<\/strong>nd <strong>P<\/strong>lanungstool f\u00fcr die <strong>O<\/strong>berstufe LuPO<\/p>\n\n\n\n<p>Das Windows Programm LuPO zur F\u00e4cherwahl in der Oberstufe wird vom Schulministerium kostenlos zur Verf\u00fcgung gestellt. Sofern du Zugriff auf einen Windows-Rechner hast, kannst du dir das Programm herunterladen und anhand der Testdatei deinen Weg zum Abitur planen.<\/p>\n\n\n\n<p>Solltest du das Programm nicht installieren k\u00f6nnen, kannst du das Programm an den Rechnern im Selbstlernzentrum nutzen oder du schaust dir die nachfolgenden Dateien an und \u00fcberlegst ohne technische Unterst\u00fctzung, was f\u00fcr dich die optimale F\u00e4cherwahl ist.<\/p>\n\n\n\n<p>Lade das Programm LuPO mit dem folgenden Downloadlink herunter und installiere es:<\/p>\n\n\n\n<p>Download: <a href=\"https:\/\/www.svws.nrw.de\/system\/files\/zip_und_exe\/2023-11\/setup_lupo_2_1_7_2_1.exe\" target=\"_blank\" rel=\"noreferrer noopener\">LuPO-Programmdateien.exe<\/a><br><\/p>\n\n\n\n<p>\u00d6ffnest du die <a href=\"http:\/\/ffgleo.de\/wp\/wp-content\/uploads\/2025\/03\/F%C3%A4cherwahlOberstufe.lup\">Testdatei<\/a> mit dem Passwort &#8222;0000&#8220;, siehst du das folgende Fenster.<\/p>\n\n\n\n<p><strong>F\u00e4cherangebot<\/strong><\/p>\n\n\n\n<figure class=\"wp-block-image size-large\"><a href=\"https:\/\/ffgleo.de\/wp\/wp-content\/uploads\/2025\/02\/Faecherwahl-1.png\" target=\"_blank\" rel=\" noreferrer noopener\"><img loading=\"lazy\" decoding=\"async\" width=\"1024\" height=\"530\" src=\"https:\/\/ffgleo.de\/wp\/wp-content\/uploads\/2025\/02\/Faecherwahl-1-1024x530.png\" alt=\"\" class=\"wp-image-10299\" srcset=\"https:\/\/ffgleo.de\/wp\/wp-content\/uploads\/2025\/02\/Faecherwahl-1-1024x530.png 1024w, https:\/\/ffgleo.de\/wp\/wp-content\/uploads\/2025\/02\/Faecherwahl-1-300x155.png 300w, https:\/\/ffgleo.de\/wp\/wp-content\/uploads\/2025\/02\/Faecherwahl-1-768x397.png 768w, https:\/\/ffgleo.de\/wp\/wp-content\/uploads\/2025\/02\/Faecherwahl-1-1536x795.png 1536w, https:\/\/ffgleo.de\/wp\/wp-content\/uploads\/2025\/02\/Faecherwahl-1-348x180.png 348w, https:\/\/ffgleo.de\/wp\/wp-content\/uploads\/2025\/02\/Faecherwahl-1.png 1917w\" sizes=\"auto, (max-width: 1024px) 100vw, 1024px\" \/><\/a><\/figure>\n\n\n\n<p><\/p>\n\n\n\n<p>Links siehst du alle F\u00e4cher, die dir zur Auswahl stehen. Rot unterlegt sind die F\u00e4cher aus dem sprachlich-k\u00fcnstlerischen Bereich, gr\u00fcn unterlegt sind die F\u00e4cher aus dem gesellschaftswissenschaftlichen Bereich und blau unterlegt sind die F\u00e4cher aus dem naturwissenschaftlichen Bereich.<\/p>\n\n\n\n<p>Im mittleren Bereich werden die Wahlen der jeweiligen F\u00e4cher halbjahresweise eingetragen. F\u00fcr dich entscheidend ist zun\u00e4chst nur die Wahl f\u00fcr die Einf\u00fchrungsphase (EF). Da deine F\u00e4cherwahl f\u00fcr die Einf\u00fchrungsphase, deine Wahlm\u00f6glichkeiten f\u00fcr die Qualifikationsphase einschr\u00e4nkt, ist es wichtig, dass du dir erste Gedanken \u00fcber dein Abitur bereits jetzt machst.<\/p>\n\n\n\n<p>Rechts findest du die landesweiten Vorgaben zur F\u00e4cherbelegung in der Oberstufe, die erf\u00fcllt sein m\u00fcssen. Wenn am Ende deiner Wahl alle Vorgaben erf\u00fcllt sind, sollte dort kein Hinweis mehr stehen.<\/p>\n\n\n\n<p><strong>Schritt 1: Festlegen der Fremdsprachen<\/strong><\/p>\n\n\n\n<p>Zun\u00e4chst gibst du an, welche Fremdsprachen du bereits belegt hast. Da du Englisch bereits seit der Grundschule lernst, w\u00e4hlst du in der Spalte Sprachfolge hier die Zahl 1 f\u00fcr die 1. Fremdsprache in der benachbarten Spalte erscheint automatisch eine 5, das bedeutet, dass du mindestens seit der 5. Klasse Englisch gelernt hast. Hast du eine weitere Fremdsprache (Franz\u00f6sisch F7 oder Latein L9) bereits ab Klasse 7 (Franz\u00f6sisch) oder ab Klasse 9 (Latein) durchgehend belegt, ist dieses deine 2.&nbsp;Fremdsprache. In diesem Fall dort eine zwei eintragen, in der benachbarten Spalte erscheint dann automatisch eine 7 bzw. 9.<\/p>\n\n\n\n<p>Hast du noch keine zweite Fremdsprache belegt, so musst du in der Einf\u00fchrungsphase entweder Franz\u00f6sisch (F0) oder Spanisch belegen (S0).<\/p>\n\n\n\n<p>Im Beispiel hat der Sch\u00fcler seit mindestens Klasse 5 das Fach Englisch belegt. Da er keine zweite Fremdsprache gelernt hat, hat er sich f\u00fcr Franz\u00f6sisch ab der Einf\u00fchrungsphase (F0) entschieden.<\/p>\n\n\n\n<figure class=\"wp-block-image size-full is-resized\"><a href=\"https:\/\/ffgleo.de\/wp\/wp-content\/uploads\/2025\/02\/Faecherwahl-2.png\" target=\"_blank\" rel=\" noreferrer noopener\"><img loading=\"lazy\" decoding=\"async\" width=\"385\" height=\"236\" src=\"https:\/\/ffgleo.de\/wp\/wp-content\/uploads\/2025\/02\/Faecherwahl-2.png\" alt=\"\" class=\"wp-image-10300\" style=\"width:600px;height:auto\" srcset=\"https:\/\/ffgleo.de\/wp\/wp-content\/uploads\/2025\/02\/Faecherwahl-2.png 385w, https:\/\/ffgleo.de\/wp\/wp-content\/uploads\/2025\/02\/Faecherwahl-2-300x184.png 300w, https:\/\/ffgleo.de\/wp\/wp-content\/uploads\/2025\/02\/Faecherwahl-2-294x180.png 294w\" sizes=\"auto, (max-width: 385px) 100vw, 385px\" \/><\/a><\/figure>\n\n\n\n<p><\/p>\n\n\n\n<p><strong>Schritt 2: Wahl der \u201eklassischen Hauptf\u00e4cher\u201c<\/strong><\/p>\n\n\n\n<p>In der Einf\u00fchrungsphase werden alle F\u00e4cher dreist\u00fcndig unterrichtet (Ausnahme: neu einsetzende Fremdsprache S0 und F0, diese sind vierst\u00fcndig), weshalb es keine Haupt- und Nebenf\u00e4cher mehr gibt, sondern generell von Grundkursen gesprochen wird.<\/p>\n\n\n\n<p>Verpflichtend f\u00fcr dich ist die Fortf\u00fchrung der ersten Fremdsprache Englisch. Durch einen Doppelklick in der Spalte Einf\u00fchrungsphase EF 1 erscheint in diesem K\u00e4stchen der Buchstabe S. Der Buchstabe S steht daf\u00fcr, dass dieses Fach schriftlich belegt ist, es m\u00fcssen also pro Halbjahr zwei Klausuren in Englisch geschrieben werden.<\/p>\n\n\n\n<p>Ebenfalls m\u00fcssen die F\u00e4cher Deutsch und Mathematik schriftlich belegt werden, auch in diesen F\u00e4chern werden pro Halbjahr zwei Klausuren geschrieben.<\/p>\n\n\n\n<p>Hast du Franz\u00f6sisch seit Klasse 7 gelernt, hast du damit gezeigt, dass du eine zweite Fremdsprache beherrschst. Du kannst Franz\u00f6sisch fortf\u00fchren, musst es aber nicht.<\/p>\n\n\n\n<p>Hast du Latein seit Klasse 7 gelernt, musst du diese Fremdsprache fortf\u00fchren, um das Latinum zu erhalten.<\/p>\n\n\n\n<p>Hast du keine zweite Fremdsprache gelernt, musst du entweder Franz\u00f6sisch oder Spanisch belegen. Dieses Fach ist ebenfalls schriftlich zu belegen und es werden zwei Klausuren pro Halbjahr geschrieben. &nbsp;<\/p>\n\n\n\n<p>Im Beispiel hat der Sch\u00fcler die Kurse Deutsch, Englisch und Mathematik schriftlich belegt au\u00dferdem muss er eine zweite Fremdsprache lernen, hier hat er sich f\u00fcr Franz\u00f6sisch entschieden.<\/p>\n\n\n\n<figure class=\"wp-block-image size-full is-resized\"><a href=\"https:\/\/ffgleo.de\/wp\/wp-content\/uploads\/2025\/02\/Faecherwahl-3.png\" target=\"_blank\" rel=\" noreferrer noopener\"><img loading=\"lazy\" decoding=\"async\" width=\"505\" height=\"707\" src=\"https:\/\/ffgleo.de\/wp\/wp-content\/uploads\/2025\/02\/Faecherwahl-3.png\" alt=\"\" class=\"wp-image-10302\" style=\"width:504px;height:auto\" srcset=\"https:\/\/ffgleo.de\/wp\/wp-content\/uploads\/2025\/02\/Faecherwahl-3.png 505w, https:\/\/ffgleo.de\/wp\/wp-content\/uploads\/2025\/02\/Faecherwahl-3-214x300.png 214w, https:\/\/ffgleo.de\/wp\/wp-content\/uploads\/2025\/02\/Faecherwahl-3-129x180.png 129w\" sizes=\"auto, (max-width: 505px) 100vw, 505px\" \/><\/a><\/figure>\n\n\n\n<p><\/p>\n\n\n\n<p><strong>Schritt 3: Wahl der \u201eklassischen Nebenf\u00e4cher\u201c<\/strong><\/p>\n\n\n\n<p>Weiterhin ist das Fach Sport verpflichtend. Dieses kann nur m\u00fcndlich belegt werden. Zun\u00e4chst erscheint durch den Doppelklick ein S, durch einen erneuten Doppelklick erscheint ein M. M\u00fcndlich bedeutet, dass keine Klausur geschrieben wird und die Note sich aus der Mitarbeit im Unterricht ergibt.<\/p>\n\n\n\n<p>Nun musst du dich zwischen den F\u00e4chern Kunst und Musik (derzeit nur m\u00fcndlich) und ebenfalls zwischen den F\u00e4chern Religion und Philosophie entscheiden. Au\u00dferdem muss das Fach Geschichte oder Sozialwissenschaften belegt werden. Du darfst auch Geschichte <strong>und<\/strong> Sozialwissenschaften w\u00e4hlen.<\/p>\n\n\n\n<p>Diese F\u00e4cher k\u00f6nnen von dir entweder schriftlich oder m\u00fcndlich belegt werden. In den \u201eklassischen Nebenf\u00e4chern\u201c wird in der Einf\u00fchrungsphase nur eine Klausur pro Halbjahr geschrieben.<\/p>\n\n\n\n<p>Verpflichtend muss au\u00dferdem eine Gesellschaftswissenschaft (Erdkunde, Geschichte, P\u00e4dagogik bzw. Sozialwissenschaften) und eine Naturwissenschaft (Physik, Chemie bzw. Biologie) gew\u00e4hlt werden, wobei mindestens eine Gesellschaftswissenschaft und eine Naturwissenschaft schriftlich gew\u00e4hlt werden m\u00fcssen.<\/p>\n\n\n\n<p><strong>Schritt 4: Schwerpunktbildung<\/strong><\/p>\n\n\n\n<p>Eine weitere Vorgabe des Landes ist, dass jeder einen fachlichen Schwerpunkt setzen muss. Es m\u00fcssen entweder durchgehend von der EF bis einschlie\u00dflich Q2 zwei Fremdsprachen belegt werden oder es m\u00fcssen zwei Naturwissenschaften (au\u00dfer Mathe) belegt werden.<\/p>\n\n\n\n<p>Manche erf\u00fcllen sogar beide Bedingungen, zwei Fremdsprachen und zwei Naturwissenschaften bis zum Abitur.<\/p>\n\n\n\n<p>Eine bis dahin g\u00fcltige Wahl k\u00f6nnte so aussehen:<\/p>\n\n\n\n<figure class=\"wp-block-image size-full\"><a href=\"https:\/\/ffgleo.de\/wp\/wp-content\/uploads\/2025\/02\/Faecherwahl-4.png\" target=\"_blank\" rel=\" noreferrer noopener\"><img loading=\"lazy\" decoding=\"async\" width=\"509\" height=\"798\" src=\"https:\/\/ffgleo.de\/wp\/wp-content\/uploads\/2025\/02\/Faecherwahl-4.png\" alt=\"\" class=\"wp-image-10303\" srcset=\"https:\/\/ffgleo.de\/wp\/wp-content\/uploads\/2025\/02\/Faecherwahl-4.png 509w, https:\/\/ffgleo.de\/wp\/wp-content\/uploads\/2025\/02\/Faecherwahl-4-191x300.png 191w, https:\/\/ffgleo.de\/wp\/wp-content\/uploads\/2025\/02\/Faecherwahl-4-115x180.png 115w\" sizes=\"auto, (max-width: 509px) 100vw, 509px\" \/><\/a><\/figure>\n\n\n\n<p><\/p>\n\n\n\n<p><strong>Schritt 5: Auff\u00fcllen der Stunden.<\/strong><\/p>\n\n\n\n<p>Unten auf der Seite (im Beispiel oben rote Felder) wird angezeigt, wie viele Kurse und wie viele Wochenstunden in der Einf\u00fchrungsphase belegt sind. In der Einf\u00fchrungsphase m\u00fcssen 10 Kurse (ohne Vertiefungskurs) belegt sein. Durchschnittlich m\u00fcssen in der Einf\u00fchrungsphase 34 Wochenstunden pro Halbjahr belegt sein.<\/p>\n\n\n\n<p><strong>ACHTUNG! Die wichtigsten Regeln f\u00fcr die weiteren Wahlen<\/strong><\/p>\n\n\n\n<p>F\u00fcr alle weiteren Wahlen der Oberstufe gilt: wurde ein Fach im vorherigen Halbjahr nicht belegt, so kann es nicht mehr dazu gew\u00e4hlt werden. Das bedeutet, wenn man ein Fach in der Einf\u00fchrungsphase nicht belegt hat, kann man dieses in der Qualifikationsphase nicht mehr w\u00e4hlen (Ausnahme: Literatur und Projektfach).<\/p>\n\n\n\n<p><strong>Die Abiturpr\u00fcfung:<\/strong><\/p>\n\n\n\n<p>Die Abiturpr\u00fcfung besteht aus drei schriftlichen F\u00e4chern (zwei Leistungskurse und ein Grundkurs) sowie einem m\u00fcndlichen Fach (ein Grundkurs). Alle vier F\u00e4cher m\u00fcssen zusammen dabei die drei Anforderungsbereiche: sprachlich, gesellschaftlich und naturwissenschaftlich abdecken, wobei zwei der vier F\u00e4cher im Bereich Fremdsprache, Deutsch und Mathe liegen m\u00fcssen.<\/p>\n\n\n\n<p><strong>Wahl des Leistungskurses:<\/strong><\/p>\n\n\n\n<p>In der Qualifikationsphase m\u00fcssen zwei Leistungskurse gew\u00e4hlt werden. Der erste Leistungskurs muss dabei entweder Deutsch, Englisch, Mathematik oder Biologie sein. Beim zweiten Leistungskurs stehen euch die F\u00e4cher Deutsch, Englisch, Mathematik, Biologie, Erdkunde, P\u00e4dagogik und Geschichte zur Wahl.<\/p>\n\n\n\n<p><strong>Wahl des dritten und vierten Pr\u00fcfungsfaches:<\/strong><\/p>\n\n\n\n<p>Das dritte und vierte Abiturfach m\u00fcssen in der Qualifikationsphase dauerhaft schriftlich belegt werden.<\/p>\n\n\n\n<p>Au\u00dferdem gilt: werden die F\u00e4cher Geschichte und Sozialwissenschaften in der Qualifikationsphase I nicht belegt, so m\u00fcssen sie in der Qualifikationsphase II belegt werden. Diese Kurse werden Zusatzkurse genannt.<\/p>\n\n\n\n<p>In der Einf\u00fchrungsphase werden Vertiefungskurse in Mathematik und Englisch angeboten. Diese sind als zus\u00e4tzliche Unterrichtsstunden in den jeweiligen F\u00e4chern zu verstehen, in denen Inhalte des Mathematik- oder Englischunterrichts erneut erkl\u00e4rt werden k\u00f6nnen. Diese Kurse richten sich vor allem an diejenigen, die Probleme in den jeweiligen F\u00e4chern haben.<\/p>\n\n\n\n<p>Da es sinnvoll ist, sich mit den Konsequenzen der eigenen Wahl in der Einf\u00fchrungsphase auf die folgenden Jahre zu besch\u00e4ftigen, klickt ihr nach der zul\u00e4ssigen Wahl des ersten Halbjahres der Einf\u00fchrungsphase auf den Button \u201eHochschreiben\u201c. Damit wird dir deine Oberstufenlaufbahn gezeigt. W\u00e4hlt nun den ersten und den zweiten Leistungskurs sowie das dritte und vierte Abiturfach. Es ist gut, wenn ihr m\u00f6glichst viele verschiedene M\u00f6glichkeiten habt, da sich manchmal in der Einf\u00fchrungsphase die eigenen Pl\u00e4ne ver\u00e4ndern.<\/p>\n\n\n\n<p>Ein Plan bis zum Abitur k\u00f6nnte wie folgt aussehen:<\/p>\n\n\n\n<p>Hier wurde zwar ein naturwissenschaftlicher Schwerpunkt gesetzt, aber es wurde auch der sprachliche Schwerpunkt erf\u00fcllt.<\/p>\n\n\n\n<figure class=\"wp-block-image size-full\"><a href=\"https:\/\/ffgleo.de\/wp\/wp-content\/uploads\/2025\/02\/Faecherwahl-5.png\" target=\"_blank\" rel=\" noreferrer noopener\"><img loading=\"lazy\" decoding=\"async\" width=\"843\" height=\"789\" src=\"https:\/\/ffgleo.de\/wp\/wp-content\/uploads\/2025\/02\/Faecherwahl-5.png\" alt=\"\" class=\"wp-image-10304\" srcset=\"https:\/\/ffgleo.de\/wp\/wp-content\/uploads\/2025\/02\/Faecherwahl-5.png 843w, https:\/\/ffgleo.de\/wp\/wp-content\/uploads\/2025\/02\/Faecherwahl-5-300x281.png 300w, https:\/\/ffgleo.de\/wp\/wp-content\/uploads\/2025\/02\/Faecherwahl-5-768x719.png 768w, https:\/\/ffgleo.de\/wp\/wp-content\/uploads\/2025\/02\/Faecherwahl-5-192x180.png 192w\" sizes=\"auto, (max-width: 843px) 100vw, 843px\" \/><\/a><\/figure>\n\n\n\n<p><\/p>\n","protected":false},"excerpt":{"rendered":"<p>Du m\u00f6chtest im n\u00e4chsten Jahr die Oberstufe belegen? Dann bist du bei uns an der Felix-Fechenbach-Gesamtschule genau richtig. Hier erwartet dich eine Oberstufe mit etwa 100 Mitsch\u00fclerinnen und Mitsch\u00fclern, netten Lehrerinnen und Lehrern und einem breiten F\u00e4cherangebot. Da bei der F\u00e4cherwahl einige Dinge beachtet werden m\u00fcssen, haben wir dir hier &hellip;<\/p>\n","protected":false},"author":9,"featured_media":0,"parent":0,"menu_order":0,"comment_status":"closed","ping_status":"closed","template":"","meta":{"footnotes":""},"class_list":["post-10287","page","type-page","status-publish","hentry"],"_links":{"self":[{"href":"https:\/\/ffgleo.de\/wp\/index.php?rest_route=\/wp\/v2\/pages\/10287","targetHints":{"allow":["GET"]}}],"collection":[{"href":"https:\/\/ffgleo.de\/wp\/index.php?rest_route=\/wp\/v2\/pages"}],"about":[{"href":"https:\/\/ffgleo.de\/wp\/index.php?rest_route=\/wp\/v2\/types\/page"}],"author":[{"embeddable":true,"href":"https:\/\/ffgleo.de\/wp\/index.php?rest_route=\/wp\/v2\/users\/9"}],"replies":[{"embeddable":true,"href":"https:\/\/ffgleo.de\/wp\/index.php?rest_route=%2Fwp%2Fv2%2Fcomments&post=10287"}],"version-history":[{"count":19,"href":"https:\/\/ffgleo.de\/wp\/index.php?rest_route=\/wp\/v2\/pages\/10287\/revisions"}],"predecessor-version":[{"id":11976,"href":"https:\/\/ffgleo.de\/wp\/index.php?rest_route=\/wp\/v2\/pages\/10287\/revisions\/11976"}],"wp:attachment":[{"href":"https:\/\/ffgleo.de\/wp\/index.php?rest_route=%2Fwp%2Fv2%2Fmedia&parent=10287"}],"curies":[{"name":"wp","href":"https:\/\/api.w.org\/{rel}","templated":true}]}}