{"id":1132,"date":"2017-02-23T18:11:52","date_gmt":"2017-02-23T17:11:52","guid":{"rendered":"http:\/\/woestside.de\/wp\/?page_id=1132"},"modified":"2022-09-14T08:36:15","modified_gmt":"2022-09-14T06:36:15","slug":"sekretariat","status":"publish","type":"page","link":"https:\/\/ffgleo.de\/wp\/?page_id=1132","title":{"rendered":"Sekretariat"},"content":{"rendered":"<p>In unserem <strong>Sekretariat<\/strong> werden Sie von Frau Fritsch und Frau Schoe\u00df begr\u00fc\u00dft.<\/p>\n<p>Telefonnummer des Sekretariats: 05208 \/ 991360<br \/>\nFaxnummer des Sekretariats: 05208 \/ 991380<\/p>\n<p style=\"text-align: left;\">\u00a0\u00d6ffnungszeiten:<\/p>\n<p style=\"text-align: center;\">Montags bis Donnerstags von 7:00 &#8211; 13:15 Uhr und 13:45 &#8211; 15:30 Uhr<br \/>\nFreitags von 7:00 &#8211; 13:15 Uhr<br \/>\nIn den Schulferien ist das Sekretariat geschlossen.<\/p>\n<div id='gallery-1' class='gallery galleryid-1132 gallery-columns-2 gallery-size-medium'><figure class='gallery-item'>\n\t\t\t<div class='gallery-icon landscape'>\n\t\t\t\t<a href='https:\/\/ffgleo.de\/wp\/?attachment_id=1136'><img loading=\"lazy\" decoding=\"async\" width=\"300\" height=\"300\" src=\"https:\/\/ffgleo.de\/wp\/wp-content\/uploads\/2017\/02\/Fritsch-300x300.jpg\" class=\"attachment-medium size-medium\" alt=\"\" aria-describedby=\"gallery-1-1136\" srcset=\"https:\/\/ffgleo.de\/wp\/wp-content\/uploads\/2017\/02\/Fritsch-300x300.jpg 300w, https:\/\/ffgleo.de\/wp\/wp-content\/uploads\/2017\/02\/Fritsch-150x150.jpg 150w, https:\/\/ffgleo.de\/wp\/wp-content\/uploads\/2017\/02\/Fritsch-160x160.jpg 160w, https:\/\/ffgleo.de\/wp\/wp-content\/uploads\/2017\/02\/Fritsch-320x320.jpg 320w, https:\/\/ffgleo.de\/wp\/wp-content\/uploads\/2017\/02\/Fritsch.jpg 500w\" sizes=\"auto, (max-width: 300px) 100vw, 300px\" \/><\/a>\n\t\t\t<\/div>\n\t\t\t\t<figcaption class='wp-caption-text gallery-caption' id='gallery-1-1136'>\n\t\t\t\tSilke Fritsch\nSekretariat seit 2016\n\t\t\t\t<\/figcaption><\/figure><figure class='gallery-item'>\n\t\t\t<div class='gallery-icon portrait'>\n\t\t\t\t<a href='https:\/\/ffgleo.de\/wp\/?attachment_id=8045'><img loading=\"lazy\" decoding=\"async\" width=\"298\" height=\"300\" src=\"https:\/\/ffgleo.de\/wp\/wp-content\/uploads\/2022\/09\/Isabel_schoess-1-298x300.jpg\" class=\"attachment-medium size-medium\" alt=\"\" aria-describedby=\"gallery-1-8045\" srcset=\"https:\/\/ffgleo.de\/wp\/wp-content\/uploads\/2022\/09\/Isabel_schoess-1-298x300.jpg 298w, https:\/\/ffgleo.de\/wp\/wp-content\/uploads\/2022\/09\/Isabel_schoess-1-150x150.jpg 150w, https:\/\/ffgleo.de\/wp\/wp-content\/uploads\/2022\/09\/Isabel_schoess-1-179x180.jpg 179w, https:\/\/ffgleo.de\/wp\/wp-content\/uploads\/2022\/09\/Isabel_schoess-1.jpg 496w\" sizes=\"auto, (max-width: 298px) 100vw, 298px\" \/><\/a>\n\t\t\t<\/div>\n\t\t\t\t<figcaption class='wp-caption-text gallery-caption' id='gallery-1-8045'>\n\t\t\t\tIsabel Schoe\u00df\nSekretariat seit 2022\n\t\t\t\t<\/figcaption><\/figure>\n\t\t<\/div>\n\n<p>Die Aufgabenbereiche des Sekretariats sind u. a.<\/p>\n<ul>\n<li>Finanz-\/Haushalts-, Kassen- und Rechnungsangelegenheiten<\/li>\n<li>Verwaltung der der Schule zur Verf\u00fcgung gestellten Mittel des Schultr\u00e4gers<\/li>\n<li>Verwaltung von Lehrerdaten<\/li>\n<li>Verwaltung von Sch\u00fclerdaten<\/li>\n<li>Aufnahmeverfahren neuer Sch\u00fcler\/innen<\/li>\n<li>Sch\u00fclerfahrtkosten<\/li>\n<li>&#8230;<\/li>\n<\/ul>\n","protected":false},"excerpt":{"rendered":"<p>In unserem Sekretariat werden Sie von Frau Fritsch und Frau Schoe\u00df begr\u00fc\u00dft. Telefonnummer des Sekretariats: 05208 \/ 991360 Faxnummer des Sekretariats: 05208 \/ 991380 \u00a0\u00d6ffnungszeiten: Montags bis Donnerstags von 7:00 &#8211; 13:15 Uhr und 13:45 &#8211; 15:30 Uhr Freitags von 7:00 &#8211; 13:15 Uhr In den Schulferien ist das Sekretariat &hellip;<\/p>\n","protected":false},"author":1,"featured_media":0,"parent":1129,"menu_order":0,"comment_status":"closed","ping_status":"closed","template":"","meta":{"footnotes":""},"class_list":["post-1132","page","type-page","status-publish","hentry"],"_links":{"self":[{"href":"https:\/\/ffgleo.de\/wp\/index.php?rest_route=\/wp\/v2\/pages\/1132","targetHints":{"allow":["GET"]}}],"collection":[{"href":"https:\/\/ffgleo.de\/wp\/index.php?rest_route=\/wp\/v2\/pages"}],"about":[{"href":"https:\/\/ffgleo.de\/wp\/index.php?rest_route=\/wp\/v2\/types\/page"}],"author":[{"embeddable":true,"href":"https:\/\/ffgleo.de\/wp\/index.php?rest_route=\/wp\/v2\/users\/1"}],"replies":[{"embeddable":true,"href":"https:\/\/ffgleo.de\/wp\/index.php?rest_route=%2Fwp%2Fv2%2Fcomments&post=1132"}],"version-history":[{"count":12,"href":"https:\/\/ffgleo.de\/wp\/index.php?rest_route=\/wp\/v2\/pages\/1132\/revisions"}],"predecessor-version":[{"id":8047,"href":"https:\/\/ffgleo.de\/wp\/index.php?rest_route=\/wp\/v2\/pages\/1132\/revisions\/8047"}],"up":[{"embeddable":true,"href":"https:\/\/ffgleo.de\/wp\/index.php?rest_route=\/wp\/v2\/pages\/1129"}],"wp:attachment":[{"href":"https:\/\/ffgleo.de\/wp\/index.php?rest_route=%2Fwp%2Fv2%2Fmedia&parent=1132"}],"curies":[{"name":"wp","href":"https:\/\/api.w.org\/{rel}","templated":true}]}}