{"id":1204,"date":"2017-09-07T16:04:06","date_gmt":"2017-09-07T14:04:06","guid":{"rendered":"http:\/\/ffgleo.de\/wp\/?page_id=1204"},"modified":"2023-11-14T13:48:09","modified_gmt":"2023-11-14T12:48:09","slug":"austausch","status":"publish","type":"page","link":"https:\/\/ffgleo.de\/wp\/?page_id=1204","title":{"rendered":"Der Austausch mit Partnerschulen"},"content":{"rendered":"<h3>Partnerschulen<\/h3>\n<h4>Schulpartnerschaften<\/h4>\n<p>Die Felix-Fechenbach-Gesamtschule unterh\u00e4lt Partnerschaften zu mehreren Schulen im europ\u00e4ischen Ausland. In der Regel finden rund einw\u00f6chige Fahrten in die Partnerschulen statt, auch der Gegenbesuch dauert rund eine Woche. Die j\u00fcngeren Sch\u00fclerinnen und Sch\u00fcler bekommen das Angebot, G\u00e4ste aus <strong>Belarus<\/strong> bei sich f\u00fcr eine kurze Zeit aufzunehmen, die \u00e4lteren nehmen an den Austauschprogrammen nach <strong>Polen<\/strong> oder <strong>Frankreich <\/strong>teil. F\u00fcr Sch\u00fclerinnen und Sch\u00fcler der Jahrgangsstufe 11 kommt das Austauschprogramm nach <strong>Lettland<\/strong> in Frage. Die Schulpartnerschaften nach Belarus und Lettland sind aber im Moment ausgesetzt.<\/p>\n<h4><a href=\"https:\/\/ffgleo.de\/wp\/?page_id=1340\">Polen<\/a><\/h4>\n<p>Seit 2002 besteht die Partnerschaft mit den Schulen in <strong>Myslakowice<\/strong>, der polnischen Partnergemeinde von Leopoldsh\u00f6he. Gegenseitige Besuche von Sch\u00fclerinnen und Sch\u00fclern sowie Lehrerinnen und Lehrern dienen dem Ziel in einem demokratischen Europa ohne Grenzen die Vergangenheit, die durch die Politik Deutschlands zur Zeit des Nationalsozialismus schwer belastet ist, in eine gemeinsame Zukunft zu f\u00fchren. <a href=\"https:\/\/ffgleo.de\/wp\/?page_id=1340\">[Klicken Sie hier um mehr \u00fcber die Partnerschaft mit Polen zu erfahren.]<\/a><\/p>\n<h4><a href=\"https:\/\/ffgleo.de\/wp\/?page_id=1345\">Frankreich<\/a><\/h4>\n<p>Die \u00e4lteste Schulpartnerschaft existiert seit 1984 mit dem <strong>&#8222;Coll\u00e8ge Jean Moulin&#8220; in Saint Gaultier<\/strong> (D\u00e9partement de l&#8217;Indre), das nach einem franz\u00f6sischen Widerstandsk\u00e4mpfer benannt ist. Was urspr\u00fcnglich vorrangig der F\u00f6rderung der jeweiligen Fremdsprache dienen sollte, hat weit mehr erbracht. Das Interesse an den Menschen und deren Lebensweise in dem anderen Land hat auf beiden Seiten Sympathien erweckt, die zu pers\u00f6nlichen Freundschaften f\u00fchrten, die oft \u00fcber die Schulzeit hinaus Bestand haben. Daraus ist schlie\u00dflich die Gemeindepartnerschaft erwachsen, die inzwischen einen intensiven menschlichen und kulturellen Austausch vieler B\u00fcrgerinnen und B\u00fcrger beinhaltet. [<a href=\"https:\/\/ffgleo.de\/wp\/?page_id=1345\">Klicken Sie hier um mehr \u00fcber die Partnerschaft mit Frankreich zu erfahren.]<\/a><\/p>\n<h4><a href=\"https:\/\/ffgleo.de\/wp\/?page_id=3924\">Lettland<\/a><\/h4>\n<p>Einzigartig in ganz NRW sind die Kontakte unserer Schule in die lettische Metropole <strong>Riga<\/strong>. Nur die Felix-Fechenbach-Gesamtschule unterh\u00e4lt eine Partnerschaft, die unsere Sch\u00fclerInnen mitten in die gr\u00f6\u00dfte Stadt des Baltikums f\u00fchrt. Seit 2014 besuchen angehende Oberstufensch\u00fclerInnen unserer Schule das Agenskalns Valsts Gimnazija, eine der f\u00fchrenden Schulen Lettlands. Die deutschen Teilnehmerinnen und Teilnehmer verbessern dabei nicht nur ihre Englisch-Kenntnisse, sondern lernen vor Ort die Geschichte, Kultur und insbesondere die Menschen eines aufstrebenden, kleinen, nordosteurop\u00e4ischen Landes kennen. Ein Gegenbesuch der lettischen Freunde erfolgt im Fr\u00fchling. <a href=\"https:\/\/ffgleo.de\/wp\/?page_id=3924\">[Klicken Sie hier um mehr \u00fcber die Partnerschaft mit Lettland zu erfahren.]<\/a><\/p>\n<h4><a href=\"https:\/\/ffgleo.de\/wp\/?page_id=1348\">Wei\u00dfrussland (Belarus)<\/a><\/h4>\n<p>Auf Grund der aktuellen Lage ist die Schulpartnerschaft mit Wei\u00dfrussland im Moment ausgesetzt. Sie bestand mit der <strong>Schule Nr. 13 in Mosyr<\/strong> (Bulwar Junosti 47, 247760 Mosyr) in Belarus seit 2010, als die schulischen Gremien sich f\u00fcr eine solche Partnerschaft entschieden. Die Stadt Mosyr liegt ungef\u00e4hr 70 Kilometer vom Ungl\u00fccksreaktor in Tschernobyl entfernt.<br \/>\nEntsprechend einem Ziel des Schulprogramms, n\u00e4mlich der \u00dcbernahme von Verantwortung f\u00fcr die Umwelt und die Begegnung mit Fremden erfahren die Sch\u00fclerinnen und Sch\u00fcler im direkten Kontakt mit den Kindern aus Belarus viel \u00fcber das Leben und die Lage anderer Menschen. [<a href=\"https:\/\/ffgleo.de\/wp\/?page_id=1348\">Klicken Sie hier um mehr \u00fcber die Partnerschaft mit Wei\u00dfrussland zu erfahren.]<\/a><\/p>\n","protected":false},"excerpt":{"rendered":"<p>Partnerschulen Schulpartnerschaften Die Felix-Fechenbach-Gesamtschule unterh\u00e4lt Partnerschaften zu mehreren Schulen im europ\u00e4ischen Ausland. In der Regel finden rund einw\u00f6chige Fahrten in die Partnerschulen statt, auch der Gegenbesuch dauert rund eine Woche. Die j\u00fcngeren Sch\u00fclerinnen und Sch\u00fcler bekommen das Angebot, G\u00e4ste aus Belarus bei sich f\u00fcr eine kurze Zeit aufzunehmen, die \u00e4lteren &hellip;<\/p>\n","protected":false},"author":3,"featured_media":0,"parent":2,"menu_order":0,"comment_status":"closed","ping_status":"closed","template":"","meta":{"footnotes":""},"class_list":["post-1204","page","type-page","status-publish","hentry"],"_links":{"self":[{"href":"https:\/\/ffgleo.de\/wp\/index.php?rest_route=\/wp\/v2\/pages\/1204","targetHints":{"allow":["GET"]}}],"collection":[{"href":"https:\/\/ffgleo.de\/wp\/index.php?rest_route=\/wp\/v2\/pages"}],"about":[{"href":"https:\/\/ffgleo.de\/wp\/index.php?rest_route=\/wp\/v2\/types\/page"}],"author":[{"embeddable":true,"href":"https:\/\/ffgleo.de\/wp\/index.php?rest_route=\/wp\/v2\/users\/3"}],"replies":[{"embeddable":true,"href":"https:\/\/ffgleo.de\/wp\/index.php?rest_route=%2Fwp%2Fv2%2Fcomments&post=1204"}],"version-history":[{"count":16,"href":"https:\/\/ffgleo.de\/wp\/index.php?rest_route=\/wp\/v2\/pages\/1204\/revisions"}],"predecessor-version":[{"id":8908,"href":"https:\/\/ffgleo.de\/wp\/index.php?rest_route=\/wp\/v2\/pages\/1204\/revisions\/8908"}],"up":[{"embeddable":true,"href":"https:\/\/ffgleo.de\/wp\/index.php?rest_route=\/wp\/v2\/pages\/2"}],"wp:attachment":[{"href":"https:\/\/ffgleo.de\/wp\/index.php?rest_route=%2Fwp%2Fv2%2Fmedia&parent=1204"}],"curies":[{"name":"wp","href":"https:\/\/api.w.org\/{rel}","templated":true}]}}