{"id":1206,"date":"2017-09-07T16:03:49","date_gmt":"2017-09-07T14:03:49","guid":{"rendered":"http:\/\/ffgleo.de\/wp\/?page_id=1206"},"modified":"2017-09-09T10:40:06","modified_gmt":"2017-09-09T08:40:06","slug":"schulsanitaetsdienst","status":"publish","type":"page","link":"https:\/\/ffgleo.de\/wp\/?page_id=1206","title":{"rendered":"Schulsanit\u00e4tsdienst"},"content":{"rendered":"<h3>Was ist der Schulsanit\u00e4tsdienst?<\/h3>\n<p>Unf\u00e4lle geschehen \u00fcberall, auch in der Schule. Oft sind die ersten Minuten entscheidend.<\/p>\n<p>Der Schulsanit\u00e4tsdienst erg\u00e4nzt und sichert die Erste-Hilfe-Versorgung an der Schule.<\/p>\n<p>Sch\u00fclerInnen, die in Erster Hilfe ausgebildet sind, stellen im Rahmen des Schulsanit\u00e4tsdienstes mit ihrer Kooperationslehrerin die Erstversorgung bei Unf\u00e4llen, Verletzungen und Krankheiten bis zum Eintreffen des Rettungsdienstes sicher.<\/p>\n<p>Der Schulsanit\u00e4tsdienst bef\u00e4higt Sch\u00fclerinnen und Sch\u00fcler, Erste Hilfe zu leisten und f\u00f6rdert damit ihr Selbstbewusstsein und ihr soziales Verantwortungsgef\u00fchl.<\/p>\n<p>Schulsanit\u00e4terInnen sind trotz ihrer Jugend ernst zu nehmende Helferinnen und Helfer, denn sie haben eine fundierte Ausbildung genossen.<\/p>\n<p>&nbsp;<\/p>\n<h3>Unsere Schulsanit\u00e4ter 2016\/17<\/h3>\n<p><a href=\"https:\/\/ffgleo.de\/wp\/wp-content\/uploads\/2017\/09\/Schulsanitaeter_2_550.jpg\"><img loading=\"lazy\" decoding=\"async\" class=\"aligncenter wp-image-1358 size-medium\" src=\"https:\/\/ffgleo.de\/wp\/wp-content\/uploads\/2017\/09\/Schulsanitaeter_2_550-300x225.jpg\" alt=\"\" width=\"300\" height=\"225\" srcset=\"https:\/\/ffgleo.de\/wp\/wp-content\/uploads\/2017\/09\/Schulsanitaeter_2_550-300x225.jpg 300w, https:\/\/ffgleo.de\/wp\/wp-content\/uploads\/2017\/09\/Schulsanitaeter_2_550.jpg 550w\" sizes=\"auto, (max-width: 300px) 100vw, 300px\" \/><\/a><br \/>\n<strong><em>Die diesj\u00e4hrigen Schulsanit\u00e4ter sind:<\/em><\/strong><\/p>\n<ul>\n<li>Fliege, Finja<\/li>\n<li>Skibor, Evelyn<\/li>\n<li>Deutsch, Laurine<\/li>\n<li>Duscha, Vanessa<\/li>\n<li>Brechlin, Patricia<\/li>\n<li>Hilbrich, Lisa<\/li>\n<li>Palmberg, Jessica<\/li>\n<li>Schulze, Sophie<\/li>\n<li>Deutsch, Lilian<\/li>\n<li>Ro\u00dfdeutscher, Tim<\/li>\n<li>Siekmann, Tom<\/li>\n<li>Glatzel, Michelle<\/li>\n<li>Vider, Alexandra<\/li>\n<li>Schmalhorst, Lennard<\/li>\n<li>Rei\u00df, Ole<\/li>\n<li>Schmiedl, Christian<\/li>\n<\/ul>\n<p>Die Schulsanit\u00e4ter treffen sich alle jeden Dienstag in der 2. gro\u00dfen Pause im Sanit\u00e4tsraum. Interessierte Sch\u00fclerinnen und Sch\u00fcler sind herzlich willkommen.<\/p>\n<p>Betreut wird der Schulsanit\u00e4tsdienst von <strong>Frau Sch\u00f6nherr<\/strong>.<\/p>\n<p>&nbsp;<\/p>\n<h4>Wie kann ich Schulsanit\u00e4ter werden?<\/h4>\n<p>Voraussetzung f\u00fcr die Mitarbeit im Schulsanit\u00e4tsdienst ist ein Erste Hilfe Kurs.<br \/>\nAn der Felix-Fechenbach-Gesamtschule gibt es hierzu die AG-Erste-Hilfe. Hier werden &#8211; zumeist in Rollenspielen &#8211; nicht nur die Grundlagen der Ersten Hilfe, sondern auch vieles weitere, was f\u00fcr Schulsanit\u00e4ter hilfreich ist, vermittelt. So lernst du, im Team zu arbeiten und Verantwortung zu \u00fcbernehmen.<br \/>\nWenn du schon \u00e4lter bist, kannst du auch an einem Erste Hilfe Kurs von einem der Wohlfahrtsverb\u00e4nde (DRK, AWO, Maltser Hilfsdienst, Johanniter Unfallhilfe) teilnehmen.<\/p>\n<p>Komm doch einfach mal zu uns in den Sanit\u00e4tsraum oder kontaktiere Frau Sch\u00f6nherr.<\/p>\n<p>&nbsp;<\/p>\n<h3>Pressemeldungen LZ:<\/h3>\n<h4>Junge Sanit\u00e4ter helfen bei \u00dcbelkeit und Ohnmacht<\/h4>\n<p>Gesamtschule bildet Ersthelfer-Nachwuchs aus und kooperiert jetzt mit dem Roten Kreuz<br \/>\nLeopoldsh\u00f6he. Einen neuen Kooperationspartner f\u00fcr den Sanit\u00e4tsdienst hat die Felix-Fechenbach-Gesamtschule im Deutschen Roten Kreuz (DRK) gefunden. Das DRK hat bereits Lehrerin Heike Dreyer ausgebildet, so dass diese nun Sch\u00fcler anlernen kann. Au\u00dferdem stellt es das Verbands- und \u00dcbungsmaterial und bietet Weiterbildungen an.<br \/>\nBereits seit knapp zwei Jahren arbeiten ausgebildete Sch\u00fcler ehrenamtlich in den gro\u00dfen Pausen als Sanit\u00e4ter und k\u00fcmmern sich um Jugendliche mit Kopf- und Bauchschmerzen, \u00dcbelkeit oder auch mal Ohnmachtsanf\u00e4llen. Bisheriger Kooperationspartner war der Malteser-Hilfsdienst, doch der hatte vor Ort sein Personal zur\u00fcckgefahren und sich nur um die Ausbildung gek\u00fcmmert.<br \/>\n&#8222;Es fehlte uns ein Ansprechpartner, der unsere Kenntnisse auffrischte&#8220;, erkl\u00e4rt der Zehntkl\u00e4ssler Kevin Ewald. Der ist nun mit Heike Dreyer immer vor Ort. &#8222;Wir sind gl\u00fccklich, dass der Sanit\u00e4tsdienst jetzt richtig ans Laufen kommt und auch Nachwuchs ausgebildet wird&#8220;, sagt Kevin. Seit Beginn des Schuljahres lernen zw\u00f6lf Sch\u00fcler zwischen zw\u00f6lf und 13 Jahren in einer Arbeitsgruppe im Rahmen eines Wahlplichtfaches bei Heike Dreyer alles \u00fcber Erste Hilfe. &#8222;Sie haben nach einem halben Jahr die Ausbildung wie in einem gro\u00dfen Erste-Hilfe-Kurs und k\u00f6nnen dann den Schulsanit\u00e4tsdienst beginnen&#8220;, erkl\u00e4rt Dreyer. &#8222;Trotz ihres jungen Alters sind die Neuen dann kompetente Helfer&#8220;, versichert Dreyer. \u201eSie behalten einen k\u00fchlen Kopf und wissen, was zu tun ist&#8220;. Auch Kai Hempel, der f\u00fcr das Jugendrotkreuz alle 31 Schulsanit\u00e4tsdienste in Lippe betreut, hat mit jungen Sanit\u00e4tern gute Erfahrungen gemacht. &#8222;Die k\u00f6nnen gut helfen und sind sehr engagiert. Die meisten Unf\u00e4lle und Beschwerden treten sowieso in den unteren Klassen auf, da ist es gut, wenn Gleichaltrige als Ansprechpartner da sind&#8220;. (kem)<\/p>\n<p>&nbsp;<\/p>\n<h4>Am 29.11.2012 hatte die Erste-Hilfe AG einen Rettungstransportwagen zu Besuch. Hier einige Fotos dazu:<\/h4>\n<p><a href=\"https:\/\/ffgleo.de\/wp\/wp-content\/uploads\/2017\/09\/RTW2.jpg\"><img loading=\"lazy\" decoding=\"async\" class=\"alignnone size-thumbnail wp-image-1364\" src=\"https:\/\/ffgleo.de\/wp\/wp-content\/uploads\/2017\/09\/RTW2-150x150.jpg\" alt=\"\" width=\"150\" height=\"150\" srcset=\"https:\/\/ffgleo.de\/wp\/wp-content\/uploads\/2017\/09\/RTW2-150x150.jpg 150w, https:\/\/ffgleo.de\/wp\/wp-content\/uploads\/2017\/09\/RTW2-160x160.jpg 160w, https:\/\/ffgleo.de\/wp\/wp-content\/uploads\/2017\/09\/RTW2-320x320.jpg 320w\" sizes=\"auto, (max-width: 150px) 100vw, 150px\" \/><\/a><a href=\"https:\/\/ffgleo.de\/wp\/wp-content\/uploads\/2017\/09\/RTW3.jpg\"><img loading=\"lazy\" decoding=\"async\" class=\"alignnone size-thumbnail wp-image-1359\" src=\"https:\/\/ffgleo.de\/wp\/wp-content\/uploads\/2017\/09\/RTW3-150x150.jpg\" alt=\"\" width=\"150\" height=\"150\" srcset=\"https:\/\/ffgleo.de\/wp\/wp-content\/uploads\/2017\/09\/RTW3-150x150.jpg 150w, https:\/\/ffgleo.de\/wp\/wp-content\/uploads\/2017\/09\/RTW3-160x160.jpg 160w, https:\/\/ffgleo.de\/wp\/wp-content\/uploads\/2017\/09\/RTW3-320x320.jpg 320w\" sizes=\"auto, (max-width: 150px) 100vw, 150px\" \/><\/a><a href=\"https:\/\/ffgleo.de\/wp\/wp-content\/uploads\/2017\/09\/RTW4.jpg\"><img loading=\"lazy\" decoding=\"async\" class=\"alignnone size-thumbnail wp-image-1360\" src=\"https:\/\/ffgleo.de\/wp\/wp-content\/uploads\/2017\/09\/RTW4-150x150.jpg\" alt=\"\" width=\"150\" height=\"150\" srcset=\"https:\/\/ffgleo.de\/wp\/wp-content\/uploads\/2017\/09\/RTW4-150x150.jpg 150w, https:\/\/ffgleo.de\/wp\/wp-content\/uploads\/2017\/09\/RTW4-160x160.jpg 160w, https:\/\/ffgleo.de\/wp\/wp-content\/uploads\/2017\/09\/RTW4-320x320.jpg 320w\" sizes=\"auto, (max-width: 150px) 100vw, 150px\" \/><\/a><a href=\"https:\/\/ffgleo.de\/wp\/wp-content\/uploads\/2017\/09\/RTW5.jpg\"><img loading=\"lazy\" decoding=\"async\" class=\"alignnone size-thumbnail wp-image-1361\" src=\"https:\/\/ffgleo.de\/wp\/wp-content\/uploads\/2017\/09\/RTW5-150x150.jpg\" alt=\"\" width=\"150\" height=\"150\" srcset=\"https:\/\/ffgleo.de\/wp\/wp-content\/uploads\/2017\/09\/RTW5-150x150.jpg 150w, https:\/\/ffgleo.de\/wp\/wp-content\/uploads\/2017\/09\/RTW5-160x160.jpg 160w, https:\/\/ffgleo.de\/wp\/wp-content\/uploads\/2017\/09\/RTW5-320x320.jpg 320w\" sizes=\"auto, (max-width: 150px) 100vw, 150px\" \/><\/a><a href=\"https:\/\/ffgleo.de\/wp\/wp-content\/uploads\/2017\/09\/RTW6.jpg\"><img loading=\"lazy\" decoding=\"async\" class=\"alignnone size-thumbnail wp-image-1363\" src=\"https:\/\/ffgleo.de\/wp\/wp-content\/uploads\/2017\/09\/RTW6-150x150.jpg\" alt=\"\" width=\"150\" height=\"150\" srcset=\"https:\/\/ffgleo.de\/wp\/wp-content\/uploads\/2017\/09\/RTW6-150x150.jpg 150w, https:\/\/ffgleo.de\/wp\/wp-content\/uploads\/2017\/09\/RTW6-160x160.jpg 160w, https:\/\/ffgleo.de\/wp\/wp-content\/uploads\/2017\/09\/RTW6-320x320.jpg 320w\" sizes=\"auto, (max-width: 150px) 100vw, 150px\" \/><\/a><a href=\"https:\/\/ffgleo.de\/wp\/wp-content\/uploads\/2017\/09\/RTW7.jpg\"><img loading=\"lazy\" decoding=\"async\" class=\"alignnone size-thumbnail wp-image-1362\" src=\"https:\/\/ffgleo.de\/wp\/wp-content\/uploads\/2017\/09\/RTW7-150x150.jpg\" alt=\"\" width=\"150\" height=\"150\" srcset=\"https:\/\/ffgleo.de\/wp\/wp-content\/uploads\/2017\/09\/RTW7-150x150.jpg 150w, https:\/\/ffgleo.de\/wp\/wp-content\/uploads\/2017\/09\/RTW7-160x160.jpg 160w, https:\/\/ffgleo.de\/wp\/wp-content\/uploads\/2017\/09\/RTW7-320x320.jpg 320w\" sizes=\"auto, (max-width: 150px) 100vw, 150px\" \/><\/a><\/p>\n","protected":false},"excerpt":{"rendered":"<p>Was ist der Schulsanit\u00e4tsdienst? Unf\u00e4lle geschehen \u00fcberall, auch in der Schule. Oft sind die ersten Minuten entscheidend. Der Schulsanit\u00e4tsdienst erg\u00e4nzt und sichert die Erste-Hilfe-Versorgung an der Schule. Sch\u00fclerInnen, die in Erster Hilfe ausgebildet sind, stellen im Rahmen des Schulsanit\u00e4tsdienstes mit ihrer Kooperationslehrerin die Erstversorgung bei Unf\u00e4llen, Verletzungen und Krankheiten bis &hellip;<\/p>\n","protected":false},"author":3,"featured_media":0,"parent":1008,"menu_order":0,"comment_status":"closed","ping_status":"closed","template":"","meta":{"footnotes":""},"class_list":["post-1206","page","type-page","status-publish","hentry"],"_links":{"self":[{"href":"https:\/\/ffgleo.de\/wp\/index.php?rest_route=\/wp\/v2\/pages\/1206","targetHints":{"allow":["GET"]}}],"collection":[{"href":"https:\/\/ffgleo.de\/wp\/index.php?rest_route=\/wp\/v2\/pages"}],"about":[{"href":"https:\/\/ffgleo.de\/wp\/index.php?rest_route=\/wp\/v2\/types\/page"}],"author":[{"embeddable":true,"href":"https:\/\/ffgleo.de\/wp\/index.php?rest_route=\/wp\/v2\/users\/3"}],"replies":[{"embeddable":true,"href":"https:\/\/ffgleo.de\/wp\/index.php?rest_route=%2Fwp%2Fv2%2Fcomments&post=1206"}],"version-history":[{"count":6,"href":"https:\/\/ffgleo.de\/wp\/index.php?rest_route=\/wp\/v2\/pages\/1206\/revisions"}],"predecessor-version":[{"id":1369,"href":"https:\/\/ffgleo.de\/wp\/index.php?rest_route=\/wp\/v2\/pages\/1206\/revisions\/1369"}],"up":[{"embeddable":true,"href":"https:\/\/ffgleo.de\/wp\/index.php?rest_route=\/wp\/v2\/pages\/1008"}],"wp:attachment":[{"href":"https:\/\/ffgleo.de\/wp\/index.php?rest_route=%2Fwp%2Fv2%2Fmedia&parent=1206"}],"curies":[{"name":"wp","href":"https:\/\/api.w.org\/{rel}","templated":true}]}}