{"id":1254,"date":"2017-09-07T16:35:06","date_gmt":"2017-09-07T14:35:06","guid":{"rendered":"http:\/\/ffgleo.de\/wp\/?page_id=1254"},"modified":"2020-04-04T17:36:46","modified_gmt":"2020-04-04T15:36:46","slug":"schulprogramm-praeambel","status":"publish","type":"page","link":"https:\/\/ffgleo.de\/wp\/?page_id=1254","title":{"rendered":"Schulprogramm: Leitbild"},"content":{"rendered":"<h3>Leitbild<\/h3>\n<p>Die Felix-Fechenbach-Gesamtschule ist die einzige weiterf\u00fchrende Schule in Leopoldsh\u00f6he. Mit ihrer Gr\u00fcndung im Jahr 1977 wurde eine wichtige bildungspolitische Entscheidung f\u00fcr die Gemeinde Leopoldsh\u00f6he getroffen. Denn an der Gesamtschule mit gymnasialer Oberstufe k\u00f6nnen alle Schulabschl\u00fcsse der Sekundarstufe I sowie der schulische Teil der Fachhochschulreife und das Abitur erworben werden.<\/p>\n<p>Als Sternstunde f\u00fcr die weitere Entwicklung der Schule kann man die Namensgebung <strong>\u201eFelix-Fechenbach-Gesamtschule Leopoldsh\u00f6he\u201c<\/strong> im Jahre 1989 bezeichnen. Dies bedeutet nicht nur Gedenken an einen aufrechten Demokraten, der als Journalist einer lippischen Tageszeitung mutig den Nationalsozialisten entgegen trat, ihre Absichten entlarvte und daf\u00fcr bereits im August 1933 sein Leben lassen musste. Sein Name ist Programm f\u00fcr unsere schulische Arbeit geworden. Sie wird gepr\u00e4gt durch demokratische \u00dcberzeugungen und Werte, Offenheit gegen\u00fcber Fremden und Fremdem sowie kritisch-tolerante Einstellungen. Aus der Auseinandersetzung mit der deutschen Geschichte des 20. Jahrhunderts ist zugleich der kritisch-konstruktive Umgang mit Gegenwart und Zukunft erwachsen. So tr\u00e4gt die Felix-Fechenbach-Gesamtschule seit 2008 den Titel \u201eSchule ohne Rassismus \u2013 Schule mit Courage\u201c.<br \/>\nSeit 2016 sind wir Schule des Gemeinsamen Lernens, d. h. Sch\u00fclerinnen und Sch\u00fcler mit und ohne sonderp\u00e4dagogischem F\u00f6rder-bedarf werden gemeinsam unterrichtet.<\/p>\n<p>Die engen Verbindungen mit verschiedenen Partnerschulen und au\u00dferschulischen Einrichtungen erm\u00f6glichen Begegnungen, die Interesse f\u00fcr andere Menschen und fremde Kulturen sowie Empathie, Toleranz und Solidarit\u00e4t wecken und f\u00f6rdern. Sie st\u00e4rken demokratische Einstellungen.<\/p>\n<p>Die Felix-Fechenbach-Gesamtschule Leopoldsh\u00f6he stellt ihren Bildungsauftrag unter das Leitmotiv <strong>Zukunftsf\u00e4higkeit<\/strong>, richtet ihre p\u00e4dagogische Arbeit hierauf aus und beurteilt sie aus dieser Perspektive. Das Leben gegenw\u00e4rtiger und zuk\u00fcnftiger Generationen in einer lebenswerten Umwelt gilt es ebenso zu sch\u00fctzen wie das friedliche Miteinander in einer demokratischen Gesellschaft. Deshalb ist es das Ziel unserer Schule, die Sch\u00fclerinnen und Sch\u00fcler zu bef\u00e4higen, Verantwortung f\u00fcr sich, f\u00fcr andere und f\u00fcr die Umwelt zu \u00fcbernehmen.<\/p>\n<p>Gelingen kann dies einerseits durch einen respektvollen und wertsch\u00e4tzenden Umgang im t\u00e4glichen schulischen Miteinander, andererseits durch das Vermitteln und Erarbeiten entsprechender Kompetenzen: schulisches Lernen soll insbesondere Kritik- und Urteilsf\u00e4higkeit, Kommunikations- und Probleml\u00f6sungskompetenz sowie Empathie und Kreativit\u00e4t f\u00f6rdern.<\/p>\n<p>Vielfalt und Heterogenit\u00e4t kennzeichnen Leben und Lernen in der Felix-Fechenbach-Gesamtschule. Kooperative Lernformen, Differenzierung und individuelle F\u00f6rderung erm\u00f6glichen es den Sch\u00fclerinnen und Sch\u00fclern, ihren unterschiedlichen Lernvoraussetzungen und vielf\u00e4ltigen Interessen und Bed\u00fcrfnissen entsprechend zu lernen.<\/p>\n<p>Das Lernen im Unterricht der verschiedenen F\u00e4cher und Lernbereiche wird durch fach\u00fcbergreifende und f\u00e4cherverbindende Unterrichtsvorhaben sowie au\u00dferunterrichtliche Projekte erg\u00e4nzt.<\/p>\n","protected":false},"excerpt":{"rendered":"<p>Leitbild Die Felix-Fechenbach-Gesamtschule ist die einzige weiterf\u00fchrende Schule in Leopoldsh\u00f6he. Mit ihrer Gr\u00fcndung im Jahr 1977 wurde eine wichtige bildungspolitische Entscheidung f\u00fcr die Gemeinde Leopoldsh\u00f6he getroffen. Denn an der Gesamtschule mit gymnasialer Oberstufe k\u00f6nnen alle Schulabschl\u00fcsse der Sekundarstufe I sowie der schulische Teil der Fachhochschulreife und das Abitur erworben werden. &hellip;<\/p>\n","protected":false},"author":3,"featured_media":0,"parent":1200,"menu_order":0,"comment_status":"closed","ping_status":"closed","template":"","meta":{"footnotes":""},"class_list":["post-1254","page","type-page","status-publish","hentry"],"_links":{"self":[{"href":"https:\/\/ffgleo.de\/wp\/index.php?rest_route=\/wp\/v2\/pages\/1254","targetHints":{"allow":["GET"]}}],"collection":[{"href":"https:\/\/ffgleo.de\/wp\/index.php?rest_route=\/wp\/v2\/pages"}],"about":[{"href":"https:\/\/ffgleo.de\/wp\/index.php?rest_route=\/wp\/v2\/types\/page"}],"author":[{"embeddable":true,"href":"https:\/\/ffgleo.de\/wp\/index.php?rest_route=\/wp\/v2\/users\/3"}],"replies":[{"embeddable":true,"href":"https:\/\/ffgleo.de\/wp\/index.php?rest_route=%2Fwp%2Fv2%2Fcomments&post=1254"}],"version-history":[{"count":5,"href":"https:\/\/ffgleo.de\/wp\/index.php?rest_route=\/wp\/v2\/pages\/1254\/revisions"}],"predecessor-version":[{"id":6062,"href":"https:\/\/ffgleo.de\/wp\/index.php?rest_route=\/wp\/v2\/pages\/1254\/revisions\/6062"}],"up":[{"embeddable":true,"href":"https:\/\/ffgleo.de\/wp\/index.php?rest_route=\/wp\/v2\/pages\/1200"}],"wp:attachment":[{"href":"https:\/\/ffgleo.de\/wp\/index.php?rest_route=%2Fwp%2Fv2%2Fmedia&parent=1254"}],"curies":[{"name":"wp","href":"https:\/\/api.w.org\/{rel}","templated":true}]}}