{"id":1278,"date":"2017-09-07T16:58:41","date_gmt":"2017-09-07T14:58:41","guid":{"rendered":"http:\/\/ffgleo.de\/wp\/?page_id=1278"},"modified":"2021-06-11T09:59:53","modified_gmt":"2021-06-11T07:59:53","slug":"gemeinsames-leben-und-lernen-lernen","status":"publish","type":"page","link":"https:\/\/ffgleo.de\/wp\/?page_id=1278","title":{"rendered":"Gemeinsames Leben und Lernen lernen"},"content":{"rendered":"<p>Eine demokratische Schulkultur ruft eine positive Lernkultur hervor, in der das Individuum wertgesch\u00e4tzt wird. Deswegen hat das soziale Lernen in unserer Schule eine zentrale Bedeutung. Es umfasst den Erwerb bestimmter Kompetenzen zur Gew\u00e4hrleistung eines fairen Miteinanders im Schulbetrieb und dar\u00fcber hinaus. Der Erwerb und die Entwicklung sozialer und emotionaler Kompetenzen entfaltet die F\u00e4higkeit, Dinge und Befindlichkeiten wahrzunehmen, kooperativ Kontakte zu kn\u00fcpfen, kommunikationsf\u00e4hig zu sein, Empathie zu empfinden, ebenso aber auch Diskretion wahren zu k\u00f6nnen und bedacht zu handeln. Wir verstehen das gemeinsame Leben und Lernen als Prozess, der flexibel gestaltet wird, um auf jeweils neue Bedingungen reagieren zu k\u00f6nnen. Durchgehend von Jahrgangsstufe 5 \u2013 13 werden dem Alter angemessene M\u00f6glichkeiten zum Kompetenzerwerb angeboten.<\/p>\n<p>Soziales Lernen soll eine Grundeinstellung auspr\u00e4gen, die kontinuierlich gef\u00f6rdert wird. Die individuelle Wahrnehmung soll dahingehend gesch\u00e4rft werden, Vorurteile zu hinterfragen. Toleranz und Demokratie f\u00f6rdern hierbei das t\u00e4gliche Miteinander, das den Einzelnen pr\u00e4gt und zum positiven gemeinsamen Leben und Lernen ermuntert.<\/p>\n<p>Auch das t\u00e4gliche Lern- und soziale Umfeld ist ein wichtiger Aspekt. Die Anlage des Unterrichts stellt sich flexibel auf neue Bedingungen ein, sodass z. B. projektorientiertes Lernen seinen festen Platz im Schulleben der FFG findet, bei dem die Teilnehmerinnen und Teilnehmer von der Gruppendynamik profitieren k\u00f6nnen.<\/p>\n<p>Erfolgreiches soziales Lernen erzielt Kompetenzen, die das Miteinander und das Lernen pr\u00e4gen und f\u00f6rdern. Sozialkompetente Sch\u00fcler sind dadurch besser bef\u00e4higt, ihre Entwicklung zu reflektieren und zu formulieren, wof\u00fcr sie einstehen.<\/p>\n<p>Daraus resultiert eine Haltung der Toleranz und des Respekts gegen\u00fcber sich selbst und anderen, was einhergeht mit Kommunikations-, Kooperations-, Konfliktf\u00e4higkeit und der Bereitschaft selbstst\u00e4ndig, eigenverantwortlich und auch im Team verantwortungsvoll zu handeln und zu lernen.<\/p>\n<p>In der Anfangsphase der <strong>f\u00fcnften<\/strong> <strong>Klasse<\/strong> erfahren die Sch\u00fclerinnen und Sch\u00fcler eine individuelle Form des Einlebens in die neue Schule. Das Hauptaugenmerk liegt in der 5. Klasse auf der Einf\u00fchrung des Klassenrates, der die Sch\u00fcler z. B. bef\u00e4higt, Konflikte zu\u00a0erkennen und gemeinsam auf Klassenebene zu l\u00f6sen. Ein Bewusstsein f\u00fcr das soziale und gemeinsame Leben und Lernen wird u. a. durch die Arbeit mit dem Programm \u201eLions Quest\u201c etabliert. Zum anderen f\u00f6rdert die am Ende der 5. Klasse oder zu Beginn der 6. Klasse stattfindende Klassenfahrt das soziale Miteinander. Die w\u00f6chentliche zweist\u00fcndige Klassen-AG dient der Reflexion des in der Schulwoche Erlebten und zur Durchf\u00fchrung der Programme des sozialen Lernens (Klassenrat, LQ).<\/p>\n<p>Im <strong>sechsten Jahrgang<\/strong> spielen Zivilcourage und Gewaltpr\u00e4vention eine gr\u00f6\u00dfere Rolle. Durch eine interaktive Theaterauff\u00fchrung werden den Sch\u00fclerinnen und Sch\u00fclern diese Themen nahe gebracht, wodurch eine aktive Auseinandersetzung bzw. Bewusstmachung angeregt wird. Interventions- und Pr\u00e4ventionsma\u00dfnahmen werden mit dem Ziel bekannt gemacht, Verantwortung zu \u00fcbernehmen und soziale Bindungen zu f\u00f6rdern. Zugleich sollen Verhaltensalternativen erkannt werden, um angreifenden Worten oder Taten entgegentreten zu k\u00f6nnen.<\/p>\n<p>Der <strong>siebte Jahrgang<\/strong> ist gepr\u00e4gt durch die Suchtpr\u00e4vention und den Themen der typischen M\u00e4dchen- und Jungenfragen. Elternabende, Einzelfallberatung, Workshops und andere Aktivit\u00e4ten geben den Sch\u00fclerinnen und Sch\u00fclern, ihren Eltern und den Lehrkr\u00e4ften Raum, sich diesen Themen zu widmen und gemeinsam ins Gespr\u00e4ch zu kommen.<\/p>\n<p>Das Anti-Mobbing-Konzept, welches direkten Bezug auf unseren Schultitel<a href=\"http:\/\/www.schule-ohne-rassismus.org\/startseite\/\"> \u201eSchule ohne Rassismus \u2013 Schule mit Courage\u201c<\/a> nimmt, hat seinen Schwerpunkt im <strong>achten Jahrgang<\/strong>. Ebenso werden nochmals aufbauend auf Klasse 7 Alkohol- und Gewaltpr\u00e4vention thematisiert. Hierzu gibt es projektorientieren Unterricht bzw. Theaterst\u00fccke.<\/p>\n<p>Lehrkr\u00e4fte und\u00a0 Sozialp\u00e4dagogen bieten bei alterstypischen Problematiken wie z. B. Essst\u00f6rungen, Autoaggressivit\u00e4t, Kriminalpr\u00e4vention, Schuldenpr\u00e4vention \/ Finanzkompetenz etc. Beratung und Hilfe an.<\/p>\n<p>In der <strong>neunten und zehnten Klasse<\/strong> zeigt sich das gemeinsame Bewusstsein aller Beteiligten f\u00fcr die Bedeutung des sozialen Lernens dadurch, dass Sch\u00fclerinnen und Sch\u00fcler verantwortliches Handeln \u00fcbernehmen und bisher Erlerntes umsetzen, indem sie sich z. B. zu Schulsanit\u00e4tern (schon ab 7. Klasse), Medienscouts, Streitschlichtern, Busbegleitern (ab 8. Klasse) oder Paten ausbilden lassen. Dieses Konzept der verantwortungsbewussten \u00e4lteren Sch\u00fclerinnen und Sch\u00fcler bew\u00e4hrt sich, da sie durch ihr Handeln als Vorbilder angesehen werden und die Schultraditionen und \u2013werte durch Vorleben weitergeben.<\/p>\n<p><strong>SV \u2013 Arbeit<\/strong><\/p>\n<p>\u201eSchule ist nicht nur Unterricht\u201c \u2013 Nach diesem einfachen Leitsatz gestalten die Mitglieder der Sch\u00fclervertretung das Zusammenleben an unserer Schule. Es werden jahrgangs\u00fcbergreifende Aktionen, wie Schulwandertage, Sportturniere und Wettbewerbe organisiert. Um das Gemeinschaftsgef\u00fchl aller Sch\u00fclerinnen und Sch\u00fcler an der FFG auch sichtbar zu st\u00e4rken, werden zudem unsere Schulshirts durch die SV gestaltet.<\/p>\n<p>Insbesondere f\u00fcr die Rechte aller Sch\u00fclerinnen und Sch\u00fcler und die pers\u00f6nlichen Anliegen einzelner Sch\u00fclerinnen und Sch\u00fcler macht sich die SV stark, sodass z. B. die Sch\u00fclernachhilfe organisiert wird.<\/p>\n<p>Das wichtigste Ziel der SV-Arbeit ist, dass Werte wie Respekt, Zivilcourage und Demokratie an unserer Schule nicht nur gelehrt, sondern in vielf\u00e4ltiger Weise gelebt werden.<\/p>\n","protected":false},"excerpt":{"rendered":"<p>Eine demokratische Schulkultur ruft eine positive Lernkultur hervor, in der das Individuum wertgesch\u00e4tzt wird. Deswegen hat das soziale Lernen in unserer Schule eine zentrale Bedeutung. Es umfasst den Erwerb bestimmter Kompetenzen zur Gew\u00e4hrleistung eines fairen Miteinanders im Schulbetrieb und dar\u00fcber hinaus. Der Erwerb und die Entwicklung sozialer und emotionaler Kompetenzen &hellip;<\/p>\n","protected":false},"author":3,"featured_media":0,"parent":1258,"menu_order":0,"comment_status":"closed","ping_status":"closed","template":"","meta":{"footnotes":""},"class_list":["post-1278","page","type-page","status-publish","hentry"],"_links":{"self":[{"href":"https:\/\/ffgleo.de\/wp\/index.php?rest_route=\/wp\/v2\/pages\/1278","targetHints":{"allow":["GET"]}}],"collection":[{"href":"https:\/\/ffgleo.de\/wp\/index.php?rest_route=\/wp\/v2\/pages"}],"about":[{"href":"https:\/\/ffgleo.de\/wp\/index.php?rest_route=\/wp\/v2\/types\/page"}],"author":[{"embeddable":true,"href":"https:\/\/ffgleo.de\/wp\/index.php?rest_route=\/wp\/v2\/users\/3"}],"replies":[{"embeddable":true,"href":"https:\/\/ffgleo.de\/wp\/index.php?rest_route=%2Fwp%2Fv2%2Fcomments&post=1278"}],"version-history":[{"count":3,"href":"https:\/\/ffgleo.de\/wp\/index.php?rest_route=\/wp\/v2\/pages\/1278\/revisions"}],"predecessor-version":[{"id":7152,"href":"https:\/\/ffgleo.de\/wp\/index.php?rest_route=\/wp\/v2\/pages\/1278\/revisions\/7152"}],"up":[{"embeddable":true,"href":"https:\/\/ffgleo.de\/wp\/index.php?rest_route=\/wp\/v2\/pages\/1258"}],"wp:attachment":[{"href":"https:\/\/ffgleo.de\/wp\/index.php?rest_route=%2Fwp%2Fv2%2Fmedia&parent=1278"}],"curies":[{"name":"wp","href":"https:\/\/api.w.org\/{rel}","templated":true}]}}