{"id":1281,"date":"2017-09-07T17:03:09","date_gmt":"2017-09-07T15:03:09","guid":{"rendered":"http:\/\/ffgleo.de\/wp\/?page_id=1281"},"modified":"2020-05-25T15:24:04","modified_gmt":"2020-05-25T13:24:04","slug":"fremden-und-fremdem-begegnen","status":"publish","type":"page","link":"https:\/\/ffgleo.de\/wp\/?page_id=1281","title":{"rendered":"Klassen- und Studienfahrten"},"content":{"rendered":"<p>Klassen- und Studienfahrten bieten nicht nur die M\u00f6glichkeit, sich in der Gruppe st\u00e4rker zu integrieren, sondern erm\u00f6glichen die Begegnung mit Fremden und Fremdem vor Ort. In der Sekundarstufe I finden an unserer Schule zwei einw\u00f6chige Klassenfahrten statt:<\/p>\n<p>\u2022 In Jahrgang 5 oder 6 findet eine Fahrt in die n\u00e4here Umgebung statt, meist mit einem erlebnisp\u00e4dagogischen Begleitprogramm.<\/p>\n<p><br \/>\u2022 Zu Beginn der Jahrgangsstufe 10 fahren alle Klassen f\u00fcr eine Woche nach England (oder ein anderes englischsprachiges Land) oder Berlin. Diese Studienfahrt beinhaltet Museums- und Denkmalsbesuche, f\u00f6rdert die selbstst\u00e4ndige Orientierung in einer Gro\u00dfstadt, st\u00e4rkt das Sozialverhalten und gibt den Sch\u00fclerinnen und Sch\u00fclern entweder neue Einblicke in die Gegenwart und Vergangenheit der englischen Kultur und Lebensweise oder neue Sichtweisen in Bezug auf unser eigenes Land und dessen Vergangenheit. Die Sch\u00fclerinnen und Sch\u00fcler verlassen die vertraute Umgebung der Schule, Familie und Gemeinde, um neue Erfahrungen zu sammeln. Diese Fahrt wird vor allem in den F\u00e4chern Englisch bzw. Gesellschaftslehre und in den Orientierungsstunden der Klassenlehrerinnen und Klassenlehrer vorbereitet.<\/p>\n\n\n<p><\/p>\n","protected":false},"excerpt":{"rendered":"<p>Klassen- und Studienfahrten bieten nicht nur die M\u00f6glichkeit, sich in der Gruppe st\u00e4rker zu integrieren, sondern erm\u00f6glichen die Begegnung mit Fremden und Fremdem vor Ort. In der Sekundarstufe I finden an unserer Schule zwei einw\u00f6chige Klassenfahrten statt: \u2022 In Jahrgang 5 oder 6 findet eine Fahrt in die n\u00e4here Umgebung &hellip;<\/p>\n","protected":false},"author":3,"featured_media":0,"parent":1258,"menu_order":0,"comment_status":"closed","ping_status":"closed","template":"","meta":{"footnotes":""},"class_list":["post-1281","page","type-page","status-publish","hentry"],"_links":{"self":[{"href":"https:\/\/ffgleo.de\/wp\/index.php?rest_route=\/wp\/v2\/pages\/1281","targetHints":{"allow":["GET"]}}],"collection":[{"href":"https:\/\/ffgleo.de\/wp\/index.php?rest_route=\/wp\/v2\/pages"}],"about":[{"href":"https:\/\/ffgleo.de\/wp\/index.php?rest_route=\/wp\/v2\/types\/page"}],"author":[{"embeddable":true,"href":"https:\/\/ffgleo.de\/wp\/index.php?rest_route=\/wp\/v2\/users\/3"}],"replies":[{"embeddable":true,"href":"https:\/\/ffgleo.de\/wp\/index.php?rest_route=%2Fwp%2Fv2%2Fcomments&post=1281"}],"version-history":[{"count":4,"href":"https:\/\/ffgleo.de\/wp\/index.php?rest_route=\/wp\/v2\/pages\/1281\/revisions"}],"predecessor-version":[{"id":6197,"href":"https:\/\/ffgleo.de\/wp\/index.php?rest_route=\/wp\/v2\/pages\/1281\/revisions\/6197"}],"up":[{"embeddable":true,"href":"https:\/\/ffgleo.de\/wp\/index.php?rest_route=\/wp\/v2\/pages\/1258"}],"wp:attachment":[{"href":"https:\/\/ffgleo.de\/wp\/index.php?rest_route=%2Fwp%2Fv2%2Fmedia&parent=1281"}],"curies":[{"name":"wp","href":"https:\/\/api.w.org\/{rel}","templated":true}]}}