{"id":1307,"date":"2017-09-07T20:19:45","date_gmt":"2017-09-07T18:19:45","guid":{"rendered":"http:\/\/ffgleo.de\/wp\/?page_id=1307"},"modified":"2017-09-09T23:19:16","modified_gmt":"2017-09-09T21:19:16","slug":"jahrgang-7","status":"publish","type":"page","link":"https:\/\/ffgleo.de\/wp\/?page_id=1307","title":{"rendered":"Jahrgang 7"},"content":{"rendered":"<h4>Fachunterricht<\/h4>\n<ul>\n<li>Deutsch<\/li>\n<li>Gesellschaftslehre<\/li>\n<li>Mathematik<\/li>\n<li>Naturwissenschaften Chemie<\/li>\n<li>Englisch<\/li>\n<li>Arbeitslehre Wirtschaft<\/li>\n<li>Musik<\/li>\n<li>Religionslehre<\/li>\n<li>Sport<\/li>\n<li>Wahlpflichtunterricht<\/li>\n<\/ul>\n<p>&nbsp;<\/p>\n<h4>besondere Vorhaben<\/h4>\n<ul>\n<li><a href=\"https:\/\/ffgleo.de\/wp\/?page_id=1643\">Suchtpr\u00e4vention<\/a><\/li>\n<li><a href=\"https:\/\/ffgleo.de\/wp\/?page_id=1648\">Den eigenen K\u00f6rper sch\u00e4tzen und sch\u00fctzen lernen<\/a><\/li>\n<\/ul>\n","protected":false},"excerpt":{"rendered":"<p>Fachunterricht Deutsch Gesellschaftslehre Mathematik Naturwissenschaften Chemie Englisch Arbeitslehre Wirtschaft Musik Religionslehre Sport Wahlpflichtunterricht &nbsp; besondere Vorhaben Suchtpr\u00e4vention Den eigenen K\u00f6rper sch\u00e4tzen und sch\u00fctzen lernen<\/p>\n","protected":false},"author":3,"featured_media":0,"parent":1260,"menu_order":0,"comment_status":"closed","ping_status":"closed","template":"","meta":{"footnotes":""},"class_list":["post-1307","page","type-page","status-publish","hentry"],"_links":{"self":[{"href":"https:\/\/ffgleo.de\/wp\/index.php?rest_route=\/wp\/v2\/pages\/1307","targetHints":{"allow":["GET"]}}],"collection":[{"href":"https:\/\/ffgleo.de\/wp\/index.php?rest_route=\/wp\/v2\/pages"}],"about":[{"href":"https:\/\/ffgleo.de\/wp\/index.php?rest_route=\/wp\/v2\/types\/page"}],"author":[{"embeddable":true,"href":"https:\/\/ffgleo.de\/wp\/index.php?rest_route=\/wp\/v2\/users\/3"}],"replies":[{"embeddable":true,"href":"https:\/\/ffgleo.de\/wp\/index.php?rest_route=%2Fwp%2Fv2%2Fcomments&post=1307"}],"version-history":[{"count":3,"href":"https:\/\/ffgleo.de\/wp\/index.php?rest_route=\/wp\/v2\/pages\/1307\/revisions"}],"predecessor-version":[{"id":1650,"href":"https:\/\/ffgleo.de\/wp\/index.php?rest_route=\/wp\/v2\/pages\/1307\/revisions\/1650"}],"up":[{"embeddable":true,"href":"https:\/\/ffgleo.de\/wp\/index.php?rest_route=\/wp\/v2\/pages\/1260"}],"wp:attachment":[{"href":"https:\/\/ffgleo.de\/wp\/index.php?rest_route=%2Fwp%2Fv2%2Fmedia&parent=1307"}],"curies":[{"name":"wp","href":"https:\/\/api.w.org\/{rel}","templated":true}]}}