{"id":1348,"date":"2017-09-07T21:02:55","date_gmt":"2017-09-07T19:02:55","guid":{"rendered":"http:\/\/ffgleo.de\/wp\/?page_id=1348"},"modified":"2019-02-12T12:50:13","modified_gmt":"2019-02-12T11:50:13","slug":"mosyr","status":"publish","type":"page","link":"https:\/\/ffgleo.de\/wp\/?page_id=1348","title":{"rendered":"Mosyr"},"content":{"rendered":"<h4>Schule 13, Mosyr, Belarus<a href=\"https:\/\/ffgleo.de\/wp\/wp-content\/uploads\/2017\/09\/Mosyr1.jpg\"><img loading=\"lazy\" decoding=\"async\" class=\"alignright size-thumbnail wp-image-1349\" src=\"https:\/\/ffgleo.de\/wp\/wp-content\/uploads\/2017\/09\/Mosyr1-150x150.jpg\" alt=\"\" width=\"150\" height=\"150\" srcset=\"https:\/\/ffgleo.de\/wp\/wp-content\/uploads\/2017\/09\/Mosyr1-150x150.jpg 150w, https:\/\/ffgleo.de\/wp\/wp-content\/uploads\/2017\/09\/Mosyr1-160x160.jpg 160w, https:\/\/ffgleo.de\/wp\/wp-content\/uploads\/2017\/09\/Mosyr1-320x320.jpg 320w\" sizes=\"auto, (max-width: 150px) 100vw, 150px\" \/><\/a><\/h4>\n<p>Die Partnerschule, die Schule 13, befindet sich in der Stadt Mosyr, 1600 km von Leopoldsh\u00f6he entfernt. Die N\u00e4he dieser wei\u00dfrussischen Stadt zu Tschernobyl in der Ukraine hat zur Folge, dass die Menschen dort nach wie vor unter der atomaren Katastrophe aus dem Jahre 1986 leiden. Die Gesundheit der Sch\u00fclerinnen und Sch\u00fcler dort ist keine Selbstverst\u00e4ndlichkeit.<br \/>\nDie erste Austauschbegegnung fand im Mai\/Juni<strong> 2011<\/strong> statt. Die Sch\u00fclerinnen und Sch\u00fcler aus Belarus nahmen am Musik-, Kunst-, und Sportunterricht teil und bereiteten gemeinsam mit den Kindern der 6. Klassen eine Pr\u00e4sentation ihrer Unterrichtsergebnisse vor. Dort wurden auch viele Bilder aus Wei\u00dfrussland und Mosyr gezeigt sowie wei\u00dfrussische Lieder gesungen, damit alle eine Vorstellung von ihrer Heimat entwickeln konnten.<br \/>\n<strong>2012<\/strong> gab es ein Tanzprojekt, an dem 25 Sch\u00fclerinnen aus dem sechsten Jahrgang zusammen mit den wei\u00dfrussischen Sch\u00fclerinnen teilnahmen. Das Tanzprojekt \u201eSchritte aufeinander zu sind Schritte in die richtige Richtung\u201c wurde angeleitet von einem Tanzlehrer und einer Tanzlehrerin aus Bielefeld. Das Projekt endete mit einer gemeinsamen Auff\u00fchrung der erarbeiteten T\u00e4nze.<br \/>\n<strong>2013<\/strong> folg<a href=\"https:\/\/ffgleo.de\/wp\/wp-content\/uploads\/2017\/09\/Mosyr2.jpg\"><img loading=\"lazy\" decoding=\"async\" class=\"size-thumbnail wp-image-1350 alignleft\" src=\"https:\/\/ffgleo.de\/wp\/wp-content\/uploads\/2017\/09\/Mosyr2-150x150.jpg\" alt=\"\" width=\"150\" height=\"150\" srcset=\"https:\/\/ffgleo.de\/wp\/wp-content\/uploads\/2017\/09\/Mosyr2-150x150.jpg 150w, https:\/\/ffgleo.de\/wp\/wp-content\/uploads\/2017\/09\/Mosyr2-160x160.jpg 160w, https:\/\/ffgleo.de\/wp\/wp-content\/uploads\/2017\/09\/Mosyr2-320x320.jpg 320w\" sizes=\"auto, (max-width: 150px) 100vw, 150px\" \/><\/a>te ein Zirkusprojekt unter professioneller Anleitung eines Zirkusdirektors\/ Zirkusp\u00e4dagogen. Die Sch\u00fclerinnen und Sch\u00fcler des 6. Jahrgangs konnten sich zwischen Jonglage, Akrobatik und Theater entscheiden. In k\u00fcrzester Zeit wurden bewundernswerte Fortschritte in den Zirkusdisziplinen gemacht. Der Applaus am Ende der Pr\u00e4sentation zeigte, dass die Zuschauer mit der Vorstellung sehr zufrieden waren.<br \/>\n<strong>2014<\/strong> schloss sich ein M\u00e4rchenprojekt unter k\u00fcnstlerischer Anleitung einer Theaterp\u00e4dagogin an. In dem selbst entwickelten M\u00e4rchen trafen russische und deutsche M\u00e4rchenfiguren im Teutoburger Wald aufeinander. Viele Prinzessinnen, Prinzen und auch Ungeheuer waren unterwegs, um das \u201edeutsch-wei\u00dfrussische Sommerm\u00e4rchen\u201c bei der Pr\u00e4sentation mit einem \u201eHappy End\u201c zu bringen. Den Zuschauern wurde ein farbenpr\u00e4chtiges, aktionsreiches und spannendes Spektakel geboten.<br \/>\nDie f\u00fcnfte Austauschbegegnung fand <strong>2015<\/strong> als Musicalprojekt \u201eIhr und wir\u201c statt. Die k\u00fcnstlerische Leitung hatte eine professionelle Musicaldarstellerin. Die Geschichte wurde selbst entwickelt. Das Thema ist die Frage, wer sind die besseren- ihr oder wir? Dieser Streit und Wettstreit spielte im Reich der V\u00f6gel und nahm nat\u00fcrlich ein friedliches, friedfertiges Ende. Es wurde sehr erfolgreich geschauspielert, gesungen und getanzt. Das Publikum belohnte die Akteure mit reichlich Applaus.<\/p>\n<p><a href=\"https:\/\/ffgleo.de\/wp\/?page_id=1427\"><img loading=\"lazy\" decoding=\"async\" class=\"aligncenter size-thumbnail wp-image-1351\" src=\"https:\/\/ffgleo.de\/wp\/wp-content\/uploads\/2017\/09\/Mosyr4-150x150.jpg\" alt=\"\" width=\"150\" height=\"150\" srcset=\"https:\/\/ffgleo.de\/wp\/wp-content\/uploads\/2017\/09\/Mosyr4-150x150.jpg 150w, https:\/\/ffgleo.de\/wp\/wp-content\/uploads\/2017\/09\/Mosyr4-160x160.jpg 160w, https:\/\/ffgleo.de\/wp\/wp-content\/uploads\/2017\/09\/Mosyr4-320x320.jpg 320w\" sizes=\"auto, (max-width: 150px) 100vw, 150px\" \/>Unsere Schule erhielt f\u00fcr diese Projekt auch gro\u00dfe Anerkennung!<\/a><\/p>\n","protected":false},"excerpt":{"rendered":"<p>Schule 13, Mosyr, Belarus Die Partnerschule, die Schule 13, befindet sich in der Stadt Mosyr, 1600 km von Leopoldsh\u00f6he entfernt. Die N\u00e4he dieser wei\u00dfrussischen Stadt zu Tschernobyl in der Ukraine hat zur Folge, dass die Menschen dort nach wie vor unter der atomaren Katastrophe aus dem Jahre 1986 leiden. Die &hellip;<\/p>\n","protected":false},"author":3,"featured_media":0,"parent":1204,"menu_order":0,"comment_status":"closed","ping_status":"closed","template":"","meta":{"footnotes":""},"class_list":["post-1348","page","type-page","status-publish","hentry"],"_links":{"self":[{"href":"https:\/\/ffgleo.de\/wp\/index.php?rest_route=\/wp\/v2\/pages\/1348","targetHints":{"allow":["GET"]}}],"collection":[{"href":"https:\/\/ffgleo.de\/wp\/index.php?rest_route=\/wp\/v2\/pages"}],"about":[{"href":"https:\/\/ffgleo.de\/wp\/index.php?rest_route=\/wp\/v2\/types\/page"}],"author":[{"embeddable":true,"href":"https:\/\/ffgleo.de\/wp\/index.php?rest_route=\/wp\/v2\/users\/3"}],"replies":[{"embeddable":true,"href":"https:\/\/ffgleo.de\/wp\/index.php?rest_route=%2Fwp%2Fv2%2Fcomments&post=1348"}],"version-history":[{"count":4,"href":"https:\/\/ffgleo.de\/wp\/index.php?rest_route=\/wp\/v2\/pages\/1348\/revisions"}],"predecessor-version":[{"id":4795,"href":"https:\/\/ffgleo.de\/wp\/index.php?rest_route=\/wp\/v2\/pages\/1348\/revisions\/4795"}],"up":[{"embeddable":true,"href":"https:\/\/ffgleo.de\/wp\/index.php?rest_route=\/wp\/v2\/pages\/1204"}],"wp:attachment":[{"href":"https:\/\/ffgleo.de\/wp\/index.php?rest_route=%2Fwp%2Fv2%2Fmedia&parent=1348"}],"curies":[{"name":"wp","href":"https:\/\/api.w.org\/{rel}","templated":true}]}}