{"id":1372,"date":"2017-09-08T23:28:46","date_gmt":"2017-09-08T21:28:46","guid":{"rendered":"http:\/\/ffgleo.de\/wp\/?page_id=1372"},"modified":"2018-04-03T18:31:59","modified_gmt":"2018-04-03T16:31:59","slug":"korrespondenz-schule","status":"publish","type":"page","link":"https:\/\/ffgleo.de\/wp\/?page_id=1372","title":{"rendered":"Korrespondenz-Schule"},"content":{"rendered":"<p>Unsere Schule nimmt am Modellversuch &#8222;Korrespondenzschule&#8220; teil. Hier erfahren Sie, worum es dabei geht und was momentan &#8222;Stand der Dinge&#8220; ist.<\/p>\n<p>&nbsp;<\/p>\n<h4>Die Korrespondenzschule<\/h4>\n<ul>\n<li>ist ein Modellversuch f\u00fcr Schulen in der Region Ostwestfalen-Lippe.<\/li>\n<li>ist ein m\u00f6glicher, aber nicht zwangsl\u00e4ufiger Schritt in Richtung &#8222;Selbstst\u00e4ndige Schule&#8220;.<\/li>\n<li>m\u00f6chte die Bildungslandschaft OWL nach vergleichbaren Standards entwickeln, in Kooperation der Schulen untereinander und mit externen Partnern, insbesondere den Schultr\u00e4gern.<\/li>\n<\/ul>\n<p>&nbsp;<\/p>\n<h4>Selbstst\u00e4ndige Schule<\/h4>\n<p>&#8230;ist ein Modellversuch f\u00fcr Schulen in NRW, in dem eine neue Selbstst\u00e4ndigkeit von Schulen in f\u00fcnf Arbeitsfeldern schrittweise erprobt werden soll. Diese f\u00fcnf Arbeitsfelder sind:<\/p>\n<ul>\n<li>Personalbewirtschaftung,<\/li>\n<li>Sachmittelbewirtschaftung,<\/li>\n<li>Unterrichtsorganisation und Unterrichtsgestaltung,<\/li>\n<li>Innere Organisation und Mitwirkung,<\/li>\n<li>Qualit\u00e4tssicherung und Rechenschaftslegung.<\/li>\n<\/ul>\n<p><img loading=\"lazy\" decoding=\"async\" class=\"alignright wp-image-1373 size-full\" src=\"https:\/\/ffgleo.de\/wp\/wp-content\/uploads\/2017\/09\/schule_und_co_200.jpg\" alt=\"\" width=\"200\" height=\"97\" \/>Die Korrespondenzschule beschr\u00e4nkt sich im Wesentlichen auf eines der f\u00fcnf Arbeitsfelder, das der Unterrichtsorganisation und Unterrichtsgestaltung. Dabei werden die Konzepte f\u00fcr dieses Modellvorhaben von dem Projekt &#8222;Schule &amp; Co.&#8220; \u00fcbernommen. An diesem gemeinsamen Projekt des Ministeriums f\u00fcr Schule, Wissenschaft und Forschung NRW und der Bertelsmann-Stiftung zur St\u00e4rkung von Schulen im kommunalen und regionalen Umfeld im Kreis Herford und der Stadt Leverkusen haben zu Beginn 52 Schulen aller Schulformen teilgenommen.<\/p>\n<p>&nbsp;<\/p>\n<h4>Die Ausgangssituation<\/h4>\n<p>Von der Schule wird erwartet, dass sie die F\u00e4higkeit zu lebenslangem Lernen vermittelt, dass sie den Erwerb von Schl\u00fcsselkompetenzen f\u00f6rdert und &#8211; seit dem m\u00e4\u00dfigen Abschneiden bei internationalen Vergleichstests &#8211; wird auch die Vermittlung von Fachkompetenzen wieder verst\u00e4rkt gefordert. All das macht einen ver\u00e4nderten Unterricht notwendig.<br \/>\nQualit\u00e4t von Schule ist vor allem Qualit\u00e4t des Unterrichts. Qualit\u00e4t des Unterrichts entsteht in der Zusammenarbeit von Lehrerinnen und Lehrern mit Sch\u00fclerinnen und Sch\u00fclern. Um einen angemessenen und zukunftsorientierten Unterricht zu bieten, brauchen Lehrerinnen und Lehrer Unterst\u00fctzung, Fortbildung und Qualifizierung. Im Kern der Bem\u00fchungen von Schule &amp; Co. stehen die Lehrerinnen und Lehrer, die in erster Linie die Verantwortung f\u00fcr die Qualit\u00e4t des Unterrichts tragen. Dabei geht es Schule &amp; Co. weniger um einzelne Lehrkr\u00e4fte, sondern um Lehrer-Teams.<\/p>\n<p>&nbsp;<\/p>\n<h4>Das Konzept<\/h4>\n<p>Die Zieldimension eines solchen Unterrichts besteht im gezielten Aufbau von Schl\u00fcsselkompetenzen wie Methoden-, Sozial-, Fach-und pers\u00f6nlicher Kompetenz. Der Unterricht muss die Sch\u00fclerinnen und Sch\u00fcler mit Hilfe geeigneter Lernarrangements an das selbstgesteuerte Lernen (<a href=\"http:\/\/www.die-bonn.de\/segel\/lernen\/index.html\">-&gt; SeGeL)<\/a> heranf\u00fchren. Zu diesem Zweck wurde das von Dr. Heinz Klippert entwickelte und an zahlreichen Schulen in Deutschland erprobte Konzept der <a href=\"http:\/\/efwi.bildung-rp.de\/klippert_s1.htm\">-&gt; &#8222;P\u00e4dagogischen Schulentwicklung&#8220;<\/a> aufgegriffen und entsprechend den schulischen und regionalen Zielsetzungen im Projekt Schule &amp; Co. adaptiert und zum Konzept der &#8222;Unterrichtsentwicklung&#8220; weiterentwickelt.<\/p>\n<p><a href=\"https:\/\/ffgleo.de\/wp\/wp-content\/uploads\/2017\/09\/Trainings.gif\"><img loading=\"lazy\" decoding=\"async\" class=\"alignnone wp-image-1374 size-thumbnail\" src=\"https:\/\/ffgleo.de\/wp\/wp-content\/uploads\/2017\/09\/Trainings-150x150.gif\" alt=\"\" width=\"150\" height=\"150\" srcset=\"https:\/\/ffgleo.de\/wp\/wp-content\/uploads\/2017\/09\/Trainings-150x150.gif 150w, https:\/\/ffgleo.de\/wp\/wp-content\/uploads\/2017\/09\/Trainings-160x160.gif 160w, https:\/\/ffgleo.de\/wp\/wp-content\/uploads\/2017\/09\/Trainings-320x320.gif 320w\" sizes=\"auto, (max-width: 150px) 100vw, 150px\" \/><\/a><a href=\"https:\/\/ffgleo.de\/wp\/wp-content\/uploads\/2017\/09\/Einzelschulen.gif\"><img loading=\"lazy\" decoding=\"async\" class=\"alignnone size-thumbnail wp-image-1375\" src=\"https:\/\/ffgleo.de\/wp\/wp-content\/uploads\/2017\/09\/Einzelschulen-150x150.gif\" alt=\"\" width=\"150\" height=\"150\" srcset=\"https:\/\/ffgleo.de\/wp\/wp-content\/uploads\/2017\/09\/Einzelschulen-150x150.gif 150w, https:\/\/ffgleo.de\/wp\/wp-content\/uploads\/2017\/09\/Einzelschulen-160x160.gif 160w, https:\/\/ffgleo.de\/wp\/wp-content\/uploads\/2017\/09\/Einzelschulen-320x320.gif 320w\" sizes=\"auto, (max-width: 150px) 100vw, 150px\" \/><\/a><\/p>\n<p>&nbsp;<\/p>\n<p>Auch die Unterst\u00fctzung der Eltern f\u00fcr eine solche Entscheidung ist eine notwendige Voraussetzung. Entsprechende Elterninformationen sp\u00e4testens vor Beginn der Sockeltrainings in den Klassen haben sich als erfolgversprechend erwiesen. Der Unterrichtsausfall, der mit den Lehrertrainings einhergeht, wird von den Eltern akzeptiert, weil sie sicher sein k\u00f6nnen, dass ihren Kindern anschlie\u00dfend qualitativ besserer Unterricht zugute kommt.<\/p>\n<p>Nach einer positiven Entscheidung der Lehrerkonferenz nimmt das ganze Kollegium an drei Trainingsbausteinen f\u00fcr Lehrerinnen und Lehrer teil: Methodentraining, Kommunikationstraining und Teamentwicklung. Je nach Organisation dieser Lehrertrainings f\u00fchren die Lehrerinnen und Lehrer nach oder auch w\u00e4hrend jeder mehrt\u00e4gigen Trainingseinheit in ihren Klassen so genannte Sockeltrainings f\u00fcr die Sch\u00fclerinnen und Sch\u00fcler durch, die je nach Schulform und Jahrgangsstufe angemessene Zeitstrukturen haben.<\/p>\n<p><a href=\"https:\/\/ffgleo.de\/wp\/wp-content\/uploads\/2017\/09\/Unterrichtsentwicklung.gif\"><img loading=\"lazy\" decoding=\"async\" class=\"size-thumbnail wp-image-1376 aligncenter\" src=\"https:\/\/ffgleo.de\/wp\/wp-content\/uploads\/2017\/09\/Unterrichtsentwicklung-150x150.gif\" alt=\"\" width=\"150\" height=\"150\" srcset=\"https:\/\/ffgleo.de\/wp\/wp-content\/uploads\/2017\/09\/Unterrichtsentwicklung-150x150.gif 150w, https:\/\/ffgleo.de\/wp\/wp-content\/uploads\/2017\/09\/Unterrichtsentwicklung-160x160.gif 160w, https:\/\/ffgleo.de\/wp\/wp-content\/uploads\/2017\/09\/Unterrichtsentwicklung-320x320.gif 320w\" sizes=\"auto, (max-width: 150px) 100vw, 150px\" \/><\/a><\/p>\n<p>&nbsp;<\/p>\n<h4>Chronologie<\/h4>\n<ul>\n<li>3.06.03: Dienstbesprechung zum Thema &#8222;Korrespondenzschule&#8220; in Detmold<\/li>\n<li>24.06.03: Erste Information des Kollegiums auf einer LK<br \/>\nZus\u00e4tzliche schriftliche Information<\/li>\n<li>30.09.03: Information des Kollegiums durch Herrn H\u00f6fer, Dezernentin Detmold; Beschluss einen &#8222;Schnuppertag&#8220; durchzuf\u00fchren<\/li>\n<li>3.11.03: Information der Schulpflegschaft<\/li>\n<li>3.03.04: Schnuppertag<\/li>\n<li>16.03.04: Beschluss der Lehrerkonferenz, an dem Modellversuch zur Korrespondenzschule teilzunehmen<\/li>\n<li>18.05.04: Beschluss der Schulkonferenz<\/li>\n<li>29.08.06: Mitteilung der Bezirksregierung, dass unsere Schule indiesem Schuljahr an dem Projekt teilnehmen kann.<\/li>\n<li>26.09.06: Die Lehrerkonferenz spricht sich nochmals f\u00fcr eine Teilnahme an dem Projekt &#8222;Korrespondenzschule&#8220; aus.<br \/>\nDie Mitglieder der Steuergruppe werden gew\u00e4hlt.<\/li>\n<li>29.09.06: Die Kooperationsvereinbarung wird vom B\u00fcrgermeister und vom Schulleiter unterschrieben.<\/li>\n<li>17.10.06: Erster Fortbildungstag der Steuergruppe an der FH Lippe<\/li>\n<li>15.11.06: Erste Sitzung der Steuergruppe mit zweien unserer Unterrichtstrainer, Planung des ersten Fortbildungsblockes f\u00fcr das Kollegium<\/li>\n<li>22.02.07: Informationsveranstaltung f\u00fcr interessierte Eltern<\/li>\n<li>7.-9.03.07: Erster Fortbildungsblock f\u00fcr das gesamte Kollegium zum Thema &#8222;Methoden&#8220;;<\/li>\n<li>27.-29.2.08: Zweiter Fortbildungsblock f\u00fcr das gesamte Kollegium zum Thema &#8222;Teambildung&#8220;.<\/li>\n<\/ul>\n","protected":false},"excerpt":{"rendered":"<p>Unsere Schule nimmt am Modellversuch &#8222;Korrespondenzschule&#8220; teil. Hier erfahren Sie, worum es dabei geht und was momentan &#8222;Stand der Dinge&#8220; ist. &nbsp; Die Korrespondenzschule ist ein Modellversuch f\u00fcr Schulen in der Region Ostwestfalen-Lippe. ist ein m\u00f6glicher, aber nicht zwangsl\u00e4ufiger Schritt in Richtung &#8222;Selbstst\u00e4ndige Schule&#8220;. m\u00f6chte die Bildungslandschaft OWL nach vergleichbaren &hellip;<\/p>\n","protected":false},"author":3,"featured_media":0,"parent":2109,"menu_order":0,"comment_status":"closed","ping_status":"closed","template":"","meta":{"footnotes":""},"class_list":["post-1372","page","type-page","status-publish","hentry"],"_links":{"self":[{"href":"https:\/\/ffgleo.de\/wp\/index.php?rest_route=\/wp\/v2\/pages\/1372","targetHints":{"allow":["GET"]}}],"collection":[{"href":"https:\/\/ffgleo.de\/wp\/index.php?rest_route=\/wp\/v2\/pages"}],"about":[{"href":"https:\/\/ffgleo.de\/wp\/index.php?rest_route=\/wp\/v2\/types\/page"}],"author":[{"embeddable":true,"href":"https:\/\/ffgleo.de\/wp\/index.php?rest_route=\/wp\/v2\/users\/3"}],"replies":[{"embeddable":true,"href":"https:\/\/ffgleo.de\/wp\/index.php?rest_route=%2Fwp%2Fv2%2Fcomments&post=1372"}],"version-history":[{"count":5,"href":"https:\/\/ffgleo.de\/wp\/index.php?rest_route=\/wp\/v2\/pages\/1372\/revisions"}],"predecessor-version":[{"id":1382,"href":"https:\/\/ffgleo.de\/wp\/index.php?rest_route=\/wp\/v2\/pages\/1372\/revisions\/1382"}],"up":[{"embeddable":true,"href":"https:\/\/ffgleo.de\/wp\/index.php?rest_route=\/wp\/v2\/pages\/2109"}],"wp:attachment":[{"href":"https:\/\/ffgleo.de\/wp\/index.php?rest_route=%2Fwp%2Fv2%2Fmedia&parent=1372"}],"curies":[{"name":"wp","href":"https:\/\/api.w.org\/{rel}","templated":true}]}}