{"id":1392,"date":"2017-09-09T00:06:38","date_gmt":"2017-09-08T22:06:38","guid":{"rendered":"http:\/\/ffgleo.de\/wp\/?page_id=1392"},"modified":"2017-09-09T00:12:04","modified_gmt":"2017-09-08T22:12:04","slug":"streitschlichtung","status":"publish","type":"page","link":"https:\/\/ffgleo.de\/wp\/?page_id=1392","title":{"rendered":"Streitschlichtung"},"content":{"rendered":"<p>Seit dem Schuljahr 2010\/2011 gibt es an unserer Schule eine ausgebildete Gruppe von Sch\u00fclern und Sch\u00fclerinnen, die eigenverantwortlich Konflikte innerhalb der Sch\u00fclerschaft schlichten.<\/p>\n<p>Streitschlichtung ist nicht nur in Schulen zu finden, sondern wird genauso in gr\u00f6\u00dferen Betrieben oder beim T\u00e4ter-Opfer-Ausgleich angewandt.<br \/>\nKonflikte werden oft als pers\u00f6nliche Angriffe empfunden, sie verletzten oder bedrohen unser Selbstwertgef\u00fchl. Oft sieht es so aus, als w\u00e4re keine L\u00f6sung in Sicht und die Streitigkeiten blockieren das Zusammenleben und auch den Unterricht.<br \/>\nWir sehen Konflikte als Hinweise, dass in einer Gruppe von Menschen etwas nicht \u201erund l\u00e4uft\u201c. Wir helfen den Kontrahenten den Streit in einer guten Weise zu l\u00f6sen, so dass alle Beteiligten gest\u00e4rkt aus dem Konflikt hervorgehen. Dabei kommt es zu einer Win-Win-Situation, d.h. es gibt keine Verlierer, sondern nur Gewinner.<\/p>\n<blockquote><p><em>Wenn ein starker Wind weht, bauen die einen Mauern, die anderen Windm\u00fchlen.<\/em> (Chinesisches Sprichwort)<\/p><\/blockquote>\n<p>Neugierig geworden? Wollt ihr die Streitschlichter und Streitschlichterinnen einmal kennen lernen? Oder mit einem Streit zu uns kommen? Nur Mut, wendet euch vertrauensvoll an uns!<\/p>\n<p>Ihr findet uns in den Pausen im Raum der Stille (1. Turm, 2 Ebene) oder \u00fcber einen Lehrer, der euch gerne einen Termin vermittelt oder ihr sprecht uns direkt an.<\/p>\n<h3>Die Streitschlichter stellen sich und ihre Arbeit vor<\/h3>\n<h4>Die Streitschlichter<\/h4>\n<p>Die Streitschlichter setzen sich zusammen aus Sch\u00fclern und Sch\u00fclerinnen des 9. und 10. Jahrgangs und der Oberstufe.<\/p>\n<p>Folgende Sch\u00fcler und Sch\u00fclerinnen sind zur Zeit aktiv t\u00e4tig bei den Streitschlichtern:<br \/>\nEbru Kalender, Victoria L\u00fccking, Victoria Madleine Morris, Daniela Wagner, Franziska Gerent, Kathrin Becker, Anna-Sophia Kern, Verena Kroll, Jennifer Teubner, Lukas Grieger, Tanja Aili Maria Pudenz, Sophia Ruff, Rebecca-Sophia Berger, Larissa T\u00f6lke, Patricia Louise Morris, Jule Ziehm<\/p>\n<p>Wir haben die Ausbildung in der Schule in Zusammenarbeit mit dem Institut \u201eArbeit und Leben e. V.\u201c 2010 absolviert. Seit diesem Zeitpunkt arbeiten nun regelm\u00e4\u00dfig in einer AG zusammen. Begleitet werden wir von Frau Riepe.<\/p>\n<p>&nbsp;<\/p>\n<h4>Organisation in der Schule<\/h4>\n<p>Wenn ihr Kontakt zu uns aufnehmen wollt, weil ihr ein Problem mit euren Mitsch\u00fclern habt oder uns einfach mal kennen lernen wollt, dann findet ihr uns in den Pausen im Raum der Stille oder auf dem Schulhof. Auch die Lehrer und Lehrerinnen vermitteln euch gerne einen Termin mit uns. Damit ihr wisst, wie wir aussehen, h\u00e4ngen unsere Fotos im \u201ealten Kiosk\u201c bzw. jetzigen Sanit\u00e4tsraum.<\/p>\n<h4>Erkl\u00e4rung zur Streitschlichtung<\/h4>\n<p>In der folgenden Fotostory k\u00f6nnt ihr sehen, wie ein Ablauf einer m\u00f6glichen Schlichtung erfolgen kann:<\/p>\n<ol>\n<li><strong>Es kommt zum Streit<\/strong><\/li>\n<li><strong>Zu den Streitschlichtern<\/strong><\/li>\n<li><strong>Den Streit erz\u00e4hlen<\/strong><\/li>\n<li><strong>L\u00f6sungen finden<\/strong><\/li>\n<li><strong>Sich gemeinsam auf den Weg machen<\/strong><\/li>\n<\/ol>\n<p>&nbsp;<\/p>\n<p style=\"text-align: center;\"><strong>Der Streit (1)<\/strong><\/p>\n<p style=\"text-align: left;\"><a href=\"https:\/\/ffgleo.de\/wp\/wp-content\/uploads\/2017\/09\/165_500.jpg\"><img loading=\"lazy\" decoding=\"async\" class=\"size-thumbnail wp-image-1393 aligncenter\" src=\"https:\/\/ffgleo.de\/wp\/wp-content\/uploads\/2017\/09\/165_500-150x150.jpg\" alt=\"\" width=\"150\" height=\"150\" srcset=\"https:\/\/ffgleo.de\/wp\/wp-content\/uploads\/2017\/09\/165_500-150x150.jpg 150w, https:\/\/ffgleo.de\/wp\/wp-content\/uploads\/2017\/09\/165_500-160x160.jpg 160w, https:\/\/ffgleo.de\/wp\/wp-content\/uploads\/2017\/09\/165_500-320x320.jpg 320w\" sizes=\"auto, (max-width: 150px) 100vw, 150px\" \/><\/a>Es kommt zu einem Streit, den die Beteiligten nicht alleine l\u00f6sen k\u00f6nnen.<\/p>\n<p style=\"text-align: center;\"><strong>Zu den Streitschlichtern (2)<\/strong><\/p>\n<p style=\"text-align: left;\"><a href=\"https:\/\/ffgleo.de\/wp\/wp-content\/uploads\/2017\/09\/170_500.jpg\"><img loading=\"lazy\" decoding=\"async\" class=\"aligncenter wp-image-1394 size-thumbnail\" src=\"https:\/\/ffgleo.de\/wp\/wp-content\/uploads\/2017\/09\/170_500-150x150.jpg\" alt=\"\" width=\"150\" height=\"150\" srcset=\"https:\/\/ffgleo.de\/wp\/wp-content\/uploads\/2017\/09\/170_500-150x150.jpg 150w, https:\/\/ffgleo.de\/wp\/wp-content\/uploads\/2017\/09\/170_500-160x160.jpg 160w, https:\/\/ffgleo.de\/wp\/wp-content\/uploads\/2017\/09\/170_500-320x320.jpg 320w\" sizes=\"auto, (max-width: 150px) 100vw, 150px\" \/><\/a>Die Kontrahenten finden den Weg zu den Streitschlichtern. Die Teilnahme ist freiwillig, Lehrer k\u00f6nnen jedoch Empfehlungen aussprechen. Der Ablauf die Schlichtung wird besprochen. Regeln wie Allparteilichkeit und Vertraulichkeit werden erkl\u00e4rt.<\/p>\n<p style=\"text-align: center;\"><strong>Den Streit erz\u00e4hlen (3)<\/strong><\/p>\n<p><a href=\"https:\/\/ffgleo.de\/wp\/wp-content\/uploads\/2017\/09\/173_500.jpg\"><img loading=\"lazy\" decoding=\"async\" class=\"aligncenter size-thumbnail wp-image-1395\" src=\"https:\/\/ffgleo.de\/wp\/wp-content\/uploads\/2017\/09\/173_500-150x150.jpg\" alt=\"\" width=\"150\" height=\"150\" srcset=\"https:\/\/ffgleo.de\/wp\/wp-content\/uploads\/2017\/09\/173_500-150x150.jpg 150w, https:\/\/ffgleo.de\/wp\/wp-content\/uploads\/2017\/09\/173_500-160x160.jpg 160w, https:\/\/ffgleo.de\/wp\/wp-content\/uploads\/2017\/09\/173_500-320x320.jpg 320w\" sizes=\"auto, (max-width: 150px) 100vw, 150px\" \/><\/a>Die Kontrahenten haben Zeit ihre Position in Ruhe darzustellen.<\/p>\n<p style=\"text-align: center;\"><strong>L\u00f6sungen finden (4)<\/strong><\/p>\n<p><a href=\"https:\/\/ffgleo.de\/wp\/wp-content\/uploads\/2017\/09\/178_500.jpg\"><img loading=\"lazy\" decoding=\"async\" class=\"aligncenter size-thumbnail wp-image-1396\" src=\"https:\/\/ffgleo.de\/wp\/wp-content\/uploads\/2017\/09\/178_500-150x150.jpg\" alt=\"\" width=\"150\" height=\"150\" srcset=\"https:\/\/ffgleo.de\/wp\/wp-content\/uploads\/2017\/09\/178_500-150x150.jpg 150w, https:\/\/ffgleo.de\/wp\/wp-content\/uploads\/2017\/09\/178_500-160x160.jpg 160w, https:\/\/ffgleo.de\/wp\/wp-content\/uploads\/2017\/09\/178_500-320x320.jpg 320w\" sizes=\"auto, (max-width: 150px) 100vw, 150px\" \/><\/a>Es werden m\u00f6gliche L\u00f6sungen \u00fcberlegt, besprochen und festgehalten.<\/p>\n<p style=\"text-align: center;\"><strong>Sich gemeinsam auf den Weg machen (5)<\/strong><\/p>\n<p><a href=\"https:\/\/ffgleo.de\/wp\/wp-content\/uploads\/2017\/09\/183_500.jpg\"><img loading=\"lazy\" decoding=\"async\" class=\"aligncenter size-thumbnail wp-image-1397\" src=\"https:\/\/ffgleo.de\/wp\/wp-content\/uploads\/2017\/09\/183_500-150x150.jpg\" alt=\"\" width=\"150\" height=\"150\" srcset=\"https:\/\/ffgleo.de\/wp\/wp-content\/uploads\/2017\/09\/183_500-150x150.jpg 150w, https:\/\/ffgleo.de\/wp\/wp-content\/uploads\/2017\/09\/183_500-160x160.jpg 160w, https:\/\/ffgleo.de\/wp\/wp-content\/uploads\/2017\/09\/183_500-320x320.jpg 320w\" sizes=\"auto, (max-width: 150px) 100vw, 150px\" \/><\/a>Zum Schluss sollten Vereinbarung zwischen den Kontrahenten getroffen werden, die bei einem sp\u00e4teren Zusammentreffen gegebenenfalls \u00fcberpr\u00fcft werden.<\/p>\n<p>&nbsp;<\/p>\n<h4>Wann kann eine Schlichtung stattfinden?<\/h4>\n<p>Wann immer ihr und zwei Streitschlichter Zeit haben. Das kann in der Mittagspause sein oder auch in dringenden F\u00e4llen w\u00e4hrend des Unterrichts. W\u00e4hrend des Unterrichts nur, wenn ihr eine Erlaubnis von den unterrichtenden Lehrern habt!<\/p>\n<p>&nbsp;<\/p>\n<h4>Was wir nicht sind und auch nicht sein wollen.<\/h4>\n<p>Streitschlichter sind ganz normale Sch\u00fcler und Sch\u00fclerinnen. Wir sind nicht unbedingt braver oder besser. Wir haben eine \u201eTechnik\u201c gelernt, um im Streitfall vermitteln zu k\u00f6nnen. Das bedeutet, wir sind keine Polizisten, die im Schulgeb\u00e4ude umherlaufen und \u201eVerd\u00e4chtige\u201c ermahnen oder herausgreifen. Wir sind auch keine Richter, die Urteile f\u00e4llen, sondern schaffen einen Rahmen f\u00fcr eine Verst\u00e4ndigung.<\/p>\n<p>&nbsp;<\/p>\n<h4>Wie kann man Streitschlichter werden?<\/h4>\n<p>F\u00fcr die Klassen des 9. Jahrgangs wird eine AG angeboten, in der man dann eine Ausbildung zum Streitschlichter absolvieren kann und dann auch als Streitschlichter in unserer Schule mitarbeiten kann.<\/p>\n","protected":false},"excerpt":{"rendered":"<p>Seit dem Schuljahr 2010\/2011 gibt es an unserer Schule eine ausgebildete Gruppe von Sch\u00fclern und Sch\u00fclerinnen, die eigenverantwortlich Konflikte innerhalb der Sch\u00fclerschaft schlichten. Streitschlichtung ist nicht nur in Schulen zu finden, sondern wird genauso in gr\u00f6\u00dferen Betrieben oder beim T\u00e4ter-Opfer-Ausgleich angewandt. Konflikte werden oft als pers\u00f6nliche Angriffe empfunden, sie verletzten &hellip;<\/p>\n","protected":false},"author":3,"featured_media":0,"parent":1008,"menu_order":0,"comment_status":"closed","ping_status":"closed","template":"","meta":{"footnotes":""},"class_list":["post-1392","page","type-page","status-publish","hentry"],"_links":{"self":[{"href":"https:\/\/ffgleo.de\/wp\/index.php?rest_route=\/wp\/v2\/pages\/1392","targetHints":{"allow":["GET"]}}],"collection":[{"href":"https:\/\/ffgleo.de\/wp\/index.php?rest_route=\/wp\/v2\/pages"}],"about":[{"href":"https:\/\/ffgleo.de\/wp\/index.php?rest_route=\/wp\/v2\/types\/page"}],"author":[{"embeddable":true,"href":"https:\/\/ffgleo.de\/wp\/index.php?rest_route=\/wp\/v2\/users\/3"}],"replies":[{"embeddable":true,"href":"https:\/\/ffgleo.de\/wp\/index.php?rest_route=%2Fwp%2Fv2%2Fcomments&post=1392"}],"version-history":[{"count":4,"href":"https:\/\/ffgleo.de\/wp\/index.php?rest_route=\/wp\/v2\/pages\/1392\/revisions"}],"predecessor-version":[{"id":1407,"href":"https:\/\/ffgleo.de\/wp\/index.php?rest_route=\/wp\/v2\/pages\/1392\/revisions\/1407"}],"up":[{"embeddable":true,"href":"https:\/\/ffgleo.de\/wp\/index.php?rest_route=\/wp\/v2\/pages\/1008"}],"wp:attachment":[{"href":"https:\/\/ffgleo.de\/wp\/index.php?rest_route=%2Fwp%2Fv2%2Fmedia&parent=1392"}],"curies":[{"name":"wp","href":"https:\/\/api.w.org\/{rel}","templated":true}]}}