{"id":1399,"date":"2017-09-09T00:07:06","date_gmt":"2017-09-08T22:07:06","guid":{"rendered":"http:\/\/ffgleo.de\/wp\/?page_id=1399"},"modified":"2017-09-09T00:08:15","modified_gmt":"2017-09-08T22:08:15","slug":"busbegleitung","status":"publish","type":"page","link":"https:\/\/ffgleo.de\/wp\/?page_id=1399","title":{"rendered":"Busbegleitung"},"content":{"rendered":"<p>Unter Federf\u00fchrung von Frau Christina P\u00f6rtner, Mitarbeiterin des Vereins &#8222;up to you! Bus &amp; Bahn machen Schule&#8220; e.V. aus Bielefeld sind erneut Sch\u00fclerinnen und Sch\u00fcler zu Busbegleiterinnen und Busbegleitern ausgebildet worden.<\/p>\n<ul>\n<li>Die Fahrzeugbegleiter\/innen sind Ansprechpartner\/innen f\u00fcr mitfahrende Sch\u00fcler\/innen und Fahrer\/innen.<\/li>\n<li>Ihre Aufgabe besteht darin, m\u00f6glichst fr\u00fchzeitig bei Konflikten zwischen jungen Fahrg\u00e4sten einzugreifen, sowie Sch\u00fclerinnen und Sch\u00fcler auf unerw\u00fcnschte Verhaltensweisen w\u00e4hrend der Fahrt und an den Haltestellen aufmerksam zu machen.<\/li>\n<li>Sie melden &#8222;besondere Vorkommnisse&#8220; beim Fahrer\/bei der Fahrerin oder bei den schuleigenen Vertrauenspersonen (Schulleitung, Schulsozialarbeit) an.<\/li>\n<\/ul>\n","protected":false},"excerpt":{"rendered":"<p>Unter Federf\u00fchrung von Frau Christina P\u00f6rtner, Mitarbeiterin des Vereins &#8222;up to you! Bus &amp; Bahn machen Schule&#8220; e.V. aus Bielefeld sind erneut Sch\u00fclerinnen und Sch\u00fcler zu Busbegleiterinnen und Busbegleitern ausgebildet worden. Die Fahrzeugbegleiter\/innen sind Ansprechpartner\/innen f\u00fcr mitfahrende Sch\u00fcler\/innen und Fahrer\/innen. Ihre Aufgabe besteht darin, m\u00f6glichst fr\u00fchzeitig bei Konflikten zwischen jungen &hellip;<\/p>\n","protected":false},"author":3,"featured_media":0,"parent":1008,"menu_order":0,"comment_status":"closed","ping_status":"closed","template":"","meta":{"footnotes":""},"class_list":["post-1399","page","type-page","status-publish","hentry"],"_links":{"self":[{"href":"https:\/\/ffgleo.de\/wp\/index.php?rest_route=\/wp\/v2\/pages\/1399","targetHints":{"allow":["GET"]}}],"collection":[{"href":"https:\/\/ffgleo.de\/wp\/index.php?rest_route=\/wp\/v2\/pages"}],"about":[{"href":"https:\/\/ffgleo.de\/wp\/index.php?rest_route=\/wp\/v2\/types\/page"}],"author":[{"embeddable":true,"href":"https:\/\/ffgleo.de\/wp\/index.php?rest_route=\/wp\/v2\/users\/3"}],"replies":[{"embeddable":true,"href":"https:\/\/ffgleo.de\/wp\/index.php?rest_route=%2Fwp%2Fv2%2Fcomments&post=1399"}],"version-history":[{"count":3,"href":"https:\/\/ffgleo.de\/wp\/index.php?rest_route=\/wp\/v2\/pages\/1399\/revisions"}],"predecessor-version":[{"id":1404,"href":"https:\/\/ffgleo.de\/wp\/index.php?rest_route=\/wp\/v2\/pages\/1399\/revisions\/1404"}],"up":[{"embeddable":true,"href":"https:\/\/ffgleo.de\/wp\/index.php?rest_route=\/wp\/v2\/pages\/1008"}],"wp:attachment":[{"href":"https:\/\/ffgleo.de\/wp\/index.php?rest_route=%2Fwp%2Fv2%2Fmedia&parent=1399"}],"curies":[{"name":"wp","href":"https:\/\/api.w.org\/{rel}","templated":true}]}}