{"id":1408,"date":"2017-09-09T10:32:41","date_gmt":"2017-09-09T08:32:41","guid":{"rendered":"http:\/\/ffgleo.de\/wp\/?page_id=1408"},"modified":"2023-11-14T13:58:32","modified_gmt":"2023-11-14T12:58:32","slug":"links","status":"publish","type":"page","link":"https:\/\/ffgleo.de\/wp\/?page_id=1408","title":{"rendered":"Weiterf\u00fchrende Links"},"content":{"rendered":"<p>Hier finden Sie weiterf\u00fchrende Links zu anderen Seiten mit unseres Erachtens hilfreichen Informationen.<\/p>\n<h4 style=\"text-align: center;\">Schulbezogene Links<\/h4>\n<ul>\n<li><a href=\"http:\/\/www.ggg-web.de\" target=\"_blank\" rel=\"noopener noreferrer\">www.ggg-web.de<\/a><br \/>\nGemeinn\u00fctzige Gesellschaft Gesamtschule e.V.<\/li>\n<li><a href=\"http:\/\/www.leopoldshoehe.de\">www.leopoldshoehe.de<\/a><br \/>\nHomepage der Gemeinde Leopoldsh\u00f6he<\/li>\n<\/ul>\n<h4 style=\"text-align: center;\">Bildungsserver<\/h4>\n<ul>\n<li><a href=\"http:\/\/www.schulministerium.nrw.de\">www.schulministerium.nrw.de<\/a><br \/>\nDas Bildungsportal des Ministeriums f\u00fcr Schule und Weiterbildung in NRW<\/li>\n<li><a href=\"http:\/\/www.bezreg-detmold.nrw.de\">www.bezreg-detmold.nrw.de<\/a><br \/>\nBezirksregierung Detmold<\/li>\n<li><a href=\"http:\/\/www.bildungsserver.de\">www.bildungsserver.de<\/a><br \/>\nDeutscher Bildungsserver<\/li>\n<li><a href=\"http:\/\/www.lehrer-online.de\">www.lehrer-online.de<\/a><br \/>\n&#8222;Lehrer Online&#8220; ist ein Projekt von &#8222;Schulen ans Netz&#8220;<\/li>\n<li><a href=\"http:\/\/www.lernzeit.de\">www.lernzeit.de<\/a><br \/>\nWissen im WDR<\/li>\n<li><a href=\"http:\/\/www.planet-wissen.de\">www.planet-wissen.de<\/a><br \/>\nPlanet Wissen ist ein Angebot von WDR, SWR und BR-alpha<\/li>\n<li><a href=\"http:\/\/www.medienberatung.nrw.de\">www.medienberatung.nrw.de<\/a><br \/>\nMedienberatung \/ e-teams<\/li>\n<\/ul>\n<h4 style=\"text-align: center;\">Seiten f\u00fcr Sch\u00fcler\/innen<\/h4>\n<ul>\n<li><a href=\"http:\/\/www.internet-abc.de\">www.internet-abc.de<\/a><br \/>\nDas ABC des Internets &#8211; f\u00fcr Kinder und Eltern<\/li>\n<li><a href=\"http:\/\/www.blinde-kuh.de\">www.blinde-kuh.de<\/a><br \/>\nSuchmaschine f\u00fcr J\u00fcngere<\/li>\n<li><a href=\"http:\/\/www.girls-day.de\">www.girls-day.de<\/a><br \/>\ngirls and boys day<\/li>\n<\/ul>\n","protected":false},"excerpt":{"rendered":"<p>Hier finden Sie weiterf\u00fchrende Links zu anderen Seiten mit unseres Erachtens hilfreichen Informationen. Schulbezogene Links www.ggg-web.de Gemeinn\u00fctzige Gesellschaft Gesamtschule e.V. www.leopoldshoehe.de Homepage der Gemeinde Leopoldsh\u00f6he Bildungsserver www.schulministerium.nrw.de Das Bildungsportal des Ministeriums f\u00fcr Schule und Weiterbildung in NRW www.bezreg-detmold.nrw.de Bezirksregierung Detmold www.bildungsserver.de Deutscher Bildungsserver www.lehrer-online.de &#8222;Lehrer Online&#8220; ist ein Projekt von &hellip;<\/p>\n","protected":false},"author":3,"featured_media":0,"parent":1010,"menu_order":0,"comment_status":"closed","ping_status":"closed","template":"","meta":{"footnotes":""},"class_list":["post-1408","page","type-page","status-publish","hentry"],"_links":{"self":[{"href":"https:\/\/ffgleo.de\/wp\/index.php?rest_route=\/wp\/v2\/pages\/1408","targetHints":{"allow":["GET"]}}],"collection":[{"href":"https:\/\/ffgleo.de\/wp\/index.php?rest_route=\/wp\/v2\/pages"}],"about":[{"href":"https:\/\/ffgleo.de\/wp\/index.php?rest_route=\/wp\/v2\/types\/page"}],"author":[{"embeddable":true,"href":"https:\/\/ffgleo.de\/wp\/index.php?rest_route=\/wp\/v2\/users\/3"}],"replies":[{"embeddable":true,"href":"https:\/\/ffgleo.de\/wp\/index.php?rest_route=%2Fwp%2Fv2%2Fcomments&post=1408"}],"version-history":[{"count":13,"href":"https:\/\/ffgleo.de\/wp\/index.php?rest_route=\/wp\/v2\/pages\/1408\/revisions"}],"predecessor-version":[{"id":8914,"href":"https:\/\/ffgleo.de\/wp\/index.php?rest_route=\/wp\/v2\/pages\/1408\/revisions\/8914"}],"up":[{"embeddable":true,"href":"https:\/\/ffgleo.de\/wp\/index.php?rest_route=\/wp\/v2\/pages\/1010"}],"wp:attachment":[{"href":"https:\/\/ffgleo.de\/wp\/index.php?rest_route=%2Fwp%2Fv2%2Fmedia&parent=1408"}],"curies":[{"name":"wp","href":"https:\/\/api.w.org\/{rel}","templated":true}]}}