{"id":1427,"date":"2017-09-09T11:12:46","date_gmt":"2017-09-09T09:12:46","guid":{"rendered":"http:\/\/ffgleo.de\/wp\/?page_id=1427"},"modified":"2018-04-03T18:31:59","modified_gmt":"2018-04-03T16:31:59","slug":"schuelerbegegnung-weissrussland","status":"publish","type":"page","link":"https:\/\/ffgleo.de\/wp\/?page_id=1427","title":{"rendered":"Sch\u00fclerbegegnung Wei\u00dfrussland"},"content":{"rendered":"<h3>Preis f\u00fcr internationale Projekte<\/h3>\n<h4>Auszeichnung: Die Felix-Fechenbach-Gesamtschule ist f\u00fcr die Sch\u00fclerbegegnung mit Wei\u00dfrussland ausgezeichnet worden<\/h4>\n<p>Leopoldsh\u00f6he (tat). Als bundesweit herausragendes internationales Schulprojekt ist &#8222;Ihr und Wir &#8211; Kindermusical zur Verst\u00e4ndigung und Freundschaft&#8220; mit einem dritten Preis ausgezeichnet worden. Preistr\u00e4ger sind die Felix-Fechenbach-Gesamtschule und die Mittelschule Nr. 13 aus Mosyr in Wei\u00dfrussland. Die Auszeichnung \u00fcberbrachte eine Mitarbeiterin des Landesschulministeriums.<\/p>\n<p>In jedem Jahr kommen 25 Sch\u00fcler der wei\u00dfrussischen Schule f\u00fcr drei Wochen nach Leopoldsh\u00f6he. &#8222;Die j\u00fcngsten sind noch im Grundschulalter&#8220;, sagt Sigrid P\u00f6ppelmann-Terwey, die das Projekt betreut und gleichzeitig Vorsitzende des Lagenser Vereins &#8222;Partner von Tschernobyl&#8220; ist. Die Kinder und Jugendlichen werden in Familien untergebracht. Sie verf\u00fcgen \u00fcber Grundkenntnisse der deutschen Sprache. &#8222;Alles andere wird mit H\u00e4nden und F\u00fc\u00dfen gemacht&#8220;, sagt P\u00f6ppelmann-Terwey.<\/p>\n<p>Neben F\u00e4higkeiten in den klassischen F\u00e4chern sollen die Sch\u00fcler interkulturelle Kompetenzen erwerben. &#8222;Die Begegnung mit Fremdem und Fremden ist ein Schwerpunkt unseres Schulprogramms&#8220;, erl\u00e4uterte Schulleiter Manfred Kurtz bei der \u00dcbergabe der Urkunde durch Friederike Behrens, Vertreterin des Landesministeriums f\u00fcr Schule und Weiterbildung. Die Sch\u00fcler aus Leopoldsh\u00f6he und Mosyr haben das Projekt unter der Leitung deutscher und wei\u00dfrussischer Lehrerinnen und der Theaterp\u00e4dagogin Alina Meinhold gestaltet.<\/p>\n<p>Der j\u00e4hrlich vergebene Preis zeichnet herausragende internationale Schulprojekte aus. An der Gesamtschule gibt es seit 2012 j\u00e4hrlich eine internationale Begegnung mit der Schule Nr. 13. Mosyr liegt etwa 60 Kilometer vom 1986 explodierten Atomreaktor in Tschernobyl entfernt. Die wei\u00dfrussischen Kinder h\u00e4tten durch den Aufenthalt die M\u00f6glichkeit, sich gesundheitlich von der Strahlenbelastung in der Gegend um Tschernobyl zu erholen.<\/p>\n<p>Der mit 750 Euro dotierte Preis wird laut P\u00f6ppelmann-Terwey in die Gestaltung des Projektprogramms 2017 mit den wei\u00dfrussischen Sch\u00fclern einflie\u00dfen. Die Felix-Fechenbach-Gesamtschule unterh\u00e4lt weitere Schulpartnerschaften mit Frankreich, Polen, Schottland und Lettland.<\/p>\n<figure id=\"attachment_1428\" aria-describedby=\"caption-attachment-1428\" style=\"width: 519px\" class=\"wp-caption aligncenter\"><a href=\"https:\/\/ffgleo.de\/wp\/wp-content\/uploads\/2017\/09\/Preisvergabe.jpg\"><img loading=\"lazy\" decoding=\"async\" class=\"wp-image-1428 size-full\" src=\"https:\/\/ffgleo.de\/wp\/wp-content\/uploads\/2017\/09\/Preisvergabe.jpg\" alt=\"\" width=\"519\" height=\"289\" srcset=\"https:\/\/ffgleo.de\/wp\/wp-content\/uploads\/2017\/09\/Preisvergabe.jpg 519w, https:\/\/ffgleo.de\/wp\/wp-content\/uploads\/2017\/09\/Preisvergabe-300x167.jpg 300w\" sizes=\"auto, (max-width: 519px) 100vw, 519px\" \/><\/a><figcaption id=\"caption-attachment-1428\" class=\"wp-caption-text\">Gl\u00fcckwunsch: Sigrid P\u00f6ppelmann-Terwey (vorn li) erh\u00e4lt von Friederike Behrens die Urkunde f\u00fcr den bundesweit dritten Preis. Schulleiter Manfred Kurtz freut sich mit den Sch\u00fclerinnen und Kolleginnen.<\/figcaption><\/figure>\n","protected":false},"excerpt":{"rendered":"<p>Preis f\u00fcr internationale Projekte Auszeichnung: Die Felix-Fechenbach-Gesamtschule ist f\u00fcr die Sch\u00fclerbegegnung mit Wei\u00dfrussland ausgezeichnet worden Leopoldsh\u00f6he (tat). Als bundesweit herausragendes internationales Schulprojekt ist &#8222;Ihr und Wir &#8211; Kindermusical zur Verst\u00e4ndigung und Freundschaft&#8220; mit einem dritten Preis ausgezeichnet worden. Preistr\u00e4ger sind die Felix-Fechenbach-Gesamtschule und die Mittelschule Nr. 13 aus Mosyr in &hellip;<\/p>\n","protected":false},"author":3,"featured_media":0,"parent":2109,"menu_order":0,"comment_status":"closed","ping_status":"closed","template":"","meta":{"footnotes":""},"class_list":["post-1427","page","type-page","status-publish","hentry"],"_links":{"self":[{"href":"https:\/\/ffgleo.de\/wp\/index.php?rest_route=\/wp\/v2\/pages\/1427","targetHints":{"allow":["GET"]}}],"collection":[{"href":"https:\/\/ffgleo.de\/wp\/index.php?rest_route=\/wp\/v2\/pages"}],"about":[{"href":"https:\/\/ffgleo.de\/wp\/index.php?rest_route=\/wp\/v2\/types\/page"}],"author":[{"embeddable":true,"href":"https:\/\/ffgleo.de\/wp\/index.php?rest_route=\/wp\/v2\/users\/3"}],"replies":[{"embeddable":true,"href":"https:\/\/ffgleo.de\/wp\/index.php?rest_route=%2Fwp%2Fv2%2Fcomments&post=1427"}],"version-history":[{"count":2,"href":"https:\/\/ffgleo.de\/wp\/index.php?rest_route=\/wp\/v2\/pages\/1427\/revisions"}],"predecessor-version":[{"id":1432,"href":"https:\/\/ffgleo.de\/wp\/index.php?rest_route=\/wp\/v2\/pages\/1427\/revisions\/1432"}],"up":[{"embeddable":true,"href":"https:\/\/ffgleo.de\/wp\/index.php?rest_route=\/wp\/v2\/pages\/2109"}],"wp:attachment":[{"href":"https:\/\/ffgleo.de\/wp\/index.php?rest_route=%2Fwp%2Fv2%2Fmedia&parent=1427"}],"curies":[{"name":"wp","href":"https:\/\/api.w.org\/{rel}","templated":true}]}}