{"id":1444,"date":"2017-09-09T19:52:26","date_gmt":"2017-09-09T17:52:26","guid":{"rendered":"http:\/\/ffgleo.de\/wp\/?page_id=1444"},"modified":"2025-09-26T08:00:22","modified_gmt":"2025-09-26T06:00:22","slug":"dokumente","status":"publish","type":"page","link":"https:\/\/ffgleo.de\/wp\/?page_id=1444","title":{"rendered":"Dokumente \/ Downloadbereich"},"content":{"rendered":"<p>Viele Informationen werden auch in Dokumentenform \u00fcbersichtlich von uns angeboten. Diese k\u00f6nnen Sie hier lesen und herunterladen.<\/p>\n<h4 style=\"text-align: center;\">Informationen zur Schule<\/h4>\n<ul>\n<li>Informationsbrosch\u00fcre f\u00fcr Eltern <em>(wird derzeit \u00fcberarbeitet<\/em>)<\/li>\n<li><a href=\"https:\/\/ffgleo.de\/wp\/wp-content\/uploads\/2024\/07\/FFG-Schulregeln.pdf\">Schulregeln<\/a> (Stand: 2024; PDF)<\/li>\n<\/ul>\n<h4 style=\"text-align: center;\">Informationen zum Infektionsschutz<\/h4>\n<ul>\n<li><a href=\"https:\/\/ffgleo.de\/wp\/wp-content\/uploads\/2025\/06\/Flyer-Selbstgemachtes-mitgebracht-in-Kita-und-Schule.pdf\">Selbstgemachtes in Schule<\/a> <em>(Stand: 2020<\/em>; PDF)<\/li>\n<li><a href=\"https:\/\/ffgleo.de\/wp\/wp-content\/uploads\/2025\/06\/Hygienisch-zubereiten-Feste-feiern.pdf\">Feste feiern &#8211; Hygiene<\/a> <em>(Stand: 2014<\/em>; PDF)<\/li>\n<li><a href=\"https:\/\/ffgleo.de\/wp\/wp-content\/uploads\/2021\/08\/Belehrungsbogen_Eltern_IfSG_neu.pdf\">Belehrung f\u00fcr Eltern und sonstige Sorgeberechtigte<\/a> (gem. \u00a734 Abs. 5 S. 2 Infektionsschutzgesetz (IfSG)) <em>(Stand: 2020<\/em>; PDF)<\/li>\n<li><a href=\"https:\/\/ffgleo.de\/wp\/wp-content\/uploads\/2025\/06\/Infektionsschutz_Wiederzulassung_Stand-2023.pdf\">Wiederzulassungen f\u00fcr Gemeinschaftseinrichtungen<\/a> <em>(Stand: 2023<\/em>; PDF)<\/li>\n<\/ul>\n<h4>\u00a0<\/h4>\n<h4 style=\"text-align: center;\">Methoden- und Kompetenztraining<\/h4>\n<ul>\n<li><a href=\"https:\/\/ffgleo.de\/wp\/wp-content\/uploads\/2017\/09\/Methodenuebersicht_SII.pdf\">Methoden f\u00fcr die Sekundarstufe II <\/a>(PDF)<\/li>\n<li><a href=\"https:\/\/ffgleo.de\/wp\/wp-content\/uploads\/2017\/09\/AchtUnterrichtsmethoden.pdf\">Die acht kommunikativen Unterrichtsmethoden<\/a> als PDF-Dateien\n<ul>\n<li><a href=\"https:\/\/ffgleo.de\/wp\/wp-content\/uploads\/2017\/09\/Blitzlicht.pdf\">Blitzlicht<\/a><\/li>\n<li><a href=\"https:\/\/ffgleo.de\/wp\/wp-content\/uploads\/2017\/09\/Doppelkreis.pdf\">Doppelkreis<\/a><\/li>\n<li><a href=\"https:\/\/ffgleo.de\/wp\/wp-content\/uploads\/2017\/09\/Gruppenpuzzle_Standbild.pdf\">Gruppenpuzzle und Standbild<\/a><\/li>\n<li><a href=\"https:\/\/ffgleo.de\/wp\/wp-content\/uploads\/2017\/09\/Interview_Fishbowl.pdf\">Interview und Fishbowl<\/a><\/li>\n<li><a href=\"https:\/\/ffgleo.de\/wp\/wp-content\/uploads\/2017\/09\/positionslinie.pdf\">Positionslinie<\/a><\/li>\n<li><a href=\"https:\/\/ffgleo.de\/wp\/wp-content\/uploads\/2017\/09\/stummes_Schreibgespr\u00e4ch.pdf\">Stummes Schreibgespr\u00e4ch<\/a><\/li>\n<\/ul>\n<\/li>\n<li><a href=\"https:\/\/ffgleo.de\/wp\/wp-content\/uploads\/2017\/09\/Facharbeit_Leitfaden_2011.pdf\">Leitfaden zu Facharbeiten<\/a> (PDF)<\/li>\n<li><a href=\"https:\/\/ffgleo.de\/wp\/wp-content\/uploads\/2017\/09\/Kompetenzraster-Pr\u00e4sentation.pdf\">Kompetenzraster: Wie gut ist die Pr\u00e4sentation?<\/a> (PDF)<\/li>\n<li><a href=\"https:\/\/ffgleo.de\/wp\/wp-content\/uploads\/2017\/09\/referieren_Pr\u00e4sentieren.pdf\">Handout: Pr\u00e4sentationen halten<\/a> (PDF)<\/li>\n<\/ul>\n<h4 style=\"text-align: center;\">Mediennutzung<\/h4>\n<ul>\n<li><a href=\"https:\/\/ffgleo.de\/wp\/wp-content\/uploads\/2017\/09\/Schattenfroh_Handyregeln_Vorlage_fuer_Eltern_Sek.1_2015.pdf\">Nutzungsvertrag Handy<\/a> (Schattenfroh; PDF)<\/li>\n<li><a href=\"https:\/\/ffgleo.de\/wp\/wp-content\/uploads\/2017\/09\/Schattenfroh_2015_Bildschirmumgang_Tipps_fuer_Eltern.pdf\">Zuhause \u00fcber Computer sprechen<\/a> (Schattenfroh; PDF)<\/li>\n<li><a href=\"https:\/\/ffgleo.de\/wp\/wp-content\/uploads\/2017\/09\/Schattenfroh_Infos_exz._Bildschirmnutzung_2015.pdf\">Merkmale einer Internetsucht <\/a>(Schattenfroh; PDF)<\/li>\n<li><a href=\"https:\/\/ffgleo.de\/wp\/wp-content\/uploads\/2025\/09\/Schattenfroh-Linkliste-fuer-Familien-Thema-Internetsicherheit-2025.pdf\" target=\"_blank\" rel=\"noopener\">Internetangebote f\u00fcr Familien<\/a> (Schattenfroh; PDF)<\/li>\n<li><a href=\"https:\/\/ffgleo.de\/wp\/wp-content\/uploads\/2025\/09\/Schattenfroh-WhatsApp-Tipps-fuer-Klassenchat-2025.pdf\" target=\"_blank\" rel=\"noopener\">WhatsApp-Regeln f\u00fcr die Klasse<\/a> (Schattenfroh; PDF)<\/li>\n<li><a href=\"https:\/\/ffgleo.de\/wp\/wp-content\/uploads\/2025\/09\/Alt-genug-fuer-das-Smartphone-Klicksafe-Checkliste.pdf\" target=\"_blank\" rel=\"noopener\">Alt genug f\u00fcr das Smartphone?<\/a> (Klicksafe; PDF)<\/li>\n<li><a href=\"https:\/\/ffgleo.de\/wp\/wp-content\/uploads\/2025\/09\/Einstellungen-an-Smartphone-u-Tablet-Klicksafe-Checkliste-1.pdf\" target=\"_blank\" rel=\"noopener\">Einstellungen am Smartphone<\/a> (Klicksafe; PDF)<\/li>\n<li><a href=\"https:\/\/ffgleo.de\/wp\/wp-content\/uploads\/2025\/09\/Polizei-Kreis-Lippe-12-Sicherheitstipps-fuer-Smartphone-und-Co-Kinder-und-Jugendliche.pdf\" target=\"_blank\" rel=\"noopener\">Sicherheitstipps f\u00fcr Smartphone und Co<\/a> (Polizei NRW; PDF)<\/li>\n<li><a href=\"https:\/\/ffgleo.de\/wp\/wp-content\/uploads\/2025\/09\/Schattenfroh-Cybermobbing-Notfalltipps-fuer-Kinder-u-Jugendliche-2025.pdf\" target=\"_blank\" rel=\"noopener\">Cybermobbing Notfalltipps<\/a> (Schattenfroh; PDF)<\/li>\n<li><a href=\"https:\/\/ffgleo.de\/wp\/wp-content\/uploads\/2025\/09\/Schattenfroh-wichtige-Internetregeln-fuer-Schueler.pdf\" target=\"_blank\" rel=\"noopener\">Wichtige Internetregeln f\u00fcr Sch\u00fcler<\/a> (Schattenfroh; PDF)<\/li>\n<\/ul>\n<p>&nbsp;<\/p>\n<h4 style=\"text-align: center;\">Pr\u00e4vention<\/h4>\n<ul>\n<li><a href=\"https:\/\/ffgleo.de\/wp\/wp-content\/uploads\/2017\/09\/Suchtpraevention-Elternabend_Pubertaet_Leopoldshoehe_Aeltere__02.16.ppt\">Suchtpr\u00e4vention (\u00e4ltere Sch\u00fcler): Vortrag des Elternabends <\/a>(PPT)<\/li>\n<li><a href=\"https:\/\/ffgleo.de\/wp\/wp-content\/uploads\/2017\/09\/Suchtpraevention-Elternabend_Pubertaet_Leopoldshoehe_02.16.ppt\">Suchtpr\u00e4vention (j\u00fcngere Sch\u00fcler): Vortrag des Elternabends <\/a>(PPT)<\/li>\n<li><a href=\"https:\/\/ffgleo.de\/wp\/wp-content\/uploads\/2017\/09\/Gewaltpraevention.pdf\">Tipps zur Vorbeugung von Gewalt gegen Kindern <\/a>(Schulsozialarbeit; PDF)<\/li>\n<li><a href=\"https:\/\/ffgleo.de\/wp\/wp-content\/uploads\/2017\/09\/VortragCybermobbingSchulenEltern2_Praesentation.pps\">Vortrag &#8222;CyberMobbing&#8220; der Polizei<\/a> (PPS-Datei)<\/li>\n<li><a href=\"https:\/\/ffgleo.de\/wp\/wp-content\/uploads\/2017\/09\/Mobbing-Frau-Schmidt-Watermann.pdf\">Vortrag &#8222;Mobbing&#8220; von Frau Schmidt-Watermann<\/a> (PDF)<\/li>\n<\/ul>\n<h4 style=\"text-align: center;\">Sonstiges<\/h4>\n<ul>\n<li><a href=\"https:\/\/ffgleo.de\/wp\/wp-content\/uploads\/2023\/08\/AnmeldebogenFFGS-11.pdf\" target=\"_blank\" rel=\"noopener\">Anmeldebogen f\u00fcr die Berufsberatung<\/a> bei Herrn Hupfeld (pdf)<\/li>\n<li><a href=\"https:\/\/ffgleo.de\/wp\/?page_id=1746\">Entschuldigungen SEK II<\/a><\/li>\n<li><a href=\"https:\/\/ffgleo.de\/wp\/wp-content\/uploads\/2017\/09\/Schulshirtsbilder.pdf\">Katalog Schulshirts<\/a> (PDF)<\/li>\n<li><a href=\"https:\/\/ffgleo.de\/wp\/wp-content\/uploads\/2019\/05\/\u00c4rztliches-Attest.pdf\">Vorlage des Ministeriums f\u00fcr ein \u00e4rztliches Attest im Sport<\/a> (notwendig, wenn die Nichtteilnahme eine Woche \u00fcbersteigt!)<\/li>\n<li><a href=\"https:\/\/ffgleo.de\/wp\/wp-content\/uploads\/2022\/08\/Antrag-zum-Verlassen-des-Schulgelaendes.pdf\">Antrag zum Verlassen des Schulgel\u00e4ndes<\/a> (erst ab Jahrgang 9)<\/li>\n<li><a href=\"https:\/\/ffgleo.de\/wp\/wp-content\/uploads\/2024\/11\/Stundenplan-Jahrgang-11-2024-2025.1.pdf\" target=\"_blank\" rel=\"noopener\">Stundenplan f\u00fcr den 11.Jahrgang<\/a><\/li>\n<\/ul>\n\n\n<p><\/p>\n","protected":false},"excerpt":{"rendered":"<p>Viele Informationen werden auch in Dokumentenform \u00fcbersichtlich von uns angeboten. Diese k\u00f6nnen Sie hier lesen und herunterladen. Informationen zur Schule Informationsbrosch\u00fcre f\u00fcr Eltern (wird derzeit \u00fcberarbeitet) Schulregeln (Stand: 2024; PDF) Informationen zum Infektionsschutz Selbstgemachtes in Schule (Stand: 2020; PDF) Feste feiern &#8211; Hygiene (Stand: 2014; PDF) Belehrung f\u00fcr Eltern und &hellip;<\/p>\n","protected":false},"author":3,"featured_media":0,"parent":1010,"menu_order":0,"comment_status":"closed","ping_status":"closed","template":"","meta":{"footnotes":""},"class_list":["post-1444","page","type-page","status-publish","hentry"],"_links":{"self":[{"href":"https:\/\/ffgleo.de\/wp\/index.php?rest_route=\/wp\/v2\/pages\/1444","targetHints":{"allow":["GET"]}}],"collection":[{"href":"https:\/\/ffgleo.de\/wp\/index.php?rest_route=\/wp\/v2\/pages"}],"about":[{"href":"https:\/\/ffgleo.de\/wp\/index.php?rest_route=\/wp\/v2\/types\/page"}],"author":[{"embeddable":true,"href":"https:\/\/ffgleo.de\/wp\/index.php?rest_route=\/wp\/v2\/users\/3"}],"replies":[{"embeddable":true,"href":"https:\/\/ffgleo.de\/wp\/index.php?rest_route=%2Fwp%2Fv2%2Fcomments&post=1444"}],"version-history":[{"count":52,"href":"https:\/\/ffgleo.de\/wp\/index.php?rest_route=\/wp\/v2\/pages\/1444\/revisions"}],"predecessor-version":[{"id":11546,"href":"https:\/\/ffgleo.de\/wp\/index.php?rest_route=\/wp\/v2\/pages\/1444\/revisions\/11546"}],"up":[{"embeddable":true,"href":"https:\/\/ffgleo.de\/wp\/index.php?rest_route=\/wp\/v2\/pages\/1010"}],"wp:attachment":[{"href":"https:\/\/ffgleo.de\/wp\/index.php?rest_route=%2Fwp%2Fv2%2Fmedia&parent=1444"}],"curies":[{"name":"wp","href":"https:\/\/api.w.org\/{rel}","templated":true}]}}