{"id":1483,"date":"2017-09-09T20:22:58","date_gmt":"2017-09-09T18:22:58","guid":{"rendered":"http:\/\/ffgleo.de\/wp\/?page_id=1483"},"modified":"2025-09-04T09:45:50","modified_gmt":"2025-09-04T07:45:50","slug":"anmeldung","status":"publish","type":"page","link":"https:\/\/ffgleo.de\/wp\/?page_id=1483","title":{"rendered":"Anmeldetermine (Jahrgang 5) f\u00fcr die Felix-Fechenbach-Gesamtschule Leopoldsh\u00f6he"},"content":{"rendered":"\n\n<p style=\"text-align: center;\"><span dir=\"ltr\" role=\"presentation\">Felix-Fechenbach-Gesamtschule <\/span><span dir=\"ltr\" role=\"presentation\">der Gemeinde Leopoldsh\u00f6he<br \/><\/span><span dir=\"ltr\" role=\"presentation\">Sekundarstufe I und Gymnasiale Oberstufe<\/span><\/p>\n<p style=\"text-align: center;\"><strong><span dir=\"ltr\" role=\"presentation\">Anmeldetermine f\u00fcr die Felix-Fechenbach-Gesamtschule Leopoldsh\u00f6he<\/span><\/strong><br role=\"presentation\" \/><strong><span dir=\"ltr\" role=\"presentation\">A N M E L D U N G<\/span><\/strong><\/p>\n<p style=\"text-align: center;\"><br role=\"presentation\" \/><span dir=\"ltr\" role=\"presentation\">f\u00fcr den 05. Jahrgang des Schuljahres 2026\/27<\/span><\/p>\n<p style=\"text-align: left;\"><br role=\"presentation\" \/><span dir=\"ltr\" role=\"presentation\">In der Zeit vom 09.02.2026 bis 13.02.2026 k\u00f6nnen im Nebengeb\u00e4ude der Mensa der Felix-Fechenbach-<\/span><span dir=\"ltr\" role=\"presentation\">Gesamtschule die Anmeldungen zum 5. Jahrgang vorgenommen werden: <\/span><\/p>\n<p style=\"text-align: left;\"><span dir=\"ltr\" role=\"presentation\">Montag &#8211; Donnerstag,\u00a0<\/span> <span dir=\"ltr\" role=\"presentation\">7:00 Uhr \u2013 11:30 Uhr und 14:00 Uhr \u2013 16:30 Uhr<br \/><\/span><span dir=\"ltr\" role=\"presentation\">Freitag\u00a0\u00a0\u00a0 <\/span><strong>7:00 Uhr \u2013 11:30 Uhr<\/strong><\/p>\n<p style=\"text-align: left;\"><span dir=\"ltr\" role=\"presentation\"> Termine <strong>m\u00fcssen<\/strong> ab Dezember 2025 online unter <a href=\"http:\/\/www.terminland.de\/leopoldshoehe\" target=\"_blank\" rel=\"noopener\">www.terminland.de\/leopoldshoehe<\/a> gebucht werden.<\/span><\/p>\n<p>Wir m\u00f6chten deutlich darauf hinweisen, <strong>dass eine Aufnahme einer Sch\u00fclerin\/eines Sch\u00fclers <u>nicht<\/u><u> von der Reihenfolge der Anmeldung abh\u00e4ngig ist.<\/u><\/strong><\/p>\n<p>Bei der Anmeldung ist von einem Erziehungsberechtigten der Anmeldeschein der Grundschule vorzulegen, das letzte Halbjahreszeugnis des Kindes (von Februar 2026) in Kopie sowie die Schulformempfehlung (Beurteilung) der Grundschule. Weiterhin bitten wir, eine Kopie der Geburtsurkunde und eine Kopie des Impfausweises \u00fcber zwei erfolgte Masernschutzimpfungen oder eines \u00e4rztlichen Zeugnisses, dass bei Ihrem Kind ein Impfschutz gegen Masern besteht bzw. Ihr Kind aufgrund einer medizinischen Kontraindikation nicht geimpft werden kann, mitzubringen.<\/p>\n<p>Bei getrenntlebenden Erziehungsberechtigten ist es erforderlich, eine Zustimmungserkl\u00e4rung des abwesenden Elternteils zur Anmeldung vorzulegen.<\/p>\n<p>F\u00fcr die endg\u00fcltige Aufnahme ist ma\u00dfgebend, dass zum Schuljahresende auch die Versetzung in die 5. Klasse erfolgt.<\/p>\n<p>Bzgl. der Fremdsprachenfolge gilt an der Felix-Fechenbach-Gesamtschule Englisch ab 5. Klasse, Franz\u00f6sisch ab 7. Klasse, Latein ab 9. Klasse und in der gymnasialen Oberstufe kann im 11. Jahrgang mit Franz\u00f6sisch oder Spanisch begonnen werden.<\/p>\n<p>Weitere Ausk\u00fcnfte erhalten Sie telefonisch im Sekretariat unter der Telefon-Nr. 05208\/991-360.<\/p>\n<p><strong>Friebertsh\u00e4user, Schulleiter<\/strong><\/p>\n<p style=\"text-align: left;\"><span dir=\"ltr\" role=\"presentation\">\u00a0<\/span><\/p>\n\n\n<p><\/p>\n\n\n\n<p><\/p>\n\n\n\n<p><\/p>\n","protected":false},"excerpt":{"rendered":"<p>Felix-Fechenbach-Gesamtschule der Gemeinde Leopoldsh\u00f6heSekundarstufe I und Gymnasiale Oberstufe Anmeldetermine f\u00fcr die Felix-Fechenbach-Gesamtschule Leopoldsh\u00f6heA N M E L D U N G f\u00fcr den 05. Jahrgang des Schuljahres 2026\/27 In der Zeit vom 09.02.2026 bis 13.02.2026 k\u00f6nnen im Nebengeb\u00e4ude der Mensa der Felix-Fechenbach-Gesamtschule die Anmeldungen zum 5. Jahrgang vorgenommen werden: Montag &hellip;<\/p>\n","protected":false},"author":3,"featured_media":0,"parent":1456,"menu_order":0,"comment_status":"closed","ping_status":"closed","template":"","meta":{"footnotes":""},"class_list":["post-1483","page","type-page","status-publish","hentry"],"_links":{"self":[{"href":"https:\/\/ffgleo.de\/wp\/index.php?rest_route=\/wp\/v2\/pages\/1483","targetHints":{"allow":["GET"]}}],"collection":[{"href":"https:\/\/ffgleo.de\/wp\/index.php?rest_route=\/wp\/v2\/pages"}],"about":[{"href":"https:\/\/ffgleo.de\/wp\/index.php?rest_route=\/wp\/v2\/types\/page"}],"author":[{"embeddable":true,"href":"https:\/\/ffgleo.de\/wp\/index.php?rest_route=\/wp\/v2\/users\/3"}],"replies":[{"embeddable":true,"href":"https:\/\/ffgleo.de\/wp\/index.php?rest_route=%2Fwp%2Fv2%2Fcomments&post=1483"}],"version-history":[{"count":46,"href":"https:\/\/ffgleo.de\/wp\/index.php?rest_route=\/wp\/v2\/pages\/1483\/revisions"}],"predecessor-version":[{"id":11494,"href":"https:\/\/ffgleo.de\/wp\/index.php?rest_route=\/wp\/v2\/pages\/1483\/revisions\/11494"}],"up":[{"embeddable":true,"href":"https:\/\/ffgleo.de\/wp\/index.php?rest_route=\/wp\/v2\/pages\/1456"}],"wp:attachment":[{"href":"https:\/\/ffgleo.de\/wp\/index.php?rest_route=%2Fwp%2Fv2%2Fmedia&parent=1483"}],"curies":[{"name":"wp","href":"https:\/\/api.w.org\/{rel}","templated":true}]}}