{"id":1486,"date":"2017-09-09T20:26:06","date_gmt":"2017-09-09T18:26:06","guid":{"rendered":"http:\/\/ffgleo.de\/wp\/?page_id=1486"},"modified":"2018-04-03T18:31:59","modified_gmt":"2018-04-03T16:31:59","slug":"fach-franzoesisch","status":"publish","type":"page","link":"https:\/\/ffgleo.de\/wp\/?page_id=1486","title":{"rendered":"Fach: Franz\u00f6sisch"},"content":{"rendered":"<h3 style=\"text-align: center;\">Fremdsprache Franz\u00f6sisch<\/h3>\n<h4 style=\"text-align: left;\">Pourquoi?<\/h4>\n<ul>\n<li><img loading=\"lazy\" decoding=\"async\" class=\"alignright wp-image-1487 size-full\" src=\"https:\/\/ffgleo.de\/wp\/wp-content\/uploads\/2017\/09\/eiffelturm.gif\" alt=\"\" width=\"150\" height=\"127\" \/>Die franz\u00f6sische Sprache ist in Westeuropa neben Englisch eine wichtige Sprache. Sie bietet uns die M\u00f6glichkeit, in unseren Nachbarl\u00e4ndern Verbindungen aufzunehmen und sie zu nutzen.<\/li>\n<li>Diese Verbindungen werden umso wichtiger, je weiter die Verflechtung der europ\u00e4ischen Staaten in der EU fortschreitet.<\/li>\n<li>Wer in der Lage ist, sich mit franz\u00f6sisch sprechenden Partnern zu verst\u00e4ndigen, wird in vielen Berufen mit mehr Erfolg rechnen k\u00f6nnen.<\/li>\n<li>Immer mehr Firmen arbeiten mit Partnern im Ausland zusammen. Daher sind Franz\u00f6sischkenntnisse wichtig f\u00fcr viele Berufe, z.B. Sekret\u00e4r(in) und Auslandskorrespondent(in), aber auch f\u00fcr das Abitur.<\/li>\n<li>Selbstverst\u00e4ndlich bedeutet die Kenntnis von Fremdsprachen auch eine wichtige Hilfe bei Ferien- oder Gesch\u00e4ftsreisen ins Ausland.<\/li>\n<li>Mit Franz\u00f6sisch ist nach der 10. Klasse bereits die Verpflichtung zu einer 2. Fremdsprache f\u00fcr das Abitur erf\u00fcllt.<\/li>\n<\/ul>\n<p>&nbsp;<\/p>\n<h4>Zusammenfassend kann Folgendes behauptet werden:<\/h4>\n<p><img loading=\"lazy\" decoding=\"async\" class=\"alignright size-full wp-image-1488\" src=\"https:\/\/ffgleo.de\/wp\/wp-content\/uploads\/2017\/09\/triumpfbogen.gif\" alt=\"\" width=\"150\" height=\"103\" \/>Je mehr Sprachen du beherrschst, umso mehr Berufschancen und umso mehr M\u00f6glichkeiten einer sinnvollen Freizeitgestaltung (Reisen, fremdsprachliche Literatur) hast du.<\/p>\n<h4>Ziele<\/h4>\n<p>Ziel des Franz\u00f6sischunterrichts in der Sekundarstufe I ist, die m\u00fcndliche und schriftliche Ausdrucksf\u00e4higkeit zu lernen, d. h. die Beherrschung des grundlegenden Lehrstoffes, der f\u00fcr umgangssprachliche Mitteilungen notwendig ist. Die gesprochene Sprache steht dabei im Vordergrund.<\/p>\n<h4>Folgende Fertigkeiten sollen erreicht werden:<\/h4>\n<p><strong>H\u00f6rverstehen:<\/strong><br \/>\n\u00c4u\u00dferungen in normalem Sprechtempo verstehen.<\/p>\n<p><strong>Sprechen:<\/strong><br \/>\nEine Unterhaltung f\u00fchren, Informationen weitergeben, Diskussionsbeitr\u00e4ge leisten, Sachverhalte zusammenfassen.<\/p>\n<p><strong>Lesen:<img loading=\"lazy\" decoding=\"async\" class=\"alignright size-full wp-image-1489\" src=\"https:\/\/ffgleo.de\/wp\/wp-content\/uploads\/2017\/09\/boule.jpg\" alt=\"\" width=\"150\" height=\"150\" srcset=\"https:\/\/ffgleo.de\/wp\/wp-content\/uploads\/2017\/09\/boule.jpg 150w, https:\/\/ffgleo.de\/wp\/wp-content\/uploads\/2017\/09\/boule-160x160.jpg 160w, https:\/\/ffgleo.de\/wp\/wp-content\/uploads\/2017\/09\/boule-320x320.jpg 320w\" sizes=\"auto, (max-width: 150px) 100vw, 150px\" \/><\/strong><br \/>\nBriefe, Artikel, einfache literarische Texte lesen und verstehen.<\/p>\n<p><strong>Schreiben:<\/strong><br \/>\nGeh\u00f6rtes mitschreiben, Notizen, Mitteilungen, pers\u00f6nliche Briefe abfassen.<\/p>\n<h4>Welche Sch\u00fcler k\u00f6nnen das Fach Franz\u00f6sisch w\u00e4hlen?<\/h4>\n<ul>\n<li>Alle, die gerne eine 2. Fremdsprache lernen m\u00f6chten.<\/li>\n<li>Alle, die in Deutsch und Englisch keine Schwierigkeiten haben.<\/li>\n<li>Alle, die bereit sind, sich in diesem Fach einzusetzen, d. h. Vokabeln und Grammatik zu lernen.<\/li>\n<li>Alle, die das Abitur machen wollen, da die 2. Fremdsprache hierf\u00fcr Voraussetzung ist.<\/li>\n<\/ul>\n","protected":false},"excerpt":{"rendered":"<p>Fremdsprache Franz\u00f6sisch Pourquoi? Die franz\u00f6sische Sprache ist in Westeuropa neben Englisch eine wichtige Sprache. Sie bietet uns die M\u00f6glichkeit, in unseren Nachbarl\u00e4ndern Verbindungen aufzunehmen und sie zu nutzen. Diese Verbindungen werden umso wichtiger, je weiter die Verflechtung der europ\u00e4ischen Staaten in der EU fortschreitet. Wer in der Lage ist, sich &hellip;<\/p>\n","protected":false},"author":3,"featured_media":0,"parent":1469,"menu_order":0,"comment_status":"closed","ping_status":"closed","template":"","meta":{"footnotes":""},"class_list":["post-1486","page","type-page","status-publish","hentry"],"_links":{"self":[{"href":"https:\/\/ffgleo.de\/wp\/index.php?rest_route=\/wp\/v2\/pages\/1486","targetHints":{"allow":["GET"]}}],"collection":[{"href":"https:\/\/ffgleo.de\/wp\/index.php?rest_route=\/wp\/v2\/pages"}],"about":[{"href":"https:\/\/ffgleo.de\/wp\/index.php?rest_route=\/wp\/v2\/types\/page"}],"author":[{"embeddable":true,"href":"https:\/\/ffgleo.de\/wp\/index.php?rest_route=\/wp\/v2\/users\/3"}],"replies":[{"embeddable":true,"href":"https:\/\/ffgleo.de\/wp\/index.php?rest_route=%2Fwp%2Fv2%2Fcomments&post=1486"}],"version-history":[{"count":3,"href":"https:\/\/ffgleo.de\/wp\/index.php?rest_route=\/wp\/v2\/pages\/1486\/revisions"}],"predecessor-version":[{"id":1492,"href":"https:\/\/ffgleo.de\/wp\/index.php?rest_route=\/wp\/v2\/pages\/1486\/revisions\/1492"}],"up":[{"embeddable":true,"href":"https:\/\/ffgleo.de\/wp\/index.php?rest_route=\/wp\/v2\/pages\/1469"}],"wp:attachment":[{"href":"https:\/\/ffgleo.de\/wp\/index.php?rest_route=%2Fwp%2Fv2%2Fmedia&parent=1486"}],"curies":[{"name":"wp","href":"https:\/\/api.w.org\/{rel}","templated":true}]}}