{"id":1530,"date":"2017-09-09T20:55:59","date_gmt":"2017-09-09T18:55:59","guid":{"rendered":"http:\/\/ffgleo.de\/wp\/?page_id=1530"},"modified":"2018-04-03T18:31:59","modified_gmt":"2018-04-03T16:31:59","slug":"bewerbungsmappe","status":"publish","type":"page","link":"https:\/\/ffgleo.de\/wp\/?page_id=1530","title":{"rendered":"Bewerbungsmappe"},"content":{"rendered":"<h3 style=\"text-align: center;\">Die Bewerbungsmappe &#8211; das muss alles rein<\/h3>\n<p>Das geh\u00f6rt in deine Bewerbungsmappe:<\/p>\n<ul>\n<li>das Abschlusszeugnis oder das aktuelle Zwischenzeugnis der Schule<\/li>\n<li>Bescheinigungen \u00fcber dein Betriebspraktikum<\/li>\n<li>Bescheinigungen \u00fcber besuchte Kurse, die nicht im Zeugnis vermerkt sind<\/li>\n<li>Bescheinigungen \u00fcber besuchte Kurse in deiner Freizeit, besondere Hobbys, T\u00e4tigkeiten oder \u00fcber einen Nebenjob<\/li>\n<\/ul>\n<p><em><strong>Wichtig: Immer Kopien verschicken &#8211; nie Originale!<\/strong><\/em><\/p>\n<h4><\/h4>\n<h4>Die richtige Reihenfolge deiner Bewerbungsunterlagen:<\/h4>\n<p>Das Anschreiben liegt lose auf der Mappe!<br \/>\nAlle anderen Unterlagen werden in dieser Reihenfolge in die Mappe sortiert:<\/p>\n<ol>\n<li>Deckblatt mit Foto<\/li>\n<li>Lebenslauf (mit Foto, falls du kein Deckblatt verwenden m\u00f6chtest)<\/li>\n<li>Anlagen:\n<ol>\n<li>Zeugniskopie(n)<\/li>\n<li>Praktikumsbescheinigung(en)<\/li>\n<li>Bescheinigungen f\u00fcr Kurse und\/oder Nebenjob<\/li>\n<li>Sonstige Anlagen<\/li>\n<\/ol>\n<\/li>\n<\/ol>\n<p>&nbsp;<\/p>\n<p>Mach den Test: <a href=\"http:\/\/bwt.planet-beruf.de\/bewerbungsmappe\/foto-anlagen-mappe-versand\/die-bewerbungsmappe-das-muss-alles-rein.html\">&#8222;Zusammenstellen der Bewerbungsmappe&#8220;<\/a><\/p>\n<p>Eint\u00fcten und Abschicken<\/p>\n<ul>\n<li>Die Bewerbung geh\u00f6rt in einen DIN-A4-Umschlag, am besten mit einem Pappr\u00fccken, damit die Mappe nicht geknickt ankommt.<\/li>\n<li>Anschrift und Absender schreibst du entweder mit sorgf\u00e4ltiger Handschrift direkt auf den Umschlag oder du druckst ein Adressetikett.<\/li>\n<li>Achte auf eine ausreichende Frankierung des Umschlages. Wenn der Empf\u00e4nger Nachporto zahlen muss, vermittelt das einen ersten negativen Eindruck.<\/li>\n<\/ul>\n","protected":false},"excerpt":{"rendered":"<p>Die Bewerbungsmappe &#8211; das muss alles rein Das geh\u00f6rt in deine Bewerbungsmappe: das Abschlusszeugnis oder das aktuelle Zwischenzeugnis der Schule Bescheinigungen \u00fcber dein Betriebspraktikum Bescheinigungen \u00fcber besuchte Kurse, die nicht im Zeugnis vermerkt sind Bescheinigungen \u00fcber besuchte Kurse in deiner Freizeit, besondere Hobbys, T\u00e4tigkeiten oder \u00fcber einen Nebenjob Wichtig: Immer &hellip;<\/p>\n","protected":false},"author":3,"featured_media":0,"parent":1208,"menu_order":0,"comment_status":"closed","ping_status":"closed","template":"","meta":{"footnotes":""},"class_list":["post-1530","page","type-page","status-publish","hentry"],"_links":{"self":[{"href":"https:\/\/ffgleo.de\/wp\/index.php?rest_route=\/wp\/v2\/pages\/1530","targetHints":{"allow":["GET"]}}],"collection":[{"href":"https:\/\/ffgleo.de\/wp\/index.php?rest_route=\/wp\/v2\/pages"}],"about":[{"href":"https:\/\/ffgleo.de\/wp\/index.php?rest_route=\/wp\/v2\/types\/page"}],"author":[{"embeddable":true,"href":"https:\/\/ffgleo.de\/wp\/index.php?rest_route=\/wp\/v2\/users\/3"}],"replies":[{"embeddable":true,"href":"https:\/\/ffgleo.de\/wp\/index.php?rest_route=%2Fwp%2Fv2%2Fcomments&post=1530"}],"version-history":[{"count":2,"href":"https:\/\/ffgleo.de\/wp\/index.php?rest_route=\/wp\/v2\/pages\/1530\/revisions"}],"predecessor-version":[{"id":1546,"href":"https:\/\/ffgleo.de\/wp\/index.php?rest_route=\/wp\/v2\/pages\/1530\/revisions\/1546"}],"up":[{"embeddable":true,"href":"https:\/\/ffgleo.de\/wp\/index.php?rest_route=\/wp\/v2\/pages\/1208"}],"wp:attachment":[{"href":"https:\/\/ffgleo.de\/wp\/index.php?rest_route=%2Fwp%2Fv2%2Fmedia&parent=1530"}],"curies":[{"name":"wp","href":"https:\/\/api.w.org\/{rel}","templated":true}]}}