{"id":1533,"date":"2017-09-09T20:58:27","date_gmt":"2017-09-09T18:58:27","guid":{"rendered":"http:\/\/ffgleo.de\/wp\/?page_id=1533"},"modified":"2018-04-03T18:31:59","modified_gmt":"2018-04-03T16:31:59","slug":"bewerbungsgespraech","status":"publish","type":"page","link":"https:\/\/ffgleo.de\/wp\/?page_id=1533","title":{"rendered":"Bewerbungsgespr\u00e4ch"},"content":{"rendered":"<h4>Wie bereitet man sich auf ein Bewerbungsgespr\u00e4ch vor?<\/h4>\n<ul>\n<li>Informationen \u00fcber die Firma sammeln (Branchenb\u00fccher, Internet, Gelbe Seiten, Werbung, &#8230;)<\/li>\n<li>Die Lage der Firma erkunden und sich \u00fcber Verkehrsanbindungen informieren<\/li>\n<li>Eine gro\u00dfz\u00fcgige Zeitplanung f\u00fcr die Anreise machen, m\u00f6glicherweise die Strecke schon einmal abfahren<\/li>\n<li>Fragen \u00fcberlegen, die auf dich zukommen werden<\/li>\n<li>Eigene Fragen \u00fcberlegen und aufschreiben<\/li>\n<li>Kleiderfrage kl\u00e4ren<\/li>\n<li>Entspannen<\/li>\n<li>Die Situation des Bewerbungsgespr\u00e4chs mit jemanden durchspielen<\/li>\n<\/ul>\n<p>&nbsp;<\/p>\n<h4>M\u00f6gliche Ziele der Gespr\u00e4chspartner im Bewerbungsgespr\u00e4ch:<\/h4>\n<p><strong>Unternehmen:<\/strong><\/p>\n<ul>\n<li>Eine m\u00f6glichst genauer Vorstellung vom k\u00fcnftigen Mitarbeiter gewinnen (Qualifikation und Pers\u00f6nlichkeit)<\/li>\n<li>M\u00fcndliche und schriftliche Aussagen vergleichen<\/li>\n<li>Die Gespr\u00e4chsvorbereitung des Bewerbers testen<\/li>\n<li>Die Motivation f\u00fcr diese Berufswahl in diesem Betrieb kennen lernen und herausfinden, ob der Bewerber in das Unternehmen passt<\/li>\n<li>Die Besten aus allen Bewerbern heraussuchen<\/li>\n<\/ul>\n<p>&nbsp;<\/p>\n<p><strong>Bewerber:<\/strong><\/p>\n<ul>\n<li>Eine Vorstellung vom Unternehmen bekommen, um die Frage zu kl\u00e4ren, ob dies tats\u00e4chlich zu ihr\/ihm passt<\/li>\n<li>Genauere Informationen zum T\u00e4tigkeitsfeld erhalten<\/li>\n<li>Sich optimal pr\u00e4sentieren, (f\u00fcr sich werben)<\/li>\n<\/ul>\n<p>&nbsp;<\/p>\n<h4>Das Gespr\u00e4ch \/ der Auftritt:<\/h4>\n<p>Beim Gespr\u00e4ch mit anderen kommt es h\u00e4ufig zu Missverst\u00e4ndnissen. Obwohl wir den Eindruck haben, dass wir und klar ausgedr\u00fcckt haben, versteht uns der Andere nicht.<\/p>\n<p>Warum ist das so?<\/p>\n<p>In jedem Gespr\u00e4ch gibt es zwei Ebenen: Das hei\u00dft, es gibt die Worte, die wir benutzen und gleichzeitig beeinflussen wir unsere Zuh\u00f6rer. Das geschieht durch unsere K\u00f6rpersprache. Untersuchungen haben gezeigt, dass gerade die K\u00f6rpersprache von gro\u00dfer Bedeutung ist.<\/p>\n<p>Es ist also nicht nur wichtig, <strong>was<\/strong> man sagt, sondern auch <strong>wie<\/strong> man es sagt!<\/p>\n<p><strong>K\u00f6rpersprache:<\/strong><\/p>\n<ul>\n<li>Blickkontakt<\/li>\n<li>Gesichtsausdruck \/ Mimik<\/li>\n<li>Gesten<\/li>\n<li>K\u00f6rperhaltung \/ Bewegung \/ Gang \/ Sitzhaltung<\/li>\n<li>Sprechgeschwindigkeit<\/li>\n<li>Ton \/ Klang<\/li>\n<li>F\u00fcll &#8211; Worte<\/li>\n<li>N\u00e4he \/r\u00e4umlicher Abstand<\/li>\n<li>Professionelles Erscheinungsbild \/ Kleidung<\/li>\n<\/ul>\n<p>&nbsp;<\/p>\n<h4>Was du vermeiden bzw. beachten solltest:<\/h4>\n<ul>\n<li>Verkleide dich nicht. Pass deine Kleidung der Situation an, doch bleib noch du selbst!<\/li>\n<li>Ungeputzte Schuhe, fleckige oder defekte Kleidung<\/li>\n<li>Schwarze R\u00e4nder unter den Fingern\u00e4geln und generell ungepflegte H\u00e4nde<\/li>\n<li>Allzu selbstbewusstes Auftreten (Das wird gerne als arrogant wahrgenommen)<\/li>\n<li>Blickkontakt mit dem Gegen\u00fcber halten<\/li>\n<li>Kein verkniffenes Gesicht &#8211; l\u00e4cheln!<\/li>\n<li>Keine nachl\u00e4ssige Sprechweise oder Modew\u00f6rter (cool, krass, &#8230;)<\/li>\n<\/ul>\n","protected":false},"excerpt":{"rendered":"<p>Wie bereitet man sich auf ein Bewerbungsgespr\u00e4ch vor? Informationen \u00fcber die Firma sammeln (Branchenb\u00fccher, Internet, Gelbe Seiten, Werbung, &#8230;) Die Lage der Firma erkunden und sich \u00fcber Verkehrsanbindungen informieren Eine gro\u00dfz\u00fcgige Zeitplanung f\u00fcr die Anreise machen, m\u00f6glicherweise die Strecke schon einmal abfahren Fragen \u00fcberlegen, die auf dich zukommen werden Eigene &hellip;<\/p>\n","protected":false},"author":3,"featured_media":0,"parent":1208,"menu_order":0,"comment_status":"closed","ping_status":"closed","template":"","meta":{"footnotes":""},"class_list":["post-1533","page","type-page","status-publish","hentry"],"_links":{"self":[{"href":"https:\/\/ffgleo.de\/wp\/index.php?rest_route=\/wp\/v2\/pages\/1533","targetHints":{"allow":["GET"]}}],"collection":[{"href":"https:\/\/ffgleo.de\/wp\/index.php?rest_route=\/wp\/v2\/pages"}],"about":[{"href":"https:\/\/ffgleo.de\/wp\/index.php?rest_route=\/wp\/v2\/types\/page"}],"author":[{"embeddable":true,"href":"https:\/\/ffgleo.de\/wp\/index.php?rest_route=\/wp\/v2\/users\/3"}],"replies":[{"embeddable":true,"href":"https:\/\/ffgleo.de\/wp\/index.php?rest_route=%2Fwp%2Fv2%2Fcomments&post=1533"}],"version-history":[{"count":1,"href":"https:\/\/ffgleo.de\/wp\/index.php?rest_route=\/wp\/v2\/pages\/1533\/revisions"}],"predecessor-version":[{"id":1534,"href":"https:\/\/ffgleo.de\/wp\/index.php?rest_route=\/wp\/v2\/pages\/1533\/revisions\/1534"}],"up":[{"embeddable":true,"href":"https:\/\/ffgleo.de\/wp\/index.php?rest_route=\/wp\/v2\/pages\/1208"}],"wp:attachment":[{"href":"https:\/\/ffgleo.de\/wp\/index.php?rest_route=%2Fwp%2Fv2%2Fmedia&parent=1533"}],"curies":[{"name":"wp","href":"https:\/\/api.w.org\/{rel}","templated":true}]}}