{"id":1536,"date":"2017-09-09T21:01:32","date_gmt":"2017-09-09T19:01:32","guid":{"rendered":"http:\/\/ffgleo.de\/wp\/?page_id=1536"},"modified":"2018-04-03T18:31:59","modified_gmt":"2018-04-03T16:31:59","slug":"bewerbungsgespraech-typische-fragen","status":"publish","type":"page","link":"https:\/\/ffgleo.de\/wp\/?page_id=1536","title":{"rendered":"Bewerbungsgespr\u00e4ch: Typische Fragen"},"content":{"rendered":"<h3 style=\"text-align: center;\">Typische Fragen und was sie bedeuten<\/h3>\n<p><strong>W\u00e4hrend eines Vorstellungsgespr\u00e4chs werden dir eine Menge Fragen gestellt, auf die du dich gut vorbereiten solltest. Damit dir das leichter f\u00e4llt, findest du hier eine Liste typischer Fragen von Personalverantwortlichen und eine Erkl\u00e4rung, was sie bedeuten.<\/strong><br \/>\n<strong>Schildern Sie mir doch kurz was Sie bisher gemacht ha\u00adben.\/Erz\u00e4hlen Sie uns etwas \u00fcber sich!<\/strong><\/p>\n<p>Mit dieser Frage m\u00f6chte sich dein Gespr\u00e4chspartner ein erstes Bild von dir machen. Er m\u00f6chte erfahren, ob du deinen Lebenslauf kurz, verst\u00e4ndlich und interessant darstellen kannst.<\/p>\n<p>&nbsp;<\/p>\n<p><strong>Warum haben Sie sich gerade bei uns beworben?<\/strong><\/p>\n<p>Dein Gegen\u00fcber m\u00f6chte wissen, ob du dich gut vorberei\u00adtet und \u00fcber den Betrieb genauestens informiert hast.<\/p>\n<p>&nbsp;<\/p>\n<p><strong>Wieso haben Sie sich gerade f\u00fcr diesen Ausbildungsberuf entschieden? Welche F\u00e4higkeiten bringen Sie daf\u00fcr mit?<\/strong><\/p>\n<p>Hast du dich gut \u00fcber das Berufsbild informiert? Wei\u00dft du wirklich, was auf dich zukommt? Das will man mit dieser Frage herauskriegen. Au\u00dferdem m\u00f6chte dein Gespr\u00e4chs\u00adpartner erfahren, ob du deine F\u00e4higkeiten einsch\u00e4tzen und darstellen kannst.<\/p>\n<p>&nbsp;<\/p>\n<p><strong>Nennen Sie mir zwei Ihrer St\u00e4rken und zwei Schw\u00e4chen.<\/strong><\/p>\n<p>Dein Gegen\u00fcber testet mit dieser Frage, ob du dich selbst gut kennst und welche St\u00e4rken oder Schw\u00e4chen du mitbringst. Vor allem aber sieht er damit, ob du dich unter Stress bringen l\u00e4sst oder ob du gelassen und sicher reagierst. Beantworte die Frage so, dass du in einem guten Licht stehst.<\/p>\n<p>&nbsp;<\/p>\n<p><strong>Welche Hobbys haben Sie?\/Was machen Sie in Ihrer Freizeit?<\/strong><\/p>\n<p>Die Antwort auf diese Frage zeigt, welche deiner Aktivi\u00adt\u00e4ten und Interessen mit deinem Berufswunsch in Zu\u00adsammenhang stehen k\u00f6nnten. Und sie zeigt, ob du einen Ausgleich zu deiner Arbeit hast.<\/p>\n<p>&nbsp;<\/p>\n<p><strong>Welche F\u00e4cher haben Ihnen in der Schule am besten gefallen?<\/strong><\/p>\n<p>Dein Gespr\u00e4chspartner m\u00f6chte herausfinden, ob es bereits in der Schule Neigungen und Interessen gab, die mit deinem Berufswunsch in Verbindung stehen.<\/p>\n<p>&nbsp;<\/p>\n<p><strong>Wie stellen Sie sich Ihre weitere berufliche Entwicklung vor?<\/strong><\/p>\n<p>Der Arbeitgeber will nat\u00fcrlich wissen, ob er l\u00e4ngerfristig mit deinem Einsatz rechnen kann. Dann zeigt ihm deine Antwort aber auch, ob du dich mit den Entwicklungsm\u00f6glichkeiten im Beruf und im Unternehmen befasst hast.<\/p>\n","protected":false},"excerpt":{"rendered":"<p>Typische Fragen und was sie bedeuten W\u00e4hrend eines Vorstellungsgespr\u00e4chs werden dir eine Menge Fragen gestellt, auf die du dich gut vorbereiten solltest. Damit dir das leichter f\u00e4llt, findest du hier eine Liste typischer Fragen von Personalverantwortlichen und eine Erkl\u00e4rung, was sie bedeuten. Schildern Sie mir doch kurz was Sie bisher &hellip;<\/p>\n","protected":false},"author":3,"featured_media":0,"parent":1533,"menu_order":0,"comment_status":"closed","ping_status":"closed","template":"","meta":{"footnotes":""},"class_list":["post-1536","page","type-page","status-publish","hentry"],"_links":{"self":[{"href":"https:\/\/ffgleo.de\/wp\/index.php?rest_route=\/wp\/v2\/pages\/1536","targetHints":{"allow":["GET"]}}],"collection":[{"href":"https:\/\/ffgleo.de\/wp\/index.php?rest_route=\/wp\/v2\/pages"}],"about":[{"href":"https:\/\/ffgleo.de\/wp\/index.php?rest_route=\/wp\/v2\/types\/page"}],"author":[{"embeddable":true,"href":"https:\/\/ffgleo.de\/wp\/index.php?rest_route=\/wp\/v2\/users\/3"}],"replies":[{"embeddable":true,"href":"https:\/\/ffgleo.de\/wp\/index.php?rest_route=%2Fwp%2Fv2%2Fcomments&post=1536"}],"version-history":[{"count":1,"href":"https:\/\/ffgleo.de\/wp\/index.php?rest_route=\/wp\/v2\/pages\/1536\/revisions"}],"predecessor-version":[{"id":1537,"href":"https:\/\/ffgleo.de\/wp\/index.php?rest_route=\/wp\/v2\/pages\/1536\/revisions\/1537"}],"up":[{"embeddable":true,"href":"https:\/\/ffgleo.de\/wp\/index.php?rest_route=\/wp\/v2\/pages\/1533"}],"wp:attachment":[{"href":"https:\/\/ffgleo.de\/wp\/index.php?rest_route=%2Fwp%2Fv2%2Fmedia&parent=1536"}],"curies":[{"name":"wp","href":"https:\/\/api.w.org\/{rel}","templated":true}]}}