{"id":1541,"date":"2017-09-09T21:06:20","date_gmt":"2017-09-09T19:06:20","guid":{"rendered":"http:\/\/ffgleo.de\/wp\/?page_id=1541"},"modified":"2018-04-03T18:31:59","modified_gmt":"2018-04-03T16:31:59","slug":"bewerbungsgespraech-am-telefon","status":"publish","type":"page","link":"https:\/\/ffgleo.de\/wp\/?page_id=1541","title":{"rendered":"Bewerbungsgespr\u00e4ch: am Telefon"},"content":{"rendered":"<h3 style=\"text-align: center;\">Das Telefongespr\u00e4ch \u00fcben<\/h3>\n<p>Zun\u00e4chst wird gesammelt, welche Informationen beim Gespr\u00e4ch ausgetauscht wer\u00adden m\u00fcssen. Jede Frage sollte dabei gekl\u00e4rt werden:<\/p>\n<p>Als <strong>Ergebnis k\u00f6nnte z.B. folgende Liste<\/strong> entstehen:<\/p>\n<ul>\n<li>Dein Name, Telefonnummer, Adresse<\/li>\n<li>Name und Telefonnummer des\/der Ansprechpartner\/in<\/li>\n<li>Ist im Betrieb ein Praktikum im gew\u00fcnschten Arbeitsgebiet m\u00f6glich?<\/li>\n<li>Wie begr\u00fcndest Du dein Interesse an diesem Praktikumsplatz?<\/li>\n<li>Kann das Praktikum zum vorgegebenen Zeitpunkt absolviert werden?<\/li>\n<li>Wann darfst Du zu einem Vorstellungsgespr\u00e4ch kommen?<\/li>\n<li>Was sollst Du zum Vorstellungsgespr\u00e4ch mitbringen?<\/li>\n<li>Name und Anschrift Deiner Schule<\/li>\n<li>Ansprechpartner\/in der Schule f\u00fcr den Betrieb<\/li>\n<li>aktuelle Schulnoten<\/li>\n<li>Berufsw\u00fcnsche<\/li>\n<li>besondere Interessen, die f\u00fcr das Praktikum wichtig sind<\/li>\n<li>Welche F\u00e4higkeiten\/St\u00e4rken sollte ein\/e Praktikant\/in mitbringen?<\/li>\n<li>Betreuung w\u00e4hrend des Praktikums durch Lehrerinnen und Lehrer<\/li>\n<li>Dein\/e Ansprechpartner\/in w\u00e4hrend des Praktikums im Betrieb<\/li>\n<li>Papier und Stift liegen bereit<\/li>\n<\/ul>\n<p>&nbsp;<\/p>\n<h4>M\u00f6glicher Ablauf eines Telefongespr\u00e4ches:<\/h4>\n<p>\u00dcberlege, wel\u00adche Situationen w\u00e4hrend des Gespr\u00e4chs auch h\u00e4tten auftreten k\u00f6nnen und wie Ihr Euch dann verhalten h\u00e4ttet:<\/p>\n<p><em>Mitarbeiter\/innen eines Unternehmens melden sich am Telefon meist, indem sie zuerst den Namen des Unternehmens und dann ihren eigenen Namen nennen. Manchmal lassen sie auch eines von beiden weg.<\/em><\/p>\n<p>&#8222;Specht Gartenbau, Wellmann?&#8220;<\/p>\n<ul>\n<li><em>Melde dich mit Vor- und Zunamen (und notiere: Herr Wellmann)<\/em><\/li>\n<\/ul>\n<p><strong>&#8222;Guten Tag, hier ist &#8230;&#8230;..<\/strong><\/p>\n<p>&#8222;Guten Tag.&#8220;<\/p>\n<ul>\n<li><em>Stelle Dich und Dein Anliegen kurz und pr\u00e4zise vor:<\/em><\/li>\n<\/ul>\n<p><strong>&#8222;Ich besuche die 8. (9.) Klasse an der Felix-Fechenbach-Gesamtschule in Leopoldsh\u00f6he und m\u00f6chte im Dezember 2017 gerne ein Praktikum in Ihrem Unternehmen machen.&#8220;<\/strong><\/p>\n<p>&#8222;Einen Moment, da verbinde ich Sie mal eben mit der Chefin, Frau Specht.&#8220;<\/p>\n<ul>\n<li><em>Notiere: Frau Specht<\/em><\/li>\n<\/ul>\n<p><em>(Pause)<\/em><\/p>\n<ul>\n<li><em>Vielleicht erreichst Du nicht auf Anhieb den\/die richtige Ansprechpartner\/in.<\/em><\/li>\n<\/ul>\n<p>&#8222;Tut mir leid, Frau Specht ist im Moment nicht in ihrem B\u00fcro.&#8220;<\/p>\n<ul>\n<li><em>Erkundige Dich, wann und wie Du Frau Specht erreichen kannst.<\/em><\/li>\n<\/ul>\n<p><strong>&#8222;Wann kann ich Frau Specht denn erreichen?&#8220;<\/strong><\/p>\n<p>&#8222;Versuchen Sie es in einer Stunde noch mal.&#8220;<\/p>\n<p><strong>&#8222;K\u00f6nnen Sie mir vielleicht die Durchwahl geben?&#8220;<\/strong><\/p>\n<p>&#8222;Ja, das ist &#8211; 445.&#8220;<\/p>\n<ul>\n<li><em>Bedanke und verabschiede Dich.<\/em><\/li>\n<\/ul>\n<p><strong>&#8222;Dankesch\u00f6n. Auf Wiederh\u00f6ren.&#8220;<\/strong><\/p>\n<p><em>Vielleicht hast du aber auch Gl\u00fcck und Frau Specht ist zu sprechen.<\/em><\/p>\n<ul>\n<li><em>Stelle dich noch einmal vor und wiederhole dein Anliegen.<\/em><\/li>\n<\/ul>\n<p>&#8222;Ein Praktikum? Wann genau soll das denn sein?&#8220;<\/p>\n<p><strong>&#8222;Vom 1. bis 19. Dezember, also drei Wochen lang.&#8220;<\/strong><\/p>\n<p>&#8222;Hm, ja, das k\u00f6nnte gehen. Wollen Sie nicht einfach mal vorbeikommen? Ich w\u00fcrde Sie gern erst mal kennen lernen.&#8220;<\/p>\n<p><strong>&#8222;Ja gerne, wann w\u00e4re es Ihnen denn recht?&#8220;<\/strong><\/p>\n<p>&#8222;Kommenden Freitag, um 15.00 Uhr?&#8220;<\/p>\n<ul>\n<li><em>Notiere: Freitag, 15.00 Uhr<\/em><\/li>\n<\/ul>\n<p><strong>&#8222;Ja, das geht. Soll ich meine Bewerbungsunterlagen mitbringen?&#8220;<\/strong><\/p>\n<p>&#8222;Ja, das \u00dcbliche: Lebenslauf, Zeugnis &#8230; das Weitere besprechen wir dann, wenn Sie da sind.&#8220;<\/p>\n<ul>\n<li><em>Bedanke Dich und wiederhole zum Abschied sicherheitshalber noch einmal den Termin.<\/em><\/li>\n<\/ul>\n<p><strong>&#8222;Gut, sch\u00f6nen Dank, dann bis Freitag, 15.00 Uhr. Auf Wiederh\u00f6ren.&#8220;<\/strong><\/p>\n<p>&#8222;Ja, auf Wiederh\u00f6ren.&#8220;<\/p>\n","protected":false},"excerpt":{"rendered":"<p>Das Telefongespr\u00e4ch \u00fcben Zun\u00e4chst wird gesammelt, welche Informationen beim Gespr\u00e4ch ausgetauscht wer\u00adden m\u00fcssen. Jede Frage sollte dabei gekl\u00e4rt werden: Als Ergebnis k\u00f6nnte z.B. folgende Liste entstehen: Dein Name, Telefonnummer, Adresse Name und Telefonnummer des\/der Ansprechpartner\/in Ist im Betrieb ein Praktikum im gew\u00fcnschten Arbeitsgebiet m\u00f6glich? Wie begr\u00fcndest Du dein Interesse an &hellip;<\/p>\n","protected":false},"author":3,"featured_media":0,"parent":1533,"menu_order":0,"comment_status":"closed","ping_status":"closed","template":"","meta":{"footnotes":""},"class_list":["post-1541","page","type-page","status-publish","hentry"],"_links":{"self":[{"href":"https:\/\/ffgleo.de\/wp\/index.php?rest_route=\/wp\/v2\/pages\/1541","targetHints":{"allow":["GET"]}}],"collection":[{"href":"https:\/\/ffgleo.de\/wp\/index.php?rest_route=\/wp\/v2\/pages"}],"about":[{"href":"https:\/\/ffgleo.de\/wp\/index.php?rest_route=\/wp\/v2\/types\/page"}],"author":[{"embeddable":true,"href":"https:\/\/ffgleo.de\/wp\/index.php?rest_route=\/wp\/v2\/users\/3"}],"replies":[{"embeddable":true,"href":"https:\/\/ffgleo.de\/wp\/index.php?rest_route=%2Fwp%2Fv2%2Fcomments&post=1541"}],"version-history":[{"count":3,"href":"https:\/\/ffgleo.de\/wp\/index.php?rest_route=\/wp\/v2\/pages\/1541\/revisions"}],"predecessor-version":[{"id":1544,"href":"https:\/\/ffgleo.de\/wp\/index.php?rest_route=\/wp\/v2\/pages\/1541\/revisions\/1544"}],"up":[{"embeddable":true,"href":"https:\/\/ffgleo.de\/wp\/index.php?rest_route=\/wp\/v2\/pages\/1533"}],"wp:attachment":[{"href":"https:\/\/ffgleo.de\/wp\/index.php?rest_route=%2Fwp%2Fv2%2Fmedia&parent=1541"}],"curies":[{"name":"wp","href":"https:\/\/api.w.org\/{rel}","templated":true}]}}