{"id":1560,"date":"2017-09-09T21:33:36","date_gmt":"2017-09-09T19:33:36","guid":{"rendered":"http:\/\/ffgleo.de\/wp\/?page_id=1560"},"modified":"2024-08-26T07:58:58","modified_gmt":"2024-08-26T05:58:58","slug":"lage-der-schule","status":"publish","type":"page","link":"https:\/\/ffgleo.de\/wp\/?page_id=1560","title":{"rendered":"Lage der Schule"},"content":{"rendered":"<p>Leopoldsh\u00f6he ist eine Gemeinde in Nordrhein-Westfalen und geh\u00f6rt zum Kreis Lippe. Die Gemeinde liegt n\u00f6rdlich des Teutoburger Waldes zwischen den St\u00e4dten Bielefeld, Bad Salzuflen, Lage und Oerlinghausen. Leopoldsh\u00f6he besteht aus 8 r\u00e4umlich getrennten Ortsteilen und hat insgesamt etwa 17.000 Einwohner.<\/p>\n<p>Weitere Informationen finden Sie auf der Homepage der Gemeinde:<br \/>\n<a href=\"http:\/\/www.leopoldshoehe.de\">www.leopoldshoehe.de <\/a><\/p>\n<p style=\"text-align: center;\"><a href=\"https:\/\/ffgleo.de\/wp\/wp-content\/uploads\/2024\/08\/Leo_Instagram.png\"><img loading=\"lazy\" decoding=\"async\" class=\"aligncenter size-medium wp-image-9554\" src=\"https:\/\/ffgleo.de\/wp\/wp-content\/uploads\/2024\/08\/Leo_Instagram-212x300.png\" alt=\"Instagram-Account der Gemeinde Leopoldsh\u00f6he\" width=\"212\" height=\"300\" srcset=\"https:\/\/ffgleo.de\/wp\/wp-content\/uploads\/2024\/08\/Leo_Instagram-212x300.png 212w, https:\/\/ffgleo.de\/wp\/wp-content\/uploads\/2024\/08\/Leo_Instagram-724x1024.png 724w, https:\/\/ffgleo.de\/wp\/wp-content\/uploads\/2024\/08\/Leo_Instagram-768x1086.png 768w, https:\/\/ffgleo.de\/wp\/wp-content\/uploads\/2024\/08\/Leo_Instagram-1086x1536.png 1086w, https:\/\/ffgleo.de\/wp\/wp-content\/uploads\/2024\/08\/Leo_Instagram-127x180.png 127w, https:\/\/ffgleo.de\/wp\/wp-content\/uploads\/2024\/08\/Leo_Instagram.png 1414w\" sizes=\"auto, (max-width: 212px) 100vw, 212px\" \/><\/a><a href=\"https:\/\/www.instagram.com\/gemeinde_leopoldshoehe\/\">https:\/\/www.instagram.com\/gemeinde_leopoldshoehe\/<\/a><\/p>\n<p>Die Felix-Fechenbach-Gesamtschule ist die einzige weiterf\u00fchrende Schule am Ort; daneben gibt es noch zwei Grundschulen. Die Gesamtschule liegt am nordwestlichen Rand des Ortsteils Leopoldsh\u00f6he.<br \/>\n<iframe loading=\"lazy\" style=\"border: 0;\" src=\"https:\/\/www.google.com\/maps\/embed?pb=!1m14!1m12!1m3!1d2455.368124015355!2d8.68844221613718!3d52.01839107972238!2m3!1f0!2f0!3f0!3m2!1i1024!2i768!4f13.1!5e0!3m2!1sde!2sde!4v1574934164110!5m2!1sde!2sde\" width=\"600\" height=\"450\" frameborder=\"0\" allowfullscreen=\"allowfullscreen\"><\/iframe><\/p>\n","protected":false},"excerpt":{"rendered":"<p>Leopoldsh\u00f6he ist eine Gemeinde in Nordrhein-Westfalen und geh\u00f6rt zum Kreis Lippe. Die Gemeinde liegt n\u00f6rdlich des Teutoburger Waldes zwischen den St\u00e4dten Bielefeld, Bad Salzuflen, Lage und Oerlinghausen. Leopoldsh\u00f6he besteht aus 8 r\u00e4umlich getrennten Ortsteilen und hat insgesamt etwa 17.000 Einwohner. Weitere Informationen finden Sie auf der Homepage der Gemeinde: www.leopoldshoehe.de &hellip;<\/p>\n","protected":false},"author":3,"featured_media":0,"parent":1010,"menu_order":0,"comment_status":"closed","ping_status":"closed","template":"","meta":{"footnotes":""},"class_list":["post-1560","page","type-page","status-publish","hentry"],"_links":{"self":[{"href":"https:\/\/ffgleo.de\/wp\/index.php?rest_route=\/wp\/v2\/pages\/1560","targetHints":{"allow":["GET"]}}],"collection":[{"href":"https:\/\/ffgleo.de\/wp\/index.php?rest_route=\/wp\/v2\/pages"}],"about":[{"href":"https:\/\/ffgleo.de\/wp\/index.php?rest_route=\/wp\/v2\/types\/page"}],"author":[{"embeddable":true,"href":"https:\/\/ffgleo.de\/wp\/index.php?rest_route=\/wp\/v2\/users\/3"}],"replies":[{"embeddable":true,"href":"https:\/\/ffgleo.de\/wp\/index.php?rest_route=%2Fwp%2Fv2%2Fcomments&post=1560"}],"version-history":[{"count":20,"href":"https:\/\/ffgleo.de\/wp\/index.php?rest_route=\/wp\/v2\/pages\/1560\/revisions"}],"predecessor-version":[{"id":9557,"href":"https:\/\/ffgleo.de\/wp\/index.php?rest_route=\/wp\/v2\/pages\/1560\/revisions\/9557"}],"up":[{"embeddable":true,"href":"https:\/\/ffgleo.de\/wp\/index.php?rest_route=\/wp\/v2\/pages\/1010"}],"wp:attachment":[{"href":"https:\/\/ffgleo.de\/wp\/index.php?rest_route=%2Fwp%2Fv2%2Fmedia&parent=1560"}],"curies":[{"name":"wp","href":"https:\/\/api.w.org\/{rel}","templated":true}]}}