{"id":1735,"date":"2017-09-10T14:27:27","date_gmt":"2017-09-10T12:27:27","guid":{"rendered":"http:\/\/ffgleo.de\/wp\/?page_id=1735"},"modified":"2024-11-08T10:13:55","modified_gmt":"2024-11-08T09:13:55","slug":"schuelervertretung","status":"publish","type":"page","link":"https:\/\/ffgleo.de\/wp\/?page_id=1735","title":{"rendered":"Unsere Sch\u00fclervertretung"},"content":{"rendered":"<p>Wie die meisten anderen Schulen hat auch die Felix-Fechenbach-Gesamtschule- Leopoldsh\u00f6he ein SV-Team, welches die Interessen der gesamten <a href=\"https:\/\/ffgleo.de\/wp\/wp-content\/uploads\/2017\/09\/SV_2015_02a.jpg\"><img loading=\"lazy\" decoding=\"async\" class=\"alignright  wp-image-1741\" src=\"https:\/\/ffgleo.de\/wp\/wp-content\/uploads\/2017\/09\/SV_2015_02a.jpg\" alt=\"\" width=\"404\" height=\"228\" \/><\/a>Sch\u00fclerschaft vertritt. Das derzeitige Team besteht aus den engagierten SV-Lehrern <strong>Frau Kr\u00fcper, Herr Ptasinski, Frau Gronemeier<\/strong>. Das aktuelle Sch\u00fclersprecherteam besteht aus <strong>Pia Horenburg, Emmy B\u00f6kenbrink, Pauline Rei\u00df, Zuhir Zahraw<\/strong>. Sie werden durch weitere Mitglieder der SV unterst\u00fctzt.<\/p>\n<p>Die Sch\u00fclervertretung hat die Aufgabe, sich f\u00fcr die Rechte der Sch\u00fclerschaft einzusetzen. Wir gestalten aktiv unser Schulleben mit, indem wir coole und kreative Aktionen planen. Eines unserer gr\u00f6\u00dften Projekte ist der <strong>Schulwandertag<\/strong>, der planm\u00e4\u00dfig alle vier Jahre stattfinden soll. Die gesamte Schule nimmt an diesem Ereignis teil. Erfolgreiche Schulwandertage zeigten sich bereits in K\u00f6ln, Oberhausen und Hamburg mit insgesamt ca. 1300 Sch\u00fclern und Sch\u00fclerinnen.<\/p>\n<p>Eine weitere bedeutende Veranstaltung der FFG Leopoldsh\u00f6he ist unsere \u201e<strong>Deutschland wird Bunt<\/strong>\u201c &#8211; Aktion. Mit dieser Aktion erinnern wir jedes Jahr unsere Mitsch\u00fcler\/innen an unser Schulmotto \u201e<strong>Schule ohne Rassismus, Schule mit Courage<\/strong>\u201c. Ebenso veranstaltet die Sch\u00fclervertretung <strong>Sportturniere<\/strong> in Kooperation mit Arminia als Partnerschule. Diese Kooperation \u00f6ffnet uns einige T\u00fcren, um coole Preise bei dem Sportturnier, nicht allzu selten Fu\u00dfballturniere, zu gewinnen.<\/p>\n<p>Zu den kleineren Organisationen der SV geh\u00f6rt u.a. das dauerhafte Projekt der Sch\u00fcler-<strong>Nachhilfevermittlung<\/strong>. Des Weiteren verbreiten wir mit unserer <strong>Weihnachtsbaumaktion<\/strong> zur Weihnachtszeit auch viel Stimmung und arbeiten flei\u00dfig an unserer <strong>Schulmodekollektion<\/strong>, die bei uns erh\u00e4ltlich ist.<\/p>\n<p>Wir, die Sch\u00fclervertretung treffen uns, um \u00fcber Aktionen, Probleme, Ver\u00e4nderungen, Nachhilfe oder viele andere aktuelle Themen zu sprechen.<\/p>\n<p>Die SV freut sich \u00fcber jedes neue Mitglied. Also auch \u00fcber dich! Komm doch mal vorbei in der 1. gro\u00dfe Pause am Dienstag und Donnerstag in Raum 300.<\/p>\n<p>Dein SV-Team<\/p>\n<p>Die Sch\u00fclervertretung vertritt die Interessen der Sch\u00fcler\/innen unserer Schule.<\/p>\n<p><i>Kontakt:<\/i><\/p>\n<p><i>\u00fcber email: schuelervertretung@ffgleo.net<br \/>\n<\/i><\/p>\n<h4>Die SV-Lehrer -innen:<\/h4>\n<p>Frau Kr\u00fcper, Herr Ptasinski, Frau Gronemeier<\/p>\n","protected":false},"excerpt":{"rendered":"<p>Wie die meisten anderen Schulen hat auch die Felix-Fechenbach-Gesamtschule- Leopoldsh\u00f6he ein SV-Team, welches die Interessen der gesamten Sch\u00fclerschaft vertritt. Das derzeitige Team besteht aus den engagierten SV-Lehrern Frau Kr\u00fcper, Herr Ptasinski, Frau Gronemeier. Das aktuelle Sch\u00fclersprecherteam besteht aus Pia Horenburg, Emmy B\u00f6kenbrink, Pauline Rei\u00df, Zuhir Zahraw. Sie werden durch weitere &hellip;<\/p>\n","protected":false},"author":3,"featured_media":0,"parent":1008,"menu_order":0,"comment_status":"closed","ping_status":"closed","template":"","meta":{"footnotes":""},"class_list":["post-1735","page","type-page","status-publish","hentry"],"_links":{"self":[{"href":"https:\/\/ffgleo.de\/wp\/index.php?rest_route=\/wp\/v2\/pages\/1735","targetHints":{"allow":["GET"]}}],"collection":[{"href":"https:\/\/ffgleo.de\/wp\/index.php?rest_route=\/wp\/v2\/pages"}],"about":[{"href":"https:\/\/ffgleo.de\/wp\/index.php?rest_route=\/wp\/v2\/types\/page"}],"author":[{"embeddable":true,"href":"https:\/\/ffgleo.de\/wp\/index.php?rest_route=\/wp\/v2\/users\/3"}],"replies":[{"embeddable":true,"href":"https:\/\/ffgleo.de\/wp\/index.php?rest_route=%2Fwp%2Fv2%2Fcomments&post=1735"}],"version-history":[{"count":12,"href":"https:\/\/ffgleo.de\/wp\/index.php?rest_route=\/wp\/v2\/pages\/1735\/revisions"}],"predecessor-version":[{"id":9861,"href":"https:\/\/ffgleo.de\/wp\/index.php?rest_route=\/wp\/v2\/pages\/1735\/revisions\/9861"}],"up":[{"embeddable":true,"href":"https:\/\/ffgleo.de\/wp\/index.php?rest_route=\/wp\/v2\/pages\/1008"}],"wp:attachment":[{"href":"https:\/\/ffgleo.de\/wp\/index.php?rest_route=%2Fwp%2Fv2%2Fmedia&parent=1735"}],"curies":[{"name":"wp","href":"https:\/\/api.w.org\/{rel}","templated":true}]}}