{"id":1746,"date":"2017-09-10T15:19:56","date_gmt":"2017-09-10T13:19:56","guid":{"rendered":"http:\/\/ffgleo.de\/wp\/?page_id=1746"},"modified":"2019-05-10T12:13:16","modified_gmt":"2019-05-10T10:13:16","slug":"entschuldigungen","status":"publish","type":"page","link":"https:\/\/ffgleo.de\/wp\/?page_id=1746","title":{"rendered":"Entschuldigungen Sek II &#8211; \u00c4rztliches Attest Sportteilnahme SEK I"},"content":{"rendered":"<h3>Entschuldigung: Vorgehen bei verpasstem Unterricht<\/h3>\n<p><strong>Generell gilt:<\/strong> &#8222;Der Sch\u00fcler ist verpflichtet, regelm\u00e4\u00dfig und p\u00fcnktlich am Unterricht und an den sonstigen f\u00fcr verbindlich erkl\u00e4rten Schulveranstaltungen teilzunehmen.&#8220; (Schulgesetz \u00a7 43 [1]). Verletzungen dieser Pflichten k\u00f6nnen unter Umst\u00e4nden auch Ordnungsma\u00dfnahmen zur Folge haben.<\/p>\n<p>Daher ist es wichtig, dass ein Fehlen fr\u00fchzeitig bekannt gegeben wird (Anruf im Sekretariat vor Unterrichtsbeginn) und es ist bei der R\u00fcckkehr in die Schule eine Entschuldigung vorzulegen.<\/p>\n<p>Ihr findet die Vorlage daf\u00fcr in eurem Schuljahresbegleiter. Sollte der Platz dort nicht reichen, gibt es auch einen <a href=\"https:\/\/ffgleo.de\/wp\/wp-content\/uploads\/2018\/06\/Entschuldigungszettel.pdf\"><img decoding=\"async\" src=\"https:\/\/ffgleo.de\/wp\/wp-content\/icons\/pdf32.png\" width=\"16px\" \/>Entschuldigungszettel zum Ausdruck<\/a> (PDF-Datei, bitte auf A5 durchschneiden), der auch f\u00fcr die Gymnasiale Oberstufe zum Einsatz kommt.<\/p>\n<p>&nbsp;<\/p>\n<h4>Regelungen bei Unterrichtsvers\u00e4umnis f\u00fcr die Gymnasiale Oberstufe<\/h4>\n<p><a href=\"https:\/\/ffgleo.de\/wp\/wp-content\/uploads\/2018\/06\/Entschuldigungszettel.pdf\"><img loading=\"lazy\" decoding=\"async\" class=\"alignright wp-image-3599\" src=\"https:\/\/ffgleo.de\/wp\/wp-content\/uploads\/2018\/06\/Entschuldigung-300x212.png\" alt=\"\" width=\"250\" height=\"177\" srcset=\"https:\/\/ffgleo.de\/wp\/wp-content\/uploads\/2018\/06\/Entschuldigung-300x212.png 300w, https:\/\/ffgleo.de\/wp\/wp-content\/uploads\/2018\/06\/Entschuldigung-283x200.png 283w, https:\/\/ffgleo.de\/wp\/wp-content\/uploads\/2018\/06\/Entschuldigung.png 401w\" sizes=\"auto, (max-width: 250px) 100vw, 250px\" \/><\/a> Unentschuldigte Fehlzeiten wirken sich auch auf die Leistungsbewertung aus. Vers\u00e4umt eine Sch\u00fclerin \/ ein Sch\u00fcler aus von ihr \/ ihm zu vertretenden Gr\u00fcnden (z. B. bei nicht entschuldigtem Fehlen) eine Klausur, so ist dies wie eine ungen\u00fcgende Leistung zu bewerten (VV 14.41 zu \u00a7 14 APO-GOSt). Eine schuldhaft vers\u00e4umte Klausur kann nicht nachgeschrieben werden. Fahrschulstunden generell oder die F\u00fchrerscheinpr\u00fcfung an Klausurtagen sind keine Entschuldigungsgr\u00fcnde.<\/p>\n<h4><strong>Vers\u00e4umnisse:<\/strong><\/h4>\n<ul>\n<li>Bei Fehlen wegen Krankheit oder aus anderen unvorhersehbaren zwingenden Gr\u00fcnden teilen die Sch\u00fclerinnen und Sch\u00fcler bzw. deren Erziehungsberechtigte der Schule unverz\u00fcglich den Grund f\u00fcr das Schulvers\u00e4umnis mit (vgl. Schulgesetz \u00a7 43 [2]). Telefonnummer der Schule: 05208 991360.<\/li>\n<li>Erkrankt eine Sch\u00fclerin \/ ein Sch\u00fcler w\u00e4hrend der Unterrichtszeit, so meldet sie \/ er sich bei der Beratungslehrerin \/ dem Beratungslehrer, dem Oberstufenkoordinator oder einem anderen Mitglied der Schulleitung ab.<\/li>\n<li>Wenn eine Sch\u00fclerin \/ ein Sch\u00fcler an dem Tag krank ist, an dem sie \/ er eine Klausur schreibt, so muss sie \/ er sich am selben Tage morgens <strong>vor Beginn der Klausur<\/strong> telefonisch krank melden.<\/li>\n<li>Bei h\u00e4ufigerem Fehlen, bei geh\u00e4uftem Fehlen an bestimmten Wochentagen, in bestimmten Unterrichtsf\u00e4chern sowie bei unentschuldigtem oder wiederholtem Fehlen an Klausurtagen (s. o.) muss die Sch\u00fclerin \/ der Sch\u00fcler damit rechnen, dass die Schule die Vorlage eines \u00e4rztlichen Attestes verlangt (Schulgesetz \u00a7 43 [3]).<\/li>\n<li>F\u00fcr vorhersehbare Vers\u00e4umnisse m\u00fcssen die Sch\u00fcler bzw. die Erziehungsberechtigten m\u00f6glichst fr\u00fchzeitig eine Beurlaubung bei der Beratungslehrerin \/ dem Beratungslehrer beantragen.<\/li>\n<li>Bei einem l\u00e4ngeren Schulvers\u00e4umnis ist <strong>sp\u00e4testens nach zwei Wochen eine schriftlichen Zwischenmitteilung <\/strong>vorzulegen.<\/li>\n<li>Bei Beendigung des Schulvers\u00e4umnisses teilt die Sch\u00fclerin \/ der Sch\u00fcler bzw. ein Erziehungsberechtigter schriftlich den Grund f\u00fcr das Schulvers\u00e4umnis mit. Die schriftliche Mitteilung erfolgt auf dem beim Oberstufenkoordinator bzw. den Beratungslehrern erh\u00e4ltlichen Entschuldigungszettel. Der Entschuldigungszettel ist von allen betroffenen Kurslehrerinnen und Kurslehrern innerhalb einer Woche nach dem Schulvers\u00e4umnis abzuzeichnen. Solange beh\u00e4lt die Sch\u00fclerin \/ der Sch\u00fcler den Entschuldigungszettel. Der vollst\u00e4ndig abgezeichnete Entschuldigungszettel wird dann bei der Beratungslehrerin \/ dem Beratungslehrer abgegeben. So ist eine doppelte Kontrolle &#8211; im Sinne der Sch\u00fclerin \/ des Sch\u00fclers gew\u00e4hrleistet.<\/li>\n<\/ul>\n<h1 class=\"entry-title singular-title\">\u00c4rztliches Attest Sportteilnahme SEK I<\/h1>\n<p>Hier gibt es auch eine <a href=\"https:\/\/ffgleo.de\/wp\/wp-content\/uploads\/2019\/05\/\u00c4rztliches-Attest.pdf\">Vorlage des Ministeriums f\u00fcr ein \u00e4rztliches Attest im Sport<\/a> (notwendig, wenn die Nichtteilnahme eine Woche \u00fcbersteigt!)<\/p>\n","protected":false},"excerpt":{"rendered":"<p>Entschuldigung: Vorgehen bei verpasstem Unterricht Generell gilt: &#8222;Der Sch\u00fcler ist verpflichtet, regelm\u00e4\u00dfig und p\u00fcnktlich am Unterricht und an den sonstigen f\u00fcr verbindlich erkl\u00e4rten Schulveranstaltungen teilzunehmen.&#8220; (Schulgesetz \u00a7 43 [1]). Verletzungen dieser Pflichten k\u00f6nnen unter Umst\u00e4nden auch Ordnungsma\u00dfnahmen zur Folge haben. Daher ist es wichtig, dass ein Fehlen fr\u00fchzeitig bekannt gegeben &hellip;<\/p>\n","protected":false},"author":3,"featured_media":0,"parent":1008,"menu_order":0,"comment_status":"closed","ping_status":"closed","template":"","meta":{"footnotes":""},"class_list":["post-1746","page","type-page","status-publish","hentry"],"_links":{"self":[{"href":"https:\/\/ffgleo.de\/wp\/index.php?rest_route=\/wp\/v2\/pages\/1746","targetHints":{"allow":["GET"]}}],"collection":[{"href":"https:\/\/ffgleo.de\/wp\/index.php?rest_route=\/wp\/v2\/pages"}],"about":[{"href":"https:\/\/ffgleo.de\/wp\/index.php?rest_route=\/wp\/v2\/types\/page"}],"author":[{"embeddable":true,"href":"https:\/\/ffgleo.de\/wp\/index.php?rest_route=\/wp\/v2\/users\/3"}],"replies":[{"embeddable":true,"href":"https:\/\/ffgleo.de\/wp\/index.php?rest_route=%2Fwp%2Fv2%2Fcomments&post=1746"}],"version-history":[{"count":16,"href":"https:\/\/ffgleo.de\/wp\/index.php?rest_route=\/wp\/v2\/pages\/1746\/revisions"}],"predecessor-version":[{"id":5055,"href":"https:\/\/ffgleo.de\/wp\/index.php?rest_route=\/wp\/v2\/pages\/1746\/revisions\/5055"}],"up":[{"embeddable":true,"href":"https:\/\/ffgleo.de\/wp\/index.php?rest_route=\/wp\/v2\/pages\/1008"}],"wp:attachment":[{"href":"https:\/\/ffgleo.de\/wp\/index.php?rest_route=%2Fwp%2Fv2%2Fmedia&parent=1746"}],"curies":[{"name":"wp","href":"https:\/\/api.w.org\/{rel}","templated":true}]}}