{"id":1956,"date":"2017-09-10T16:31:25","date_gmt":"2017-09-10T14:31:25","guid":{"rendered":"http:\/\/ffgleo.de\/wp\/?page_id=1956"},"modified":"2017-09-10T17:17:42","modified_gmt":"2017-09-10T15:17:42","slug":"methodentraining-sekundarstufe-ii","status":"publish","type":"page","link":"https:\/\/ffgleo.de\/wp\/?page_id=1956","title":{"rendered":"Methodentraining (Sekundarstufe II)"},"content":{"rendered":"<blockquote><p>Methodentraining ist ein die gesamte S II begleitender Prozess. In der Einf\u00fchrungsphase (Jahrgang 11) erhalten die Sch\u00fclerinnen und Sch\u00fcler in verschiedenen F\u00e4chern Gelegenheiten, Lern- und Arbeitsmethoden der Oberstufe kennenzulernen und gezielt zu trainieren. Dabei wird an Methodenkenntnisse aus der S I angekn\u00fcpft. Mit unserem Methodenkonzept soll sichergestellt werden, dass alle zur Arbeit in der S II wichtigen Methoden allen Sch\u00fclerinnen und Sch\u00fclern am Ende der Einf\u00fchrungsphase zur Verf\u00fcgung stehen, so dass sie in der Qualifikationsphase angewendet, erg\u00e4nzt und vertieft werden k\u00f6nnen.<\/p>\n<p>Methoden sind kein Selbstzweck. Deshalb kann Methodenlernen nur im Kontext relevanter Lerninhalte erfolgen. Aus diesem Grund haben wir einzelne Methoden einzelnen F\u00e4chern zugeordnet, so dass im Verlauf des regul\u00e4ren Unterrichts im Zusammenhang mit den zu erarbeitenden Inhalten die entsprechenden Methoden erlernt und angewendet werden k\u00f6nnen. So erfolgt eine sinnvolle Verkn\u00fcpfung von Inhalt und Methode sowie ein systematisches Methodentraining.<\/p><\/blockquote>\n<p style=\"text-align: right;\"><em>(Auszug aus unserem Schulprogramm)<\/em><\/p>\n<p><a href=\"https:\/\/ffgleo.de\/wp\/wp-content\/uploads\/2017\/09\/Methodenuebersicht_SII.pdf\">Die Datei mit der \u00dcbersicht der Zuordnung von Methoden zu einzelnen F\u00e4chern in der Sekundarstufe II finden Sie hier.<\/a> (PDF)<\/p>\n<p>&nbsp;<\/p>\n<p><a href=\"https:\/\/ffgleo.de\/wp\/wp-content\/uploads\/2017\/09\/AchtUnterrichtsmethoden.pdf\">Die acht kommunikativen Unterrichtsmethoden<\/a> als PDF-Dateien<\/p>\n<ul>\n<li><a href=\"https:\/\/ffgleo.de\/wp\/wp-content\/uploads\/2017\/09\/Blitzlicht.pdf\">Blitzlicht<\/a><\/li>\n<li><a href=\"https:\/\/ffgleo.de\/wp\/wp-content\/uploads\/2017\/09\/Doppelkreis.pdf\">Doppelkreis<\/a><\/li>\n<li><a href=\"https:\/\/ffgleo.de\/wp\/wp-content\/uploads\/2017\/09\/Gruppenpuzzle_Standbild.pdf\">Gruppenpuzzle und Standbild<\/a><\/li>\n<li><a href=\"https:\/\/ffgleo.de\/wp\/wp-content\/uploads\/2017\/09\/Interview_Fishbowl.pdf\">Interview und Fishbowl<\/a><\/li>\n<li><a href=\"https:\/\/ffgleo.de\/wp\/wp-content\/uploads\/2017\/09\/positionslinie.pdf\">Positionslinie<\/a><\/li>\n<li><a href=\"https:\/\/ffgleo.de\/wp\/wp-content\/uploads\/2017\/09\/stummes_Schreibgespr\u00e4ch.pdf\">Stummes Schreibgespr\u00e4ch<\/a><\/li>\n<\/ul>\n<p>&nbsp;<\/p>\n<p><a href=\"https:\/\/ffgleo.de\/wp\/wp-content\/uploads\/2017\/09\/referieren_Pr\u00e4sentieren.pdf\">Handout: Pr\u00e4sentationen halten<\/a> (PDF)<\/p>\n<p><a href=\"https:\/\/ffgleo.de\/wp\/wp-content\/uploads\/2017\/09\/Kompetenzraster-Pr\u00e4sentation.pdf\">Kompetenzraster: Wie gut ist die Pr\u00e4sentation?<\/a> (PDF)<\/p>\n<p>&nbsp;<\/p>\n<p>&nbsp;<\/p>\n<p>&nbsp;<\/p>\n","protected":false},"excerpt":{"rendered":"<p>Methodentraining ist ein die gesamte S II begleitender Prozess. In der Einf\u00fchrungsphase (Jahrgang 11) erhalten die Sch\u00fclerinnen und Sch\u00fcler in verschiedenen F\u00e4chern Gelegenheiten, Lern- und Arbeitsmethoden der Oberstufe kennenzulernen und gezielt zu trainieren. Dabei wird an Methodenkenntnisse aus der S I angekn\u00fcpft. Mit unserem Methodenkonzept soll sichergestellt werden, dass alle &hellip;<\/p>\n","protected":false},"author":3,"featured_media":0,"parent":1318,"menu_order":0,"comment_status":"closed","ping_status":"closed","template":"","meta":{"footnotes":""},"class_list":["post-1956","page","type-page","status-publish","hentry"],"_links":{"self":[{"href":"https:\/\/ffgleo.de\/wp\/index.php?rest_route=\/wp\/v2\/pages\/1956","targetHints":{"allow":["GET"]}}],"collection":[{"href":"https:\/\/ffgleo.de\/wp\/index.php?rest_route=\/wp\/v2\/pages"}],"about":[{"href":"https:\/\/ffgleo.de\/wp\/index.php?rest_route=\/wp\/v2\/types\/page"}],"author":[{"embeddable":true,"href":"https:\/\/ffgleo.de\/wp\/index.php?rest_route=\/wp\/v2\/users\/3"}],"replies":[{"embeddable":true,"href":"https:\/\/ffgleo.de\/wp\/index.php?rest_route=%2Fwp%2Fv2%2Fcomments&post=1956"}],"version-history":[{"count":7,"href":"https:\/\/ffgleo.de\/wp\/index.php?rest_route=\/wp\/v2\/pages\/1956\/revisions"}],"predecessor-version":[{"id":1974,"href":"https:\/\/ffgleo.de\/wp\/index.php?rest_route=\/wp\/v2\/pages\/1956\/revisions\/1974"}],"up":[{"embeddable":true,"href":"https:\/\/ffgleo.de\/wp\/index.php?rest_route=\/wp\/v2\/pages\/1318"}],"wp:attachment":[{"href":"https:\/\/ffgleo.de\/wp\/index.php?rest_route=%2Fwp%2Fv2%2Fmedia&parent=1956"}],"curies":[{"name":"wp","href":"https:\/\/api.w.org\/{rel}","templated":true}]}}