{"id":1979,"date":"2017-09-10T17:29:27","date_gmt":"2017-09-10T15:29:27","guid":{"rendered":"http:\/\/ffgleo.de\/wp\/?page_id=1979"},"modified":"2017-09-10T17:31:45","modified_gmt":"2017-09-10T15:31:45","slug":"informationen-zum-busverkehr","status":"publish","type":"page","link":"https:\/\/ffgleo.de\/wp\/?page_id=1979","title":{"rendered":"Informationen zum Busverkehr"},"content":{"rendered":"<p>Der Busverkehr ist seit dem 7.1.2013 von der BVO \u00fcbernommen worden. Ausk\u00fcnfte zum aktuellen Fahrplan finden Sie unter <a href=\"http:\/\/www.lippemobil.de\/de\/fahrplan-liniennetz\/fahrplanauskunft\/\">der Fahrplanauskunft der KVG Lippe<\/a>. Dort k\u00f6nnen Sie die gew\u00fcnschte Ein- bzw. Ausstiegshaltestelle sowie Abfahrtszeiten eingeben und erhalten dann Informationen zur entsprechenden Busverbindung.<\/p>\n<p>Dar\u00fcber hinaus gibt es noch die folgenden Informations- und Kommunikationsm\u00f6glichkeiten:<br \/>\n<strong>Fahrplan- und Tarifinformation:<\/strong> Tel.: 01805607085<br \/>\n<strong>Beschwerden, Anregungen, Lob<\/strong>: dbregiobusnrw@deutschebahn.com<br \/>\n<strong>InfoThek der KVG Lippe<\/strong>: 05261\/6673950 oder kvg@kreis-lippe.de<\/p>\n","protected":false},"excerpt":{"rendered":"<p>Der Busverkehr ist seit dem 7.1.2013 von der BVO \u00fcbernommen worden. Ausk\u00fcnfte zum aktuellen Fahrplan finden Sie unter der Fahrplanauskunft der KVG Lippe. Dort k\u00f6nnen Sie die gew\u00fcnschte Ein- bzw. Ausstiegshaltestelle sowie Abfahrtszeiten eingeben und erhalten dann Informationen zur entsprechenden Busverbindung. Dar\u00fcber hinaus gibt es noch die folgenden Informations- und &hellip;<\/p>\n","protected":false},"author":3,"featured_media":0,"parent":1010,"menu_order":0,"comment_status":"closed","ping_status":"closed","template":"","meta":{"footnotes":""},"class_list":["post-1979","page","type-page","status-publish","hentry"],"_links":{"self":[{"href":"https:\/\/ffgleo.de\/wp\/index.php?rest_route=\/wp\/v2\/pages\/1979","targetHints":{"allow":["GET"]}}],"collection":[{"href":"https:\/\/ffgleo.de\/wp\/index.php?rest_route=\/wp\/v2\/pages"}],"about":[{"href":"https:\/\/ffgleo.de\/wp\/index.php?rest_route=\/wp\/v2\/types\/page"}],"author":[{"embeddable":true,"href":"https:\/\/ffgleo.de\/wp\/index.php?rest_route=\/wp\/v2\/users\/3"}],"replies":[{"embeddable":true,"href":"https:\/\/ffgleo.de\/wp\/index.php?rest_route=%2Fwp%2Fv2%2Fcomments&post=1979"}],"version-history":[{"count":3,"href":"https:\/\/ffgleo.de\/wp\/index.php?rest_route=\/wp\/v2\/pages\/1979\/revisions"}],"predecessor-version":[{"id":1983,"href":"https:\/\/ffgleo.de\/wp\/index.php?rest_route=\/wp\/v2\/pages\/1979\/revisions\/1983"}],"up":[{"embeddable":true,"href":"https:\/\/ffgleo.de\/wp\/index.php?rest_route=\/wp\/v2\/pages\/1010"}],"wp:attachment":[{"href":"https:\/\/ffgleo.de\/wp\/index.php?rest_route=%2Fwp%2Fv2%2Fmedia&parent=1979"}],"curies":[{"name":"wp","href":"https:\/\/api.w.org\/{rel}","templated":true}]}}