{"id":1986,"date":"2017-09-10T17:36:33","date_gmt":"2017-09-10T15:36:33","guid":{"rendered":"http:\/\/ffgleo.de\/wp\/?page_id=1986"},"modified":"2025-09-22T08:50:59","modified_gmt":"2025-09-22T06:50:59","slug":"foerderverein","status":"publish","type":"page","link":"https:\/\/ffgleo.de\/wp\/?page_id=1986","title":{"rendered":"F\u00f6rderverein"},"content":{"rendered":"<div class=\"wp-block-image\">\n<figure class=\"aligncenter size-full\"><img loading=\"lazy\" decoding=\"async\" width=\"546\" height=\"125\" src=\"https:\/\/ffgleo.de\/wp\/wp-content\/uploads\/2022\/06\/Foerderverein.png\" alt=\"\" class=\"wp-image-7894\" srcset=\"https:\/\/ffgleo.de\/wp\/wp-content\/uploads\/2022\/06\/Foerderverein.png 546w, https:\/\/ffgleo.de\/wp\/wp-content\/uploads\/2022\/06\/Foerderverein-300x69.png 300w\" sizes=\"auto, (max-width: 546px) 100vw, 546px\" \/><\/figure><\/div>\n\n\n<p><\/p>\n\n\n<p>Neben den offiziellen Mitwirkungsorganen wie Klassen- und Schulpflegschaften oder Schulkonferenzen gibt es seit Anfang der 80er Jahre an der Schule einen F\u00f6rderverein, der von Eltern und Lehrern gegr\u00fcndet wurde.<\/p>\n<h4>Vorstand<\/h4>\n<p>Vereinsvorsitzender: Frau Sabine Nagel-Meier<br \/>Stellvertreter: Herr Thomas M\u00f6ser<br \/>Gesch\u00e4ftsf\u00fchrerin: Sabrina Breitkreuz (Lehrerin)<br \/>Stellvertreter: Daniel Grabbe (Lehrer)<\/p>\n<p>&nbsp;<\/p>\n<p>Der F\u00f6rderverein ist auch unter der Adresse <a href=\"mailto:foerderverein.ffgleo@web.de\">foerderverein.ffgleo@web.de<\/a> erreichbar<\/p>\n<h4>Ziele und Aufgaben<\/h4>\n<p>Das Ziel ist u. a. Sch\u00fcler zu unterst\u00fctzen oder Geldmittel f\u00fcr schulische Zwecke bereitzustellen, die vom Schultr\u00e4ger nicht erbracht werden k\u00f6nnen sowie Eltern in institutioneller Weise in die Schulfamilie mit einzubeziehen.<\/p>\n<p>Folgende Ma\u00dfnahmen sind in den letzten Jahren umgesetzt worden:<\/p>\n<ul>\n<li>Unterst\u00fctzung bei Klassen- und Theaterfahrten,<\/li>\n<li>Anschaffung von B\u00fcchern, Ger\u00e4ten oder Musikinstrumenten ( z.B. Gitarren ),<\/li>\n<li>Planung von baulichen Zusatzanschaffungen ( z.B. Fu\u00dfballtore ),<\/li>\n<li>Zusch\u00fcsse bei Projekten ( Sucht- und Gewaltpr\u00e4vention ),<\/li>\n<li>Trikots f\u00fcr Fu\u00dfball-, Handball- und Basketballschulmannschaften,<\/li>\n<li>Kunstobjekte auf dem Schulhof,<\/li>\n<li>Glasvitrinen, Bilderwechselrahmen etc.<\/li>\n<\/ul>\n<h4>Mitgliedsbeitrag<\/h4>\n<p>Der F\u00f6rderverein hat zur Zeit ca. 490 Mitglieder. Der Mindestbeitrag im Jahr bel\u00e4uft sich auf 12 Euro. Damit k\u00f6nnen die F\u00f6rderaktivit\u00e4ten auf hohem Niveau gehalten werden. Dieser Beitrag sowie alle Spenden an den F\u00f6rderverein sind steuerlich absetzbar.<\/p>\n<p>Wir w\u00fcrden uns sehr freuen, m\u00f6glichst viele von Ihnen als neue Mitglieder begr\u00fc\u00dfen zu d\u00fcrfen.<\/p>\n<p><a href=\"https:\/\/ffgleo.de\/wp\/wp-content\/uploads\/2025\/09\/Antrag-Foerderverein.pdf\">Aufnahme-Antrag <\/a>(als PDF-Datei)<\/p>\n<p><a href=\"https:\/\/ffgleo.de\/wp\/?page_id=1998\">Zu den Ver\u00f6ffentlichungen der Mitgliederversammlungen<\/a><\/p>","protected":false},"excerpt":{"rendered":"<p>Neben den offiziellen Mitwirkungsorganen wie Klassen- und Schulpflegschaften oder Schulkonferenzen gibt es seit Anfang der 80er Jahre an der Schule einen F\u00f6rderverein, der von Eltern und Lehrern gegr\u00fcndet wurde. Vorstand Vereinsvorsitzender: Frau Sabine Nagel-MeierStellvertreter: Herr Thomas M\u00f6serGesch\u00e4ftsf\u00fchrerin: Sabrina Breitkreuz (Lehrerin)Stellvertreter: Daniel Grabbe (Lehrer) &nbsp; Der F\u00f6rderverein ist auch unter der &hellip;<\/p>\n","protected":false},"author":3,"featured_media":7894,"parent":2,"menu_order":0,"comment_status":"closed","ping_status":"closed","template":"","meta":{"footnotes":""},"class_list":["post-1986","page","type-page","status-publish","has-post-thumbnail","hentry"],"_links":{"self":[{"href":"https:\/\/ffgleo.de\/wp\/index.php?rest_route=\/wp\/v2\/pages\/1986","targetHints":{"allow":["GET"]}}],"collection":[{"href":"https:\/\/ffgleo.de\/wp\/index.php?rest_route=\/wp\/v2\/pages"}],"about":[{"href":"https:\/\/ffgleo.de\/wp\/index.php?rest_route=\/wp\/v2\/types\/page"}],"author":[{"embeddable":true,"href":"https:\/\/ffgleo.de\/wp\/index.php?rest_route=\/wp\/v2\/users\/3"}],"replies":[{"embeddable":true,"href":"https:\/\/ffgleo.de\/wp\/index.php?rest_route=%2Fwp%2Fv2%2Fcomments&post=1986"}],"version-history":[{"count":20,"href":"https:\/\/ffgleo.de\/wp\/index.php?rest_route=\/wp\/v2\/pages\/1986\/revisions"}],"predecessor-version":[{"id":11535,"href":"https:\/\/ffgleo.de\/wp\/index.php?rest_route=\/wp\/v2\/pages\/1986\/revisions\/11535"}],"up":[{"embeddable":true,"href":"https:\/\/ffgleo.de\/wp\/index.php?rest_route=\/wp\/v2\/pages\/2"}],"wp:featuredmedia":[{"embeddable":true,"href":"https:\/\/ffgleo.de\/wp\/index.php?rest_route=\/wp\/v2\/media\/7894"}],"wp:attachment":[{"href":"https:\/\/ffgleo.de\/wp\/index.php?rest_route=%2Fwp%2Fv2%2Fmedia&parent=1986"}],"curies":[{"name":"wp","href":"https:\/\/api.w.org\/{rel}","templated":true}]}}