{"id":2124,"date":"2017-09-12T20:46:37","date_gmt":"2017-09-12T18:46:37","guid":{"rendered":"http:\/\/ffgleo.de\/wp\/?page_id=2124"},"modified":"2023-11-14T13:51:16","modified_gmt":"2023-11-14T12:51:16","slug":"besondere-projekte","status":"publish","type":"page","link":"https:\/\/ffgleo.de\/wp\/?page_id=2124","title":{"rendered":"Besondere Sch\u00fcler-Projekte"},"content":{"rendered":"<p>Die Felix-Fechenbach-Gesamtschule bietet zahlreiche Projekte an &#8211; teilweise im Rahmen einer Projektwoche f\u00fcr die ganze Schule oder aber beispielsweise als einj\u00e4hriger Projektkurs f\u00fcr die Oberstufe. Hier stellen sich einige Projekte n\u00e4her vor:<\/p>\n<ul>\n<li><a href=\"https:\/\/ffgleo.de\/wp\/?page_id=2129\">Anti-Mobbing-Projekt<\/a><\/li>\n<li><a href=\"https:\/\/ffgleo.de\/wp\/?page_id=2202\">Projektkurse in der Sekundarstufe II<\/a><\/li>\n<\/ul>\n","protected":false},"excerpt":{"rendered":"<p>Die Felix-Fechenbach-Gesamtschule bietet zahlreiche Projekte an &#8211; teilweise im Rahmen einer Projektwoche f\u00fcr die ganze Schule oder aber beispielsweise als einj\u00e4hriger Projektkurs f\u00fcr die Oberstufe. Hier stellen sich einige Projekte n\u00e4her vor: Anti-Mobbing-Projekt Projektkurse in der Sekundarstufe II<\/p>\n","protected":false},"author":3,"featured_media":0,"parent":1008,"menu_order":0,"comment_status":"closed","ping_status":"closed","template":"","meta":{"footnotes":""},"class_list":["post-2124","page","type-page","status-publish","hentry"],"_links":{"self":[{"href":"https:\/\/ffgleo.de\/wp\/index.php?rest_route=\/wp\/v2\/pages\/2124","targetHints":{"allow":["GET"]}}],"collection":[{"href":"https:\/\/ffgleo.de\/wp\/index.php?rest_route=\/wp\/v2\/pages"}],"about":[{"href":"https:\/\/ffgleo.de\/wp\/index.php?rest_route=\/wp\/v2\/types\/page"}],"author":[{"embeddable":true,"href":"https:\/\/ffgleo.de\/wp\/index.php?rest_route=\/wp\/v2\/users\/3"}],"replies":[{"embeddable":true,"href":"https:\/\/ffgleo.de\/wp\/index.php?rest_route=%2Fwp%2Fv2%2Fcomments&post=2124"}],"version-history":[{"count":14,"href":"https:\/\/ffgleo.de\/wp\/index.php?rest_route=\/wp\/v2\/pages\/2124\/revisions"}],"predecessor-version":[{"id":8910,"href":"https:\/\/ffgleo.de\/wp\/index.php?rest_route=\/wp\/v2\/pages\/2124\/revisions\/8910"}],"up":[{"embeddable":true,"href":"https:\/\/ffgleo.de\/wp\/index.php?rest_route=\/wp\/v2\/pages\/1008"}],"wp:attachment":[{"href":"https:\/\/ffgleo.de\/wp\/index.php?rest_route=%2Fwp%2Fv2%2Fmedia&parent=2124"}],"curies":[{"name":"wp","href":"https:\/\/api.w.org\/{rel}","templated":true}]}}