{"id":2129,"date":"2017-09-12T20:59:43","date_gmt":"2017-09-12T18:59:43","guid":{"rendered":"http:\/\/ffgleo.de\/wp\/?page_id=2129"},"modified":"2017-09-12T21:00:14","modified_gmt":"2017-09-12T19:00:14","slug":"anti-mobbing-projekt","status":"publish","type":"page","link":"https:\/\/ffgleo.de\/wp\/?page_id=2129","title":{"rendered":"Anti-Mobbing-Projekt"},"content":{"rendered":"<p>Dieses Projekt wird (mit etwas unterschiedlicher Durchf\u00fchrung) regelm\u00e4\u00dfig angeboten. Es gibt Informationsveranstaltungen, bei denen z.B. die Polizei die Eltern \u00fcber Gefahren des CyberMobbings aufkl\u00e4rt. Letzteres bildet inzwischen einen besonderen Schwerpunkt unserer Pr\u00e4vention von Mobbing, die bereits in Jahrgang 5 umgesetzt wird.<\/p>\n<ul>\n<li><a href=\"https:\/\/ffgleo.de\/wp\/wp-content\/uploads\/2017\/09\/VortragCybermobbingSchulenEltern2_Praesentation.pps\">Vortrag &#8222;CyberMobbing&#8220; der Polizei<\/a> (PPS-Datei)<\/li>\n<li><a href=\"https:\/\/ffgleo.de\/wp\/wp-content\/uploads\/2017\/09\/Mobbing-Frau-Schmidt-Watermann.pdf\">Vortrag &#8222;Mobbing&#8220; von Frau Schmidt-Watermann<\/a> (PDF)<\/li>\n<\/ul>\n<p>&nbsp;<\/p>\n","protected":false},"excerpt":{"rendered":"<p>Dieses Projekt wird (mit etwas unterschiedlicher Durchf\u00fchrung) regelm\u00e4\u00dfig angeboten. Es gibt Informationsveranstaltungen, bei denen z.B. die Polizei die Eltern \u00fcber Gefahren des CyberMobbings aufkl\u00e4rt. Letzteres bildet inzwischen einen besonderen Schwerpunkt unserer Pr\u00e4vention von Mobbing, die bereits in Jahrgang 5 umgesetzt wird. Vortrag &#8222;CyberMobbing&#8220; der Polizei (PPS-Datei) Vortrag &#8222;Mobbing&#8220; von Frau &hellip;<\/p>\n","protected":false},"author":3,"featured_media":0,"parent":2124,"menu_order":0,"comment_status":"closed","ping_status":"closed","template":"","meta":{"footnotes":""},"class_list":["post-2129","page","type-page","status-publish","hentry"],"_links":{"self":[{"href":"https:\/\/ffgleo.de\/wp\/index.php?rest_route=\/wp\/v2\/pages\/2129","targetHints":{"allow":["GET"]}}],"collection":[{"href":"https:\/\/ffgleo.de\/wp\/index.php?rest_route=\/wp\/v2\/pages"}],"about":[{"href":"https:\/\/ffgleo.de\/wp\/index.php?rest_route=\/wp\/v2\/types\/page"}],"author":[{"embeddable":true,"href":"https:\/\/ffgleo.de\/wp\/index.php?rest_route=\/wp\/v2\/users\/3"}],"replies":[{"embeddable":true,"href":"https:\/\/ffgleo.de\/wp\/index.php?rest_route=%2Fwp%2Fv2%2Fcomments&post=2129"}],"version-history":[{"count":1,"href":"https:\/\/ffgleo.de\/wp\/index.php?rest_route=\/wp\/v2\/pages\/2129\/revisions"}],"predecessor-version":[{"id":2132,"href":"https:\/\/ffgleo.de\/wp\/index.php?rest_route=\/wp\/v2\/pages\/2129\/revisions\/2132"}],"up":[{"embeddable":true,"href":"https:\/\/ffgleo.de\/wp\/index.php?rest_route=\/wp\/v2\/pages\/2124"}],"wp:attachment":[{"href":"https:\/\/ffgleo.de\/wp\/index.php?rest_route=%2Fwp%2Fv2%2Fmedia&parent=2129"}],"curies":[{"name":"wp","href":"https:\/\/api.w.org\/{rel}","templated":true}]}}