{"id":2202,"date":"2017-09-12T21:39:19","date_gmt":"2017-09-12T19:39:19","guid":{"rendered":"http:\/\/ffgleo.de\/wp\/?page_id=2202"},"modified":"2019-02-15T11:39:30","modified_gmt":"2019-02-15T10:39:30","slug":"projektkurse-in-der-sekundarstufe-ii","status":"publish","type":"page","link":"https:\/\/ffgleo.de\/wp\/?page_id=2202","title":{"rendered":"Projektkurse in der Sekundarstufe II"},"content":{"rendered":"<p>In den F\u00e4chern Geschichte und Sozialwissenschaften finden in den zwei Halbjahren 12.2 und 13.1 f\u00e4cher\u00fcbergreifende Projekte statt. Die Inhalte der Projekte, die in Jg. 13 abgeschlossen werden, k\u00f6nnen hier nachgelesen werden:<\/p>\n<ul>\n<li><a href=\"https:\/\/ffgleo.de\/wp\/?page_id=3304\">Sozialwissenschaften 2017<\/a><\/li>\n<li><a href=\"https:\/\/ffgleo.de\/wp\/?page_id=1425\">Ausstellung zu Fl\u00fcchtlingen<\/a> (Auszeichnung des Projektkurses Sozialwissenschaften 2017)<\/li>\n<li><a href=\"https:\/\/ffgleo.de\/wp\/?page_id=3260\">&#8222;40 Jahre FFG&#8220;<\/a><\/li>\n<li><a href=\"https:\/\/ffgleo.de\/wp\/?page_id=2239\">Geschichte 2015<\/a><\/li>\n<li><a href=\"https:\/\/ffgleo.de\/wp\/?page_id=2231\">Sozialwissenschaften 2015<\/a><\/li>\n<li><a href=\"http:\/\/www.ffgleo.de\/wb\/media\/SEKII_PK-GE_2014\/1914\/index.html\">Geschichte 2014<\/a> (externe Seite des Projektkurses zum 1. Weltkrieg)<\/li>\n<li><a href=\"https:\/\/ffgleo.de\/wp\/?page_id=2210\">Geschichte 2013<\/a><\/li>\n<li><a href=\"https:\/\/ffgleo.de\/wp\/wp-content\/uploads\/2017\/09\/SoWi_Projektkurs_-_Webpraesentation.pdf\">Sozialwissenschaften 2013<\/a> (PDF-Datei)<\/li>\n<\/ul>\n","protected":false},"excerpt":{"rendered":"<p>In den F\u00e4chern Geschichte und Sozialwissenschaften finden in den zwei Halbjahren 12.2 und 13.1 f\u00e4cher\u00fcbergreifende Projekte statt. Die Inhalte der Projekte, die in Jg. 13 abgeschlossen werden, k\u00f6nnen hier nachgelesen werden: Sozialwissenschaften 2017 Ausstellung zu Fl\u00fcchtlingen (Auszeichnung des Projektkurses Sozialwissenschaften 2017) &#8222;40 Jahre FFG&#8220; Geschichte 2015 Sozialwissenschaften 2015 Geschichte 2014 &hellip;<\/p>\n","protected":false},"author":3,"featured_media":0,"parent":2124,"menu_order":0,"comment_status":"closed","ping_status":"closed","template":"","meta":{"footnotes":""},"class_list":["post-2202","page","type-page","status-publish","hentry"],"_links":{"self":[{"href":"https:\/\/ffgleo.de\/wp\/index.php?rest_route=\/wp\/v2\/pages\/2202","targetHints":{"allow":["GET"]}}],"collection":[{"href":"https:\/\/ffgleo.de\/wp\/index.php?rest_route=\/wp\/v2\/pages"}],"about":[{"href":"https:\/\/ffgleo.de\/wp\/index.php?rest_route=\/wp\/v2\/types\/page"}],"author":[{"embeddable":true,"href":"https:\/\/ffgleo.de\/wp\/index.php?rest_route=\/wp\/v2\/users\/3"}],"replies":[{"embeddable":true,"href":"https:\/\/ffgleo.de\/wp\/index.php?rest_route=%2Fwp%2Fv2%2Fcomments&post=2202"}],"version-history":[{"count":13,"href":"https:\/\/ffgleo.de\/wp\/index.php?rest_route=\/wp\/v2\/pages\/2202\/revisions"}],"predecessor-version":[{"id":4824,"href":"https:\/\/ffgleo.de\/wp\/index.php?rest_route=\/wp\/v2\/pages\/2202\/revisions\/4824"}],"up":[{"embeddable":true,"href":"https:\/\/ffgleo.de\/wp\/index.php?rest_route=\/wp\/v2\/pages\/2124"}],"wp:attachment":[{"href":"https:\/\/ffgleo.de\/wp\/index.php?rest_route=%2Fwp%2Fv2%2Fmedia&parent=2202"}],"curies":[{"name":"wp","href":"https:\/\/api.w.org\/{rel}","templated":true}]}}