{"id":3439,"date":"2018-06-01T17:47:42","date_gmt":"2018-06-01T15:47:42","guid":{"rendered":"https:\/\/ffgleo.de\/wp\/?page_id=3439"},"modified":"2024-11-12T20:38:06","modified_gmt":"2024-11-12T19:38:06","slug":"datenschutzerklaerung","status":"publish","type":"page","link":"https:\/\/ffgleo.de\/wp\/?page_id=3439","title":{"rendered":"Datenschutzerkl\u00e4rung"},"content":{"rendered":"<h4>Verantwortlicher und Datenschutzbeauftragter<\/h4>\n<p><strong>Verantwortlicher<\/strong><\/p>\n<p>Verantwortlicher gem. Art. 4 Abs. 7 EU-Datenschutz-Grundverordnung (EU-DSGVO) ist<br \/>\nThomas Friebertsh\u00e4user<br \/>\nSchulstra\u00dfe 25<br \/>\n33818 Leopoldsh\u00f6he<br \/>\n186375@schule.nrw.de.<\/p>\n<p><strong>Datenschutzbeauftragter<\/strong><\/p>\n<p>Sie erreichen unsere Datenschutzbeauftragten unter<br \/>\nDatenschutzbeauftragte(r) f\u00fcr Schulen<br \/>\nFelix-Fechenbach-Stra\u00dfe 5<br \/>\n32756 Detmold<br \/>\ndatenschutz.schulen@kreis-lippe.de<br \/>\nTelefon: 05231 623550 oder 05231 62 3553<\/p>\n<h4>Information \u00fcber die Erhebung personenbezogener Daten, Speicherdauer<\/h4>\n<p>Im Folgenden informieren wir \u00fcber die Erhebung personenbezogener Daten bei der Nutzung unserer Website. Personenbezogene Daten sind alle Daten, die auf Sie pers\u00f6nlich beziehbar sind, z. B. Name, Adresse, E-Mail-Adressen, Nutzerverhalten.<br \/>\nBei Ihrer Kontaktaufnahme mit uns per E-Mail oder \u00fcber ein Kontaktformular werden die von Ihnen mitgeteilten Daten (Ihre E-Mail-Adresse, ggf. Ihr Name und Ihre Telefonnummer) von uns gespeichert, um Ihre Fragen zu beantworten. Die in diesem Zusammenhang anfallenden Daten l\u00f6schen wir, nachdem die Speicherung nicht mehr erforderlich ist, oder schr\u00e4nken die Verarbeitung ein, falls gesetzliche Aufbewahrungspflichten bestehen.<\/p>\n<h4>Ihre Rechte<\/h4>\n<p>Hinsichtlich der Sie betreffenden personenbezogenen Daten, die auf dieser Webseite verarbeitet werden, haben Sie uns gegen\u00fcber folgende Rechte:<\/p>\n<ul>\n<li>Recht auf Auskunft,<\/li>\n<li>Recht auf Berichtigung oder L\u00f6schung,<\/li>\n<li>Recht auf Einschr\u00e4nkung der Verarbeitung,<\/li>\n<li>Recht auf Widerspruch gegen die Verarbeitung,<\/li>\n<li>Recht auf Daten\u00fcbertragbarkeit.<\/li>\n<\/ul>\n<p>Sie haben zudem das Recht, sich bei einer Datenschutz-Aufsichtsbeh\u00f6rde \u00fcber die Verarbeitung Ihrer personenbezogenen Daten durch uns zu beschweren.<\/p>\n<p style=\"padding-left: 30px;\">Landesbeauftragte f\u00fcr Datenschutz und Informationsfreiheit<br \/>\nNordrhein-Westfalen<br \/>\nPostfach 20 04 44<br \/>\n40102 D\u00fcsseldorf<br \/>\nTel.: 0211\/38424-0<br \/>\nFax: 0211\/38424-10<br \/>\nE-Mail: poststelle@ldi.nrw.de<\/p>\n<h4>Erhebung und Zweck personenbezogener Daten bei Besuch unserer Website<\/h4>\n<p><strong>Server Log Dateien<\/strong><\/p>\n<p>Bei der blo\u00df informatorischen Nutzung der Website, also wenn Sie sich nicht registrieren oder uns anderweitig Informationen \u00fcbermitteln, erheben wir nur die personenbezogenen Daten, die Ihr Browser an unseren Server \u00fcbermittelt. Wenn Sie unsere Website betrachten m\u00f6chten, erheben wir die folgenden Daten, die f\u00fcr uns technisch erforderlich sind, um Ihnen unsere Website anzuzeigen und die Stabilit\u00e4t und Sicherheit zu gew\u00e4hrleisten (Rechtsgrundlage ist Art. 6 Abs. 1 S. 1 lit. f EU-DSGVO):<\/p>\n<ul>\n<li>IP-Adresse (die letzten beiden Stellen der IP-Adresse werden gek\u00fcrzt)<\/li>\n<li>Datum und Uhrzeit der Anfrage<\/li>\n<li>Zeitzonendifferenz zur Greenwich Mean Time (GMT)<\/li>\n<li>Inhalt der Anforderung (konkrete Seite)<\/li>\n<li>Website, von der die Anforderung kommt<\/li>\n<li>Browser<\/li>\n<li>Betriebssystem und dessen Oberfl\u00e4che<\/li>\n<\/ul>\n<p><strong>Cookies<\/strong><\/p>\n<p>Zus\u00e4tzlich zu den zuvor genannten Daten werden bei Ihrer Nutzung unserer Website Cookies auf Ihrem Rechner gespeichert. Bei Cookies handelt es sich um kleine Textdateien, die auf Ihrer Festplatte dem von Ihnen verwendeten Browser zugeordnet gespeichert werden und durch welche der Stelle, die den Cookie setzt (hier durch uns), bestimmte Informationen zuflie\u00dfen. Cookies k\u00f6nnen keine Programme ausf\u00fchren oder Viren auf Ihren Computer \u00fcbertragen. Sie dienen dazu, das Internetangebot insgesamt nutzerfreundlicher und effektiver zu machen.<\/p>\n<p>Es werden dabei folgende Arten von Cookies verwendet:<\/p>\n<ol>\n<li>Diese Website nutzt folgende Arten von Cookies, deren Umfang und Funktionsweise im Folgenden erl\u00e4utert werden:\n<ol>\n<li>Transiente Cookies (dazu 2)<\/li>\n<li>Persistente Cookies (dazu 3).<\/li>\n<\/ol>\n<\/li>\n<li>Transiente Cookies werden automatisiert gel\u00f6scht, wenn Sie den Browser schlie\u00dfen. Dazu z\u00e4hlen insbesondere die Session-Cookies. Diese speichern eine sogenannte Session-ID, mit welcher sich verschiedene Anfragen Ihres Browsers der gemeinsamen Sitzung zuordnen lassen. Dadurch kann Ihr Rechner wiedererkannt werden, wenn Sie auf unsere Website zur\u00fcckkehren. Die Session-Cookies werden gel\u00f6scht, wenn Sie sich ausloggen oder den Browser schlie\u00dfen.<\/li>\n<li>Persistente Cookies werden automatisiert nach einer vorgegebenen Dauer gel\u00f6scht, die sich je nach Cookie unterscheiden kann. Sie k\u00f6nnen die Cookies in den Sicherheitseinstellungen Ihres Browsers jederzeit l\u00f6schen.<br \/>\nSie k\u00f6nnen Ihre Browser-Einstellung entsprechend Ihren W\u00fcnschen konfigurieren und z. B. die Annahme von Third-Party-Cookies oder allen Cookies ablehnen. Wir weisen Sie darauf hin, dass Sie eventuell nicht alle Funktionen dieser Website nutzen k\u00f6nnen.<\/li>\n<li>Wir setzen Cookies ein, um Sie f\u00fcr Folgebesuche identifizieren zu k\u00f6nnen, falls Sie \u00fcber einen Account bei uns verf\u00fcgen. Andernfalls m\u00fcssten Sie sich f\u00fcr jeden Besuch erneut einloggen.<\/li>\n<\/ol>\n<h4>E-Mail<\/h4>\n<p>Wenn Sie unsere Schule \u00fcber eine der auf der Homepage angegebenen E-Mail Adressen kontaktieren, werden die Daten der E-Mail von uns gespeichert, bis die Bearbeitung Ihrer Anfrage abgeschlossen ist. Bitte beachten Sie, dass per E-Mail \u00fcber das Internet verschickte Daten ohne Verschl\u00fcsselung nicht vor der unbefugten Kenntnisnahme durch Dritte gesch\u00fctzt sind. F\u00fcr die \u00dcbermittlung vertraulicher Informationen bitten wir Sie in Ihrem Interesse, eine andere Kommunikationsform zu w\u00e4hlen.<\/p>\n<h4>Widerspruch Werbe-Mails<\/h4>\n<p>Wir widersprechen hiermit ausdr\u00fccklich der Nutzung von im Rahmen der Impressumspflicht ver\u00f6ffentlichten Kontaktdaten zur \u00dcbersendung von nicht ausdr\u00fccklich angeforderter Werbung und Informationsmaterialien. Im Falle einer unverlangten Zusendung von Werbeinformationen, etwa durch Spam-E-Mails, behalten sich die Betreiber dieser Seiten ausdr\u00fccklich rechtliche Schritte vor.<\/p>\n","protected":false},"excerpt":{"rendered":"<p>Verantwortlicher und Datenschutzbeauftragter Verantwortlicher Verantwortlicher gem. Art. 4 Abs. 7 EU-Datenschutz-Grundverordnung (EU-DSGVO) ist Thomas Friebertsh\u00e4user Schulstra\u00dfe 25 33818 Leopoldsh\u00f6he 186375@schule.nrw.de. Datenschutzbeauftragter Sie erreichen unsere Datenschutzbeauftragten unter Datenschutzbeauftragte(r) f\u00fcr Schulen Felix-Fechenbach-Stra\u00dfe 5 32756 Detmold datenschutz.schulen@kreis-lippe.de Telefon: 05231 623550 oder 05231 62 3553 Information \u00fcber die Erhebung personenbezogener Daten, Speicherdauer Im Folgenden &hellip;<\/p>\n","protected":false},"author":1,"featured_media":0,"parent":4701,"menu_order":0,"comment_status":"closed","ping_status":"closed","template":"","meta":{"footnotes":""},"class_list":["post-3439","page","type-page","status-publish","hentry"],"_links":{"self":[{"href":"https:\/\/ffgleo.de\/wp\/index.php?rest_route=\/wp\/v2\/pages\/3439","targetHints":{"allow":["GET"]}}],"collection":[{"href":"https:\/\/ffgleo.de\/wp\/index.php?rest_route=\/wp\/v2\/pages"}],"about":[{"href":"https:\/\/ffgleo.de\/wp\/index.php?rest_route=\/wp\/v2\/types\/page"}],"author":[{"embeddable":true,"href":"https:\/\/ffgleo.de\/wp\/index.php?rest_route=\/wp\/v2\/users\/1"}],"replies":[{"embeddable":true,"href":"https:\/\/ffgleo.de\/wp\/index.php?rest_route=%2Fwp%2Fv2%2Fcomments&post=3439"}],"version-history":[{"count":6,"href":"https:\/\/ffgleo.de\/wp\/index.php?rest_route=\/wp\/v2\/pages\/3439\/revisions"}],"predecessor-version":[{"id":9887,"href":"https:\/\/ffgleo.de\/wp\/index.php?rest_route=\/wp\/v2\/pages\/3439\/revisions\/9887"}],"up":[{"embeddable":true,"href":"https:\/\/ffgleo.de\/wp\/index.php?rest_route=\/wp\/v2\/pages\/4701"}],"wp:attachment":[{"href":"https:\/\/ffgleo.de\/wp\/index.php?rest_route=%2Fwp%2Fv2%2Fmedia&parent=3439"}],"curies":[{"name":"wp","href":"https:\/\/api.w.org\/{rel}","templated":true}]}}