{"id":4015,"date":"2018-09-26T10:41:10","date_gmt":"2018-09-26T08:41:10","guid":{"rendered":"https:\/\/ffgleo.de\/wp\/?page_id=4015"},"modified":"2025-09-04T09:46:41","modified_gmt":"2025-09-04T07:46:41","slug":"anmeldung-oberstufe","status":"publish","type":"page","link":"https:\/\/ffgleo.de\/wp\/?page_id=4015","title":{"rendered":"Anmeldung (Oberstufe)"},"content":{"rendered":"\n<p class=\"has-text-align-center\">f\u00fcr den 11. Jahrgang des Schuljahres 2026\/27<\/p>\n\n\n\n<p>In der Zeit vom 24.2. bis 26.02.26 k\u00f6nnen im Sekretariat der Felix-Fechenbach-Gesamtschule die Anmeldungen zum 11. Jahrgang vorgenommen werden. Das Sekretariat ist dazu wie folgt ge\u00f6ffnet:<\/p>\n\n\n\n<p class=\"has-text-align-center\"><strong>Dienstag, 24.02.26 bis Donnerstag 26.02.26&nbsp;&nbsp; &nbsp;&nbsp;&nbsp;&nbsp;&nbsp;&nbsp;&nbsp;&nbsp;&nbsp;&nbsp;&nbsp; <\/strong><\/p>\n\n\n\n<p class=\"has-text-align-center\"><strong>7:00 Uhr bis 11:30 Uhr<\/strong><\/p>\n\n\n\n<p>Termine m\u00fcssen online ab<em><strong>  Dezember 2025<\/strong><\/em> unter <a href=\"http:\/\/www.terminland.de\/leopoldshoehe\">www.terminland.de\/leopoldshoehe<\/a> gebucht werden.<\/p>\n\n\n\n<p>Bei der Anmeldung ist von einem Erziehungsberechtigten eine<strong> Kopie des letzten Halbjahreszeugnisses<\/strong> des Kindes vorzulegen (von Februar 2026), weiterhin bitten wir eine<strong> Kopie der Geburtsurkunde<\/strong> sowie einen Nachweis \u00fcber die <strong>Masernschutzimpfung <\/strong>mitzubringen (eine pers\u00f6nliche Anmeldung durch einen Erziehungsberechtigten ist erforderlich).<\/p>\n\n\n\n<p>F\u00fcr die endg\u00fcltige Aufnahme ist ma\u00dfgebend, dass zum Schuljahresende auch<strong> <\/strong>die <strong>Berechtigung zum Besuch der gymnasialen Oberstufe<\/strong> erreicht wird (Q-Vermerk). Diese Berechtigung kann auch an Hauptschule, Realschule oder Gymnasium erworben sein.<\/p>\n\n\n\n<p>Die Sch\u00fclerinnen und Sch\u00fcler, die bisher noch keine zweite Fremdsprache belegt haben, m\u00fcssen in der Oberstufe als weitere Fremdsprache Franz\u00f6sisch oder Spanisch belegen.<\/p>\n\n\n\n<p><strong>Weitere Ausk\u00fcnfte <\/strong>erhalten Sie telefonisch im Sekretariat bei Frau Fritsch unter der Telefon-Nr. 05208\/991360.<\/p>\n\n\n\n<p><strong>Friebertsh\u00e4user<\/strong><br><strong>Schulleiter<\/strong><\/p>\n\n\n\n<p><br><\/p>\n","protected":false},"excerpt":{"rendered":"<p>f\u00fcr den 11. Jahrgang des Schuljahres 2026\/27 In der Zeit vom 24.2. bis 26.02.26 k\u00f6nnen im Sekretariat der Felix-Fechenbach-Gesamtschule die Anmeldungen zum 11. Jahrgang vorgenommen werden. Das Sekretariat ist dazu wie folgt ge\u00f6ffnet: Dienstag, 24.02.26 bis Donnerstag 26.02.26&nbsp;&nbsp; &nbsp;&nbsp;&nbsp;&nbsp;&nbsp;&nbsp;&nbsp;&nbsp;&nbsp;&nbsp;&nbsp; 7:00 Uhr bis 11:30 Uhr Termine m\u00fcssen online ab Dezember 2025 &hellip;<\/p>\n","protected":false},"author":3,"featured_media":0,"parent":1456,"menu_order":0,"comment_status":"closed","ping_status":"closed","template":"","meta":{"footnotes":""},"class_list":["post-4015","page","type-page","status-publish","hentry"],"_links":{"self":[{"href":"https:\/\/ffgleo.de\/wp\/index.php?rest_route=\/wp\/v2\/pages\/4015","targetHints":{"allow":["GET"]}}],"collection":[{"href":"https:\/\/ffgleo.de\/wp\/index.php?rest_route=\/wp\/v2\/pages"}],"about":[{"href":"https:\/\/ffgleo.de\/wp\/index.php?rest_route=\/wp\/v2\/types\/page"}],"author":[{"embeddable":true,"href":"https:\/\/ffgleo.de\/wp\/index.php?rest_route=\/wp\/v2\/users\/3"}],"replies":[{"embeddable":true,"href":"https:\/\/ffgleo.de\/wp\/index.php?rest_route=%2Fwp%2Fv2%2Fcomments&post=4015"}],"version-history":[{"count":38,"href":"https:\/\/ffgleo.de\/wp\/index.php?rest_route=\/wp\/v2\/pages\/4015\/revisions"}],"predecessor-version":[{"id":11495,"href":"https:\/\/ffgleo.de\/wp\/index.php?rest_route=\/wp\/v2\/pages\/4015\/revisions\/11495"}],"up":[{"embeddable":true,"href":"https:\/\/ffgleo.de\/wp\/index.php?rest_route=\/wp\/v2\/pages\/1456"}],"wp:attachment":[{"href":"https:\/\/ffgleo.de\/wp\/index.php?rest_route=%2Fwp%2Fv2%2Fmedia&parent=4015"}],"curies":[{"name":"wp","href":"https:\/\/api.w.org\/{rel}","templated":true}]}}