{"id":4219,"date":"2018-11-04T12:57:26","date_gmt":"2018-11-04T11:57:26","guid":{"rendered":"https:\/\/ffgleo.de\/wp\/?page_id=4219"},"modified":"2020-02-03T23:11:43","modified_gmt":"2020-02-03T22:11:43","slug":"4-1-medienproduktion-und-praesentation","status":"publish","type":"page","link":"https:\/\/ffgleo.de\/wp\/?page_id=4219","title":{"rendered":"4.1 Medienproduktion und Pr\u00e4sentation"},"content":{"rendered":"<div class=\"su-table su-table-responsive su-table-alternate\">\n<table>\n<tbody>\n<tr>\n<td><strong>Fach<\/strong><\/td>\n<td><strong>Jahrgang<\/strong><\/td>\n<td><strong>Beschreibung der Kompetenz<\/strong><\/td>\n<\/tr>\n<tr>\n<td>Musik<\/td>\n<td>5-10<\/td>\n<td>Musik und Bewegung\/Musik und B\u00fchne: szenische GEstaltungen zu Musik entwerfen und filmen, sowie unter Zuhilfenahme von Software bearbeiten<\/td>\n<\/tr>\n<tr>\n<td>Gesellschaftslehre<\/td>\n<td>5<\/td>\n<td>Leben in Stadt und Land &#8211; wir in NRW: stellen ihr eigenes Wohnviertel vor. (Projekt, Referat\/Pr\u00e4sentation)<\/td>\n<\/tr>\n<tr>\n<td>Deutsch<\/td>\n<td>5<\/td>\n<td>Gedichte vortragen und gestalten: Gedichte mit Hilfe vorgegebener Textteile medial pr\u00e4sentieren (ggf. Gedichtbuch)<\/td>\n<\/tr>\n<tr>\n<td>Kunst<\/td>\n<td>5<\/td>\n<td>Lernplakat entwerfen<\/td>\n<\/tr>\n<tr>\n<td>Mathematik<\/td>\n<td>5<\/td>\n<td>Daten: SuS stellen H\u00e4ufigkeitstabellen zusammen und veranschaulichen diese mit Hilfe von S\u00e4ulen- und Balkendiagrammen sowie Histogrammen, nutzen Pr\u00e4sentationsmedien; Br\u00fcche: SuS pr\u00e4sentieren Ideen und Ergebnisse mit Hilfe eines Lernplakats.<\/td>\n<\/tr>\n<tr>\n<td>Deutsch<\/td>\n<td>6<\/td>\n<td>Rund ums Buch: ggf. eine Sendung zu den verschiedenen B\u00fcchern erstellen; Wer? Was? Wo? &#8211; Berichten: Nachrichtensendung erstellen.<\/td>\n<\/tr>\n<tr>\n<td>Franz\u00f6sisch<\/td>\n<td>6-10<\/td>\n<td>Fotostorys, Kurzfilmen auf eigenem Handy, H\u00f6rspiele, Sch\u00fcler-Handouts, Powerpoint-Pr\u00e4sentationen erstellen<\/td>\n<\/tr>\n<tr>\n<td>Musik<\/td>\n<td>7-10<\/td>\n<td>Musik in Natur und TEchnik: Klang-Collagen mit digitalen WErkzeugen erstellen<\/td>\n<\/tr>\n<tr>\n<td>Musik<\/td>\n<td>7-10<\/td>\n<td>Bildschirmpr\u00e4sentationen zu Musikinstrumenten, Epochen, Musikstilen und Genres gestalten<\/td>\n<\/tr>\n<tr>\n<td>Englisch<\/td>\n<td>7<\/td>\n<td>Einen Film \u00fcber den Heimatort drehen, eine Fotostory erstellen<\/td>\n<\/tr>\n<tr>\n<td>Deutsch<\/td>\n<td>7<\/td>\n<td>Stell es dir genauso vor: Erkl\u00e4r- Videos zu Vorg\u00e4ngen (Vorgangsbeschreibungen) erstellen; Lesefest- Ein Jugendbuch lesen: verschiedene Erarbeitungen f\u00fcr einen Beitrag zum Lesefest sind m\u00f6glich (informierende Pr\u00e4sentation, z.B. PPT, H\u00f6rspiele, Filme, Talkshows).<\/td>\n<\/tr>\n<tr>\n<td>Wirtschaftslehre<\/td>\n<td>7<\/td>\n<td>Wirtschaften in privaten Haushalten: Werbespots, Werbeplakate erstellen<\/td>\n<\/tr>\n<tr>\n<td>Hauswirtschaft<\/td>\n<td>8<\/td>\n<td>Gewusst wie &#8211; der richtige Umgang mit Lebensmitteln im Haushalt: Tutorial oder Stop-Motion-Film erstellen<\/td>\n<\/tr>\n<tr>\n<td>Sport<\/td>\n<td>8<\/td>\n<td>Spiele entwickeln: Produkte ansprechend und eindeutig gestalten<\/td>\n<\/tr>\n<tr>\n<td>Kunst<\/td>\n<td>8<\/td>\n<td>Auftragskunst, Film erstellen, fotografische Inszenierung<\/td>\n<\/tr>\n<tr>\n<td>Religion<\/td>\n<td>9<\/td>\n<td>Religionen und Weltanschauungen: verst\u00e4ndliche Pr\u00e4sentation im (schul-) \u00f6ffentlichen Raum von religi\u00f6s relevanten Sachverhalten<\/td>\n<\/tr>\n<tr>\n<td>Musik<\/td>\n<td>9\/10<\/td>\n<td>Musik zwischen Konsum, Kommerz und Medien: Werbespots gestalten<\/td>\n<\/tr>\n<tr>\n<td>Chemie<\/td>\n<td>9\/10<\/td>\n<td>Atombau: Erstellen eines Medienprodukts zur historischen Entwicklung des Atombaus<\/td>\n<\/tr>\n<tr>\n<td>Informatik<\/td>\n<td>9\/10<\/td>\n<td>Vom Problem zum Modell &#8211; Computerprogramme mit System entwickeln, Teamwork &#8211; wir erstellen ein gemeinsames Produkt: Erstellen Dokumente (Grafiken, Textdokumente, Kalkulationstabellen) und nutzen die Strukturierungsm\u00f6glichkeiten f\u00fcr die jeweilige Dokumentenart angemessen.<\/td>\n<\/tr>\n<tr>\n<td>Englisch<\/td>\n<td>10<\/td>\n<td>Texte ausformen und umgestalten (u. a. kurze Filmskripte zu tonlos pr\u00e4sentierten Szenen entwerfen).<\/td>\n<\/tr>\n<tr>\n<td>Kunst<\/td>\n<td>10<\/td>\n<td>Entwerfen planvoll eine Performance<\/td>\n<\/tr>\n<tr>\n<td>Mathematik<\/td>\n<td>10<\/td>\n<td>Wachstum: SuS w\u00e4hlen geeignete Medien f\u00fcr die Dokumentation und Pr\u00e4sentation aus.<\/td>\n<\/tr>\n<\/tbody>\n<\/table>\n<\/div>\n<p><a href=\"https:\/\/ffgleo.de\/wp\/?page_id=4168\">Zur\u00fcck zum Medienkompetenzraster<\/a><\/p>\n","protected":false},"excerpt":{"rendered":"<p>Zur\u00fcck zum Medienkompetenzraster<\/p>\n","protected":false},"author":3,"featured_media":0,"parent":4168,"menu_order":0,"comment_status":"closed","ping_status":"closed","template":"","meta":{"footnotes":""},"class_list":["post-4219","page","type-page","status-publish","hentry"],"_links":{"self":[{"href":"https:\/\/ffgleo.de\/wp\/index.php?rest_route=\/wp\/v2\/pages\/4219","targetHints":{"allow":["GET"]}}],"collection":[{"href":"https:\/\/ffgleo.de\/wp\/index.php?rest_route=\/wp\/v2\/pages"}],"about":[{"href":"https:\/\/ffgleo.de\/wp\/index.php?rest_route=\/wp\/v2\/types\/page"}],"author":[{"embeddable":true,"href":"https:\/\/ffgleo.de\/wp\/index.php?rest_route=\/wp\/v2\/users\/3"}],"replies":[{"embeddable":true,"href":"https:\/\/ffgleo.de\/wp\/index.php?rest_route=%2Fwp%2Fv2%2Fcomments&post=4219"}],"version-history":[{"count":6,"href":"https:\/\/ffgleo.de\/wp\/index.php?rest_route=\/wp\/v2\/pages\/4219\/revisions"}],"predecessor-version":[{"id":5756,"href":"https:\/\/ffgleo.de\/wp\/index.php?rest_route=\/wp\/v2\/pages\/4219\/revisions\/5756"}],"up":[{"embeddable":true,"href":"https:\/\/ffgleo.de\/wp\/index.php?rest_route=\/wp\/v2\/pages\/4168"}],"wp:attachment":[{"href":"https:\/\/ffgleo.de\/wp\/index.php?rest_route=%2Fwp%2Fv2%2Fmedia&parent=4219"}],"curies":[{"name":"wp","href":"https:\/\/api.w.org\/{rel}","templated":true}]}}