{"id":4703,"date":"2019-01-17T10:31:50","date_gmt":"2019-01-17T09:31:50","guid":{"rendered":"https:\/\/ffgleo.de\/wp\/?page_id=4703"},"modified":"2019-01-17T13:26:52","modified_gmt":"2019-01-17T12:26:52","slug":"informationen-gemaess-artikel-13-absatz-1-und-2-sowie-artikel-14-absatz-1-und-2-dsgvo-aufgrund-der-erhebung-von-personenbezogenen-daten","status":"publish","type":"page","link":"https:\/\/ffgleo.de\/wp\/?page_id=4703","title":{"rendered":"Informationen f\u00fcr Lehrerinnen und Lehrer gem\u00e4\u00df Artikel 13 Absatz 1 und 2 sowie Artikel 14 Absatz 1 und 2 DSGVO aufgrund der Erhebung von  personenbezogenen Daten"},"content":{"rendered":"<p><strong>1. Angaben zum Verantwortlichen<br \/>\n<\/strong>Verantwortlich f\u00fcr die Datenerhebung ist: Manfred Kurtz<br \/>\nBezeichnung: Schulleiter<br \/>\nStra\u00dfe: Schulstra\u00dfe 25<br \/>\nPostleitzahl: 33818<br \/>\nOrt: Leopoldsh\u00f6he<br \/>\nTelefon: 05208 991 360<br \/>\nE-Mail-Adresse: 186375@schule.nrw.de<br \/>\nInternet-Adresse: www.ffgleo.de<\/p>\n<p><strong>2. Angaben zum Vertreter des Verantwortlichen<br \/>\n<\/strong>Den oben genannten Verantwortlichen vertritt: Kathrin Slotta<br \/>\nBezeichnung: Stellvertretende Schulleiterin<br \/>\nStra\u00dfe: Schulstra\u00dfe 25<br \/>\nPostleitzahl: 33818<br \/>\nOrt: Leopoldsh\u00f6he<br \/>\nTelefon: 05208 991 360<br \/>\nE-Mail-Adresse: 186375@schule.nrw.de<br \/>\nInternet-Adresse: www.ffgleo.de<\/p>\n<p><strong>3. Angaben zum Datenschutzbeauftragten<\/strong><br \/>\nDie Kontaktaden des Datenschutzbeauftragen lauten:<br \/>\nBezeichnung: Beh\u00f6rdlicher Datenschutzbeauftragter f\u00fcr Schulen<br \/>\nStra\u00dfe: Felix-Fechenbach-Stra\u00dfe 5<br \/>\nPostleitzahl: 32756<br \/>\nOrt: Detmold<br \/>\nTelefon: 05231 623550<br \/>\nE-Mail-Adresse: datenschutz.schulen@kreis-lippe.de<\/p>\n<p><strong>4. Angaben zu der Aufsichtsbeh\u00f6rde<br \/>\n<\/strong>Zust\u00e4ndige Aufsichtsbeh\u00f6rde f\u00fcr den Datenschutz ist die Landesbeauftragte f\u00fcr Datenschutz und Informationsfreiheit Nordrhein-Westfalen:<br \/>\nStra\u00dfe: Kavalleriestr. 2-4<br \/>\nPostleitzahl: 40213 D\u00fcsseldorf<br \/>\nTelefon: 0211\/38424-0<br \/>\nTelefax: 0211\/38424-10<br \/>\nEmail: poststelle@ldi.nrw.de<br \/>\nInternet: <a href=\"https:\/\/www.ldi.nrw.de\">www.ldi.nrw.de<\/a><\/p>\n<p><strong>5. Kategorien der Daten, Zweck\/e und Rechtsgrundlage\/n der Verarbeitung<br \/>\n<\/strong>Personenbezogene Daten werden aufgrund Ihrer T\u00e4tigkeit, Ausbildung oder Bewerbung um eine T\u00e4tigkeit in der Schule oder im Zentrum f\u00fcr schulpraktische Lehrerausbildung erhoben, soweit dies zur Aufgabenerf\u00fcllung insbesondere bei der Planung und Ermittlung des Unterrichtsbedarfs und der Durchf\u00fchrung des Unterrichts sowie in dienstrechtlichen, arbeitsrechtlichen oder sozialen Angelegenheiten erforderlich ist.<br \/>\nRechtsgrundlagen f\u00fcr die Verarbeitung Ihrer Daten sind:<br \/>\nArt. 6 Abs. 1 S. 1 Buchstabe e, Abs. 3, Art. 9 Abs. 2 Buchstabe g) EU-Datenschutzgrundverordnung (DSGVO) in Verbindung mit \u00a7\u00a7 121-122 Schulgesetz (SchulG) sowie insbesondere die Verordnung \u00fcber die zur Verarbeitung zugelassenen Daten von Lehrerinnen und Lehrern (VO DV II, einsehbar unter <a href=\"https:\/\/www.recht.nrw.de\">www.recht.nrw.de<\/a>).<br \/>\nDieser Verordnung k\u00f6nnen Sie insbesondere konkrete Daten entnehmen, die zur Verarbeitung zugelassen sind, sowie detailliert die jeweiligen Zweckbestimmungen.<\/p>\n<p><strong>6. Evtl. Empf\u00e4nger der personenbezogenen Daten<\/strong> (einschlie\u00dflich des Zwecks der \u201e\u00dcbermittlung\u201c, der unter 5. bereits dargestellt ist)<br \/>\nIhre personenbezogenen Daten k\u00f6nnen teilweise ggf. weitergegeben werden an<\/p>\n<ul>\n<li>Schulaufsichtsbeh\u00f6rden, den Landesbetrieb Information und Technik und das Landesamt f\u00fcr Besoldung und Versorgung (u.a.) f\u00fcr die im Einzelnen beschriebenen Zwecke: \u00a7 121 Abs. 2 bis 5 SchulG<\/li>\n<li>Schulaufsichtsbeh\u00f6rden und andere Beh\u00f6rden, soweit dies zur Erf\u00fcllung der dort im Einzelnen beschriebenen Zwecke erforderlich ist: \u00a7 8 VO DV II<\/li>\n<li>I-Serv Schulserver zum Zweck der schulinternen digitalen Kommunikation<\/li>\n<\/ul>\n<p><strong>7. Absicht \u00dcbermittlung an Drittland oder eine internationale Organisation<br \/>\n<\/strong> <em>&#8211; entf\u00e4llt \u2013<\/em><\/p>\n<p><strong>8. Dauer der Speicherung bzw. Kriterien f\u00fcr die Festlegung dieser Dauer<br \/>\n<\/strong>Ihre Daten werden nach Ma\u00dfgabe der Aufbewahrungsfristen des \u00a7 9 VO DV II aufbewahrt und gel\u00f6scht.<\/p>\n<p><strong>9. Rechte der Betroffenen<br \/>\n<\/strong>Bei Erhebung personenbezogener Daten stehen Ihnen folgende Rechte zu:<br \/>\nSie haben nach Ma\u00dfgabe der Artikel 15, 16, 17 und 18 EU-DSGVO gegen\u00fcber uns folgende Rechte hinsichtlich der Sie betreffenden personenbezogenen Daten:<\/p>\n<ul>\n<li>Recht auf Auskunft,<\/li>\n<li>Recht auf Berichtigung oder L\u00f6schung,<\/li>\n<li>Recht auf Einschr\u00e4nkung der Verarbeitung<\/li>\n<\/ul>\n<p><strong>10. Widerrufsrecht bei Einwilligung<br \/>\n<\/strong>Sollten f\u00fcr einzelne Verarbeitungsvorg\u00e4nge Ihrer Daten Einwilligungserkl\u00e4rungen erforderlich sein und deshalb gesondert eingeholt werden, k\u00f6nnen Sie Ihre Einwilligung jederzeit f\u00fcr die Zukunft widerrufen. Die Rechtm\u00e4\u00dfigkeit der aufgrund der Einwilligung bis zum Widerruf erfolgten Datenverarbeitung wird dadurch nicht ber\u00fchrt.<\/p>\n<p><strong>11. Beschwerderecht bei der Aufsichtsbeh\u00f6rde<br \/>\n<\/strong>Sie haben das Recht, bei der Landesbeauftragten f\u00fcr Datenschutz und Informationsfreiheit Beschwerde einzulegen, falls Sie der Auffassung sind, dass eine Verarbeitung Ihrer personenbezogener Daten gegen Datenschutzrecht verst\u00f6\u00dft. Die Kontaktdaten finden Sie unter Punkt 4. dieses Bogens.<\/p>\n<p><strong>12. Pflicht zur Bereitstellung der personenbezogenen Daten<\/strong><br \/>\nWenn Ihre personenbezogenen Daten unmittelbar bei Ihnen erhoben werden, sind Sie gem\u00e4\u00df \u00a7 121 Abs. 1 Satz 4 SchulG zur Bereitstellung verpflichtet, soweit diese Daten zur Erf\u00fcllung der oben unter Nr. 5 genannten Zwecke erforderlich sind.<br \/>\nIm \u00dcbrigen beruht die Erhebung auf \u00a7\u00a7 3 Abs. 1, 18 Datenschutzgesetz NRW.<\/p>\n<p><strong>13. Quelle der Daten<br \/>\n<\/strong>Wenn Daten nicht unmittelbar bei Ihnen erhoben wurden, k\u00f6nnen Sie stammen von z.B. einer Schulaufsichtsbeh\u00f6rde, einem ZfsL oder anderen Beh\u00f6rden, soweit dies zur Erf\u00fcllung der genannten Zwecke im Einzelfall erforderlich ist.<br \/>\nEinzelheiten sind \u00a7 8 VO DV II zu entnehmen.<\/p>\n","protected":false},"excerpt":{"rendered":"<p>1. Angaben zum Verantwortlichen Verantwortlich f\u00fcr die Datenerhebung ist: Manfred Kurtz Bezeichnung: Schulleiter Stra\u00dfe: Schulstra\u00dfe 25 Postleitzahl: 33818 Ort: Leopoldsh\u00f6he Telefon: 05208 991 360 E-Mail-Adresse: 186375@schule.nrw.de Internet-Adresse: www.ffgleo.de 2. Angaben zum Vertreter des Verantwortlichen Den oben genannten Verantwortlichen vertritt: Kathrin Slotta Bezeichnung: Stellvertretende Schulleiterin Stra\u00dfe: Schulstra\u00dfe 25 Postleitzahl: 33818 Ort: &hellip;<\/p>\n","protected":false},"author":7,"featured_media":0,"parent":4701,"menu_order":0,"comment_status":"closed","ping_status":"closed","template":"","meta":{"footnotes":""},"class_list":["post-4703","page","type-page","status-publish","hentry"],"_links":{"self":[{"href":"https:\/\/ffgleo.de\/wp\/index.php?rest_route=\/wp\/v2\/pages\/4703","targetHints":{"allow":["GET"]}}],"collection":[{"href":"https:\/\/ffgleo.de\/wp\/index.php?rest_route=\/wp\/v2\/pages"}],"about":[{"href":"https:\/\/ffgleo.de\/wp\/index.php?rest_route=\/wp\/v2\/types\/page"}],"author":[{"embeddable":true,"href":"https:\/\/ffgleo.de\/wp\/index.php?rest_route=\/wp\/v2\/users\/7"}],"replies":[{"embeddable":true,"href":"https:\/\/ffgleo.de\/wp\/index.php?rest_route=%2Fwp%2Fv2%2Fcomments&post=4703"}],"version-history":[{"count":5,"href":"https:\/\/ffgleo.de\/wp\/index.php?rest_route=\/wp\/v2\/pages\/4703\/revisions"}],"predecessor-version":[{"id":4719,"href":"https:\/\/ffgleo.de\/wp\/index.php?rest_route=\/wp\/v2\/pages\/4703\/revisions\/4719"}],"up":[{"embeddable":true,"href":"https:\/\/ffgleo.de\/wp\/index.php?rest_route=\/wp\/v2\/pages\/4701"}],"wp:attachment":[{"href":"https:\/\/ffgleo.de\/wp\/index.php?rest_route=%2Fwp%2Fv2%2Fmedia&parent=4703"}],"curies":[{"name":"wp","href":"https:\/\/api.w.org\/{rel}","templated":true}]}}