{"id":5598,"date":"2019-12-03T14:40:08","date_gmt":"2019-12-03T13:40:08","guid":{"rendered":"https:\/\/ffgleo.de\/wp\/?page_id=5598"},"modified":"2025-09-01T23:01:14","modified_gmt":"2025-09-01T21:01:14","slug":"sekundarstufe-ii","status":"publish","type":"page","link":"https:\/\/ffgleo.de\/wp\/?page_id=5598","title":{"rendered":"Sekundarstufe II"},"content":{"rendered":"\n<p><strong>Die Sekundarstufe II der Felix-Fechenbach-Gesamtschule<\/strong><\/p>\n\n\n\n<p>Herzlich Willkommen in der Sekundarstufe II!<\/p>\n\n\n\n<p>Unter dem Leitbild <strong>\u201eIndividuell beraten \u2013 Pers\u00f6nlichkeit st\u00e4rken \u2013 Zukunftsf\u00e4higkeit f\u00f6rdern\u201c<\/strong> lernen rund 270 Sch\u00fclerinnen und Sch\u00fcler in unserer vierz\u00fcgigen Oberstufe. In Leopoldsh\u00f6he legen die Sch\u00fclerinnen und Sch\u00fcler das Abitur nach 13 Schuljahren ab. Nach dem 12. Schuljahr, also dem ersten Jahr der Qualifikationsphase, k\u00f6nnen sie den schulischen Teil der Fachhochschulreife erlangen.<\/p>\n\n\n\n<ul class=\"wp-block-list\">\n<li>Erste Informationen entnehmen Sie bitte dem <a href=\"https:\/\/ffgleo.de\/wp\/wp-content\/uploads\/2024\/11\/Oberstufe-FFG-Info-Flyer-2024.pdf\" data-type=\"URL\" data-id=\"https:\/\/ffgleo.de\/wp\/wp-content\/uploads\/2022\/10\/Oberstufe-FFG-Info-Flyer-2022.pdf\" target=\"_blank\" rel=\"noreferrer noopener\">Sek.-II-Info-Flyer<\/a>.<\/li>\n\n\n\n<li>Das <a href=\"https:\/\/ffgleo.de\/wp\/?page_id=1262\">Schulprogramm<\/a> erl\u00e4utert die Konzeption der Sekundarstufe II in Leopoldsh\u00f6he mit ihren Schwerpunkten und Besonderheiten<\/li>\n\n\n\n<li>Das <a rel=\"noreferrer noopener\" aria-label=\"Konzept zur Studien- und Berufswahl finden Sie hier (\u00f6ffnet in neuem Tab)\" href=\"https:\/\/ffgleo.de\/wp\/wp-content\/uploads\/2020\/04\/Curriculum-zur-Studien-und-Berufswahl-Fassung-080119.pdf\" target=\"_blank\">Konzept zur Studien- und Berufswahl finden Sie hier<\/a> (Download als PDF)<\/li>\n\n\n\n<li><a href=\"https:\/\/ffgleo.de\/wp\/?page_id=4057\">Informationsangebote<\/a> f\u00fcr zuk\u00fcnftige Oberstufen-Sch\u00fcler<\/li>\n\n\n\n<li><a href=\"https:\/\/ffgleo.de\/wp\/?page_id=4059\">F\u00e4cherangebot<\/a> unserer Oberstufe<\/li>\n\n\n\n<li>Ergebnisse der <a href=\"https:\/\/ffgleo.de\/wp\/?page_id=2202\">Projektkurse<\/a> seit 2013<\/li>\n\n\n\n<li><strong><a href=\"https:\/\/ffgleo.de\/wp\/?page_id=4015\">Anmeldung f\u00fcr die Oberstufe der Felix-Fechenbach-Gesamtschule<\/a><\/strong><\/li>\n<\/ul>\n\n\n\n<p><\/p>\n\n\n\n<p id=\"Hospitation\"><strong>Hospitationen im 11. Jahrgang f\u00fcr zuk\u00fcnftige S-II-Sch\u00fcler<\/strong><\/p>\n\n\n\n<p>Vom <strong>21.01.2026 bis zum 28.01.2026<\/strong> haben interessierte Sch\u00fclerinnen und Sch\u00fcler des 10. Jahrgangs unserer Schule die M\u00f6glichkeit in den Unterricht des 11. Jahrgangs hineinzuschnuppern und zu hospitieren. Dieses Angebot gilt auch f\u00fcr Zehntkl\u00e4sslerinnen und Zehntkl\u00e4ssler von anderen Schulen. Diese m\u00fcssen sich allerdings zun\u00e4chst von ihrer alten Schule beurlauben lassen.<\/p>\n\n\n\n<p>So geht\u2019s:<\/p>\n\n\n\n<ol class=\"wp-block-list\">\n<li>Schaut Euch  <a href=\"https:\/\/ffgleo.de\/wp\/wp-content\/uploads\/2025\/09\/Hospitationen-Stundenplan-Anmeldungen-2026.pdf\" data-type=\"link\" data-id=\"https:\/\/ffgleo.de\/wp\/wp-content\/uploads\/2025\/09\/Hospitationen-Stundenplan-Anmeldungen-2026.pdf\" target=\"_blank\" rel=\"noreferrer noopener\">den Stundenplan des 11. Jahrgangs <\/a>an und entscheidet, in welchen Stunden oder an welchem Tag Ihr hospitieren wollt.<\/li>\n\n\n\n<li>Schreibt bis zum <strong><u>09.01.2026<\/u><\/strong> eine kurze Mail an Herrn Schumann unter <a href=\"mailto:oberstufe@ffgleo.net\">oberstufe@ffgleo.net<\/a> mit Euren Hospitationsw\u00fcnschen.<\/li>\n\n\n\n<li>Wartet auf die Best\u00e4tigungsmail.<\/li>\n\n\n\n<li>Schnuppert Oberstufen-Luft an der FFG und sammelt Eindr\u00fccke. Meldet Euch aber bitte kurz, wenn Ihr es Euch anders \u00fcberlegt habt oder wenn Ihr krank sein solltet.<\/li>\n<\/ol>\n\n\n\n<p><a href=\"https:\/\/ffgleo.de\/wp\/wp-content\/uploads\/2025\/09\/Hospitationen-Stundenplan-Anmeldungen-2026.pdf\" target=\"_blank\" rel=\"noreferrer noopener\">Link zum Stundenplan des 11. Jahrgangs<\/a><\/p>\n\n\n\n<p><\/p>\n","protected":false},"excerpt":{"rendered":"<p>Die Sekundarstufe II der Felix-Fechenbach-Gesamtschule Herzlich Willkommen in der Sekundarstufe II! Unter dem Leitbild \u201eIndividuell beraten \u2013 Pers\u00f6nlichkeit st\u00e4rken \u2013 Zukunftsf\u00e4higkeit f\u00f6rdern\u201c lernen rund 270 Sch\u00fclerinnen und Sch\u00fcler in unserer vierz\u00fcgigen Oberstufe. In Leopoldsh\u00f6he legen die Sch\u00fclerinnen und Sch\u00fcler das Abitur nach 13 Schuljahren ab. Nach dem 12. Schuljahr, also &hellip;<\/p>\n","protected":false},"author":3,"featured_media":0,"parent":0,"menu_order":0,"comment_status":"closed","ping_status":"closed","template":"","meta":{"footnotes":""},"class_list":["post-5598","page","type-page","status-publish","hentry"],"_links":{"self":[{"href":"https:\/\/ffgleo.de\/wp\/index.php?rest_route=\/wp\/v2\/pages\/5598","targetHints":{"allow":["GET"]}}],"collection":[{"href":"https:\/\/ffgleo.de\/wp\/index.php?rest_route=\/wp\/v2\/pages"}],"about":[{"href":"https:\/\/ffgleo.de\/wp\/index.php?rest_route=\/wp\/v2\/types\/page"}],"author":[{"embeddable":true,"href":"https:\/\/ffgleo.de\/wp\/index.php?rest_route=\/wp\/v2\/users\/3"}],"replies":[{"embeddable":true,"href":"https:\/\/ffgleo.de\/wp\/index.php?rest_route=%2Fwp%2Fv2%2Fcomments&post=5598"}],"version-history":[{"count":17,"href":"https:\/\/ffgleo.de\/wp\/index.php?rest_route=\/wp\/v2\/pages\/5598\/revisions"}],"predecessor-version":[{"id":11471,"href":"https:\/\/ffgleo.de\/wp\/index.php?rest_route=\/wp\/v2\/pages\/5598\/revisions\/11471"}],"wp:attachment":[{"href":"https:\/\/ffgleo.de\/wp\/index.php?rest_route=%2Fwp%2Fv2%2Fmedia&parent=5598"}],"curies":[{"name":"wp","href":"https:\/\/api.w.org\/{rel}","templated":true}]}}