{"id":5601,"date":"2019-12-03T14:50:18","date_gmt":"2019-12-03T13:50:18","guid":{"rendered":"https:\/\/ffgleo.de\/wp\/?page_id=5601"},"modified":"2023-11-14T13:19:35","modified_gmt":"2023-11-14T12:19:35","slug":"sekundarstufe-i","status":"publish","type":"page","link":"https:\/\/ffgleo.de\/wp\/?page_id=5601","title":{"rendered":"Sekundarstufe I"},"content":{"rendered":"\n<p><strong>Die\nSekundarstufe I der FFG<\/strong><\/p>\n\n\n\n<p>Herzlich Willkommen in der Sekundarstufe I der\nFelix-Fechenbach Gesamtschule in Leopoldsh\u00f6he.<\/p>\n\n\n\n<p>Unter den Leitbildern: \u201e<strong>Soziales und selbstst\u00e4ndiges Lernen \u2013 Pers\u00f6nlichkeitsentwicklung \u2013 Erweiterung\nder Medienkompetenz\u2013 Berufs- und Lebensplanung\u201c<\/strong> lernen rund 850 Sch\u00fcler und\nSch\u00fclerinnen in unserer f\u00fcnfz\u00fcgigen Sekundarstufe. In Kooperation mit den\nErziehungsberechtigten und den Sch\u00fclern und Sch\u00fclerinnen planen wir eine\nbestm\u00f6gliche individuelle Schullaufbahn und suchen eine optimale Anschluss- und\nZukunftsplanung zum Ende der Laufbahn in der Sekundarstufe I.<\/p>\n\n\n\n<ul class=\"wp-block-list\">\n<li>Erste Informationen entnehmen Sie bitte dem Sek I &#8211; Info-Flyer.<\/li>\n\n\n\n<li>Das <a href=\"https:\/\/ffgleo.de\/wp\/?page_id=1200\">Schulprogramm<\/a> erl\u00e4utert die Konzeption der Sekundarstufe I in Leopoldsh\u00f6he mit ihren Schwerpunkten und Besonderheiten.<\/li>\n\n\n\n<li><a href=\"https:\/\/ffgleo.de\/wp\/?page_id=1483\">Anmeldung f\u00fcr die 5. Klasse<\/a> der Felix-Fechenbach-Gesamtschule<\/li>\n\n\n\n<li><a href=\"https:\/\/ffgleo.de\/wp\/?page_id=1469\">F\u00e4cherangebot<\/a> in der Sekundarstufe I<\/li>\n\n\n\n<li><a href=\"https:\/\/ffgleo.de\/wp\/?page_id=1208\">Konzept zur Berufswahlorientierung<\/a> (KAoA)<\/li>\n\n\n\n<li><a href=\"https:\/\/ffgleo.de\/wp\/?page_id=3949\">Konzept zum Gemeinsamen Lernen<\/a> in der Sekundarstufe I<\/li>\n<\/ul>\n\n\n\n<p><\/p>\n","protected":false},"excerpt":{"rendered":"<p>Die Sekundarstufe I der FFG Herzlich Willkommen in der Sekundarstufe I der Felix-Fechenbach Gesamtschule in Leopoldsh\u00f6he. Unter den Leitbildern: \u201eSoziales und selbstst\u00e4ndiges Lernen \u2013 Pers\u00f6nlichkeitsentwicklung \u2013 Erweiterung der Medienkompetenz\u2013 Berufs- und Lebensplanung\u201c lernen rund 850 Sch\u00fcler und Sch\u00fclerinnen in unserer f\u00fcnfz\u00fcgigen Sekundarstufe. In Kooperation mit den Erziehungsberechtigten und den Sch\u00fclern &hellip;<\/p>\n","protected":false},"author":9,"featured_media":0,"parent":0,"menu_order":0,"comment_status":"closed","ping_status":"closed","template":"","meta":{"footnotes":""},"class_list":["post-5601","page","type-page","status-publish","hentry"],"_links":{"self":[{"href":"https:\/\/ffgleo.de\/wp\/index.php?rest_route=\/wp\/v2\/pages\/5601","targetHints":{"allow":["GET"]}}],"collection":[{"href":"https:\/\/ffgleo.de\/wp\/index.php?rest_route=\/wp\/v2\/pages"}],"about":[{"href":"https:\/\/ffgleo.de\/wp\/index.php?rest_route=\/wp\/v2\/types\/page"}],"author":[{"embeddable":true,"href":"https:\/\/ffgleo.de\/wp\/index.php?rest_route=\/wp\/v2\/users\/9"}],"replies":[{"embeddable":true,"href":"https:\/\/ffgleo.de\/wp\/index.php?rest_route=%2Fwp%2Fv2%2Fcomments&post=5601"}],"version-history":[{"count":5,"href":"https:\/\/ffgleo.de\/wp\/index.php?rest_route=\/wp\/v2\/pages\/5601\/revisions"}],"predecessor-version":[{"id":8895,"href":"https:\/\/ffgleo.de\/wp\/index.php?rest_route=\/wp\/v2\/pages\/5601\/revisions\/8895"}],"wp:attachment":[{"href":"https:\/\/ffgleo.de\/wp\/index.php?rest_route=%2Fwp%2Fv2%2Fmedia&parent=5601"}],"curies":[{"name":"wp","href":"https:\/\/api.w.org\/{rel}","templated":true}]}}