{"id":9087,"date":"2023-12-08T10:04:18","date_gmt":"2023-12-08T09:04:18","guid":{"rendered":"https:\/\/ffgleo.de\/wp\/?page_id=9087"},"modified":"2024-10-04T12:49:19","modified_gmt":"2024-10-04T10:49:19","slug":"schulpflegschaft","status":"publish","type":"page","link":"https:\/\/ffgleo.de\/wp\/?page_id=9087","title":{"rendered":"Schulpflegschaft"},"content":{"rendered":"\n<figure class=\"wp-block-image size-full\"><img loading=\"lazy\" decoding=\"async\" width=\"1000\" height=\"250\" src=\"https:\/\/ffgleo.de\/wp\/wp-content\/uploads\/2024\/10\/Schulpflegschaft-1.png\" alt=\"\" class=\"wp-image-9801\" srcset=\"https:\/\/ffgleo.de\/wp\/wp-content\/uploads\/2024\/10\/Schulpflegschaft-1.png 1000w, https:\/\/ffgleo.de\/wp\/wp-content\/uploads\/2024\/10\/Schulpflegschaft-1-300x75.png 300w, https:\/\/ffgleo.de\/wp\/wp-content\/uploads\/2024\/10\/Schulpflegschaft-1-768x192.png 768w, https:\/\/ffgleo.de\/wp\/wp-content\/uploads\/2024\/10\/Schulpflegschaft-1-552x138.png 552w\" sizes=\"auto, (max-width: 1000px) 100vw, 1000px\" \/><\/figure>\n\n\n\n<p>Fragen und Mitteilungen an die Vorsitzenden der Schulpflegschaft sind unter folgenden Adresse m\u00f6glich: <img loading=\"lazy\" decoding=\"async\" width=\"200\" height=\"16\" class=\"wp-image-9090\" style=\"width: 200px;\" src=\"https:\/\/ffgleo.de\/wp\/wp-content\/uploads\/2023\/12\/mailschulpflegschaft.png\" alt=\"\"><\/p>\n\n\n\n<p>Mehr \u00fcber die Schulpflegschaft als Instrument der Elternmitwirkung erfahren Sie beim Landesinstitut f\u00fcr Schule NRW: <a href=\"https:\/\/elternmitwirkung.nrw.de\/gremienarbeit\/pflegschaften\/schulpflegschaft\" target=\"_blank\" rel=\"noreferrer noopener\">https:\/\/elternmitwirkung.nrw.de\/gremienarbeit\/pflegschaften\/schulpflegschaft<\/a><\/p>\n","protected":false},"excerpt":{"rendered":"<p>Fragen und Mitteilungen an die Vorsitzenden der Schulpflegschaft sind unter folgenden Adresse m\u00f6glich: Mehr \u00fcber die Schulpflegschaft als Instrument der Elternmitwirkung erfahren Sie beim Landesinstitut f\u00fcr Schule NRW: https:\/\/elternmitwirkung.nrw.de\/gremienarbeit\/pflegschaften\/schulpflegschaft<\/p>\n","protected":false},"author":7,"featured_media":0,"parent":0,"menu_order":0,"comment_status":"closed","ping_status":"closed","template":"","meta":{"footnotes":""},"class_list":["post-9087","page","type-page","status-publish","hentry"],"_links":{"self":[{"href":"https:\/\/ffgleo.de\/wp\/index.php?rest_route=\/wp\/v2\/pages\/9087","targetHints":{"allow":["GET"]}}],"collection":[{"href":"https:\/\/ffgleo.de\/wp\/index.php?rest_route=\/wp\/v2\/pages"}],"about":[{"href":"https:\/\/ffgleo.de\/wp\/index.php?rest_route=\/wp\/v2\/types\/page"}],"author":[{"embeddable":true,"href":"https:\/\/ffgleo.de\/wp\/index.php?rest_route=\/wp\/v2\/users\/7"}],"replies":[{"embeddable":true,"href":"https:\/\/ffgleo.de\/wp\/index.php?rest_route=%2Fwp%2Fv2%2Fcomments&post=9087"}],"version-history":[{"count":7,"href":"https:\/\/ffgleo.de\/wp\/index.php?rest_route=\/wp\/v2\/pages\/9087\/revisions"}],"predecessor-version":[{"id":9802,"href":"https:\/\/ffgleo.de\/wp\/index.php?rest_route=\/wp\/v2\/pages\/9087\/revisions\/9802"}],"wp:attachment":[{"href":"https:\/\/ffgleo.de\/wp\/index.php?rest_route=%2Fwp%2Fv2%2Fmedia&parent=9087"}],"curies":[{"name":"wp","href":"https:\/\/api.w.org\/{rel}","templated":true}]}}